{"id":575546,"date":"2025-10-10T12:34:58","date_gmt":"2025-10-10T09:34:58","guid":{"rendered":"https:\/\/nbg.eu\/product\/grips-kmr-l-dotmatrix-ergo-brass\/"},"modified":"2026-04-16T16:49:13","modified_gmt":"2026-04-16T13:49:13","slug":"kahvat-kmr-l-pistematriisi-ergo-messinki","status":"publish","type":"product","link":"https:\/\/nbg.eu\/fi\/tuote\/kahvat-kmr-l-pistematriisi-ergo-messinki\/","title":{"rendered":"KMR Kahvat L DotMatrix Ergo Messinki"},"content":{"rendered":"<h2>GRIPS KMR L DOTMATRIX ERGO MESSINKI<\/h2>\n<p>Messinkiset kahvat KMR Precision Armsilta antavat aseellesi modernin, erottuvan ulkon\u00e4\u00f6n ja lis\u00e4\u00e4v\u00e4t tasapainoista painoa parempaa hallintaa varten. Ergonomisesti muotoiltu DotMatrix Ergo -pintakuviointi tarjoaa tukevan ja mukavan otteen, mik\u00e4 parantaa vakautta jopa pitk\u00e4kestoisessa k\u00e4yt\u00f6ss\u00e4 tai vaativissa olosuhteissa. Tarkalla koneistuksella, suurella kest\u00e4vyydell\u00e4 ja hienostuneella suunnittelulla n\u00e4m\u00e4 kahvat ovat erinomainen valinta ampujille, jotka etsiv\u00e4t yhdistelm\u00e4\u00e4 toiminnallisuudesta, luotettavuudesta ja tyylist\u00e4.<\/p>\n<p>Merkki: KMR Precision Arms<br \/>\nAseita varten: KMR<br \/>\nYhteensopivuus: KMR L-02 UMBRA VUODESTA 2024<br \/>\nKahvan pituus: T\u00e4ysikokoinen &#8211; ei patroonatasku<br \/>\nPintakuviointi: Dotmatrix Ergo<br \/>\nMateriaali: Messinki<\/p>\n","protected":false},"excerpt":{"rendered":"<p>Messiset kahvat KMR \u2013 DotMatrix-ergomuoto. Ergonominen pinta tarjoaa tukevan ja miellytt\u00e4v\u00e4n otteen, tasapainoitettu paino parantaa hallintaa.<\/p>\n","protected":false},"featured_media":575572,"template":"","meta":{"_acf_changed":false},"product_brand":[11494],"product_cat":[13175,14875],"product_tag":[],"class_list":{"0":"post-575546","1":"product","2":"type-product","3":"status-publish","4":"has-post-thumbnail","6":"product_brand-kmr-precision","7":"product_cat-kmr-osat","8":"product_cat-pistol-grips-fi","10":"first","11":"instock","12":"taxable","13":"shipping-taxable","14":"purchasable","15":"product-type-simple"},"acf":[],"_links":{"self":[{"href":"https:\/\/nbg.eu\/fi\/wp-json\/wp\/v2\/product\/575546","targetHints":{"allow":["GET"]}}],"collection":[{"href":"https:\/\/nbg.eu\/fi\/wp-json\/wp\/v2\/product"}],"about":[{"href":"https:\/\/nbg.eu\/fi\/wp-json\/wp\/v2\/types\/product"}],"wp:featuredmedia":[{"embeddable":true,"href":"https:\/\/nbg.eu\/fi\/wp-json\/wp\/v2\/media\/575572"}],"wp:attachment":[{"href":"https:\/\/nbg.eu\/fi\/wp-json\/wp\/v2\/media?parent=575546"}],"wp:term":[{"taxonomy":"product_brand","embeddable":true,"href":"https:\/\/nbg.eu\/fi\/wp-json\/wp\/v2\/product_brand?post=575546"},{"taxonomy":"product_cat","embeddable":true,"href":"https:\/\/nbg.eu\/fi\/wp-json\/wp\/v2\/product_cat?post=575546"},{"taxonomy":"product_tag","embeddable":true,"href":"https:\/\/nbg.eu\/fi\/wp-json\/wp\/v2\/product_tag?post=575546"}],"curies":[{"name":"wp","href":"https:\/\/api.w.org\/{rel}","templated":true}]}}