{"id":575962,"date":"2025-10-10T12:35:14","date_gmt":"2025-10-10T09:35:14","guid":{"rendered":"https:\/\/nbg.eu\/product\/safety-set-kmr-lw-rf\/"},"modified":"2026-04-16T16:49:06","modified_gmt":"2026-04-16T13:49:06","slug":"safety-set-kmr-lw-rf","status":"publish","type":"product","link":"https:\/\/nbg.eu\/fi\/tuote\/safety-set-kmr-lw-rf\/","title":{"rendered":"KMR Varmistinsarja LW-RF"},"content":{"rendered":"<h2>TURVALLISUUSSARJA KMR LW-RF<\/h2>\n<p><strong>Viite:<\/strong> 0671-03002-0000<\/p>\n<p>Paranna KMR-aseesi turvallisuutta kattavalla TURVALLISUUSSARJA KMR LW-RF -paketilla. T\u00e4m\u00e4 olennainen sarja on suunniteltu takaamaan optimaalinen suoja ja toimivuus laajalle valikoimalle KMR-malleja, mukaan lukien:<\/p>\n<ul>\n<li>KMR L-02 ORCA (2024 ja uudemmat)<\/li>\n<li>KMR L-02 ORCA (2023 ja vanhemmat)<\/li>\n<li>KMR L-02 SPECTRA (2023 ja vanhemmat)<\/li>\n<li>KMR W-02 CUDA (2024 ja uudemmat)<\/li>\n<li>KMR W-02 CUDA (2023 ja vanhemmat)<\/li>\n<li>KMR W-02 UMBRA<\/li>\n<li>KMR W-02 UMBRA (OR)<\/li>\n<\/ul>\n<p>TURVALLISUUSSARJA KMR LW-RF on suunniteltu vastaamaan korkeimpia luotettavuuden ja suorituskyvyn standardeja. K\u00e4yt\u00e4t sitten uusinta ORCA-mallia tai klassista UMBRA-mallia, t\u00e4m\u00e4 monipuolinen turvallisuussarja varmistaa, ett\u00e4 aseesi toimii turvallisesti ja tehokkaasti. P\u00e4ivit\u00e4 KMR-aseesi t\u00e4ll\u00e4 pakollisella turvallisuuslis\u00e4varusteella.<\/p>\n","protected":false},"excerpt":{"rendered":"<p>Olennainen turvallisuussarja KMR-aseisiin, yhteensopiva useiden eri mallien kanssa<\/p>\n","protected":false},"featured_media":576028,"template":"","meta":{"_acf_changed":false},"product_brand":[],"product_cat":[13175],"product_tag":[],"class_list":{"0":"post-575962","1":"product","2":"type-product","3":"status-publish","4":"has-post-thumbnail","6":"product_cat-kmr-osat","8":"first","9":"outofstock","10":"taxable","11":"shipping-taxable","12":"purchasable","13":"product-type-simple"},"acf":[],"_links":{"self":[{"href":"https:\/\/nbg.eu\/fi\/wp-json\/wp\/v2\/product\/575962","targetHints":{"allow":["GET"]}}],"collection":[{"href":"https:\/\/nbg.eu\/fi\/wp-json\/wp\/v2\/product"}],"about":[{"href":"https:\/\/nbg.eu\/fi\/wp-json\/wp\/v2\/types\/product"}],"wp:featuredmedia":[{"embeddable":true,"href":"https:\/\/nbg.eu\/fi\/wp-json\/wp\/v2\/media\/576028"}],"wp:attachment":[{"href":"https:\/\/nbg.eu\/fi\/wp-json\/wp\/v2\/media?parent=575962"}],"wp:term":[{"taxonomy":"product_brand","embeddable":true,"href":"https:\/\/nbg.eu\/fi\/wp-json\/wp\/v2\/product_brand?post=575962"},{"taxonomy":"product_cat","embeddable":true,"href":"https:\/\/nbg.eu\/fi\/wp-json\/wp\/v2\/product_cat?post=575962"},{"taxonomy":"product_tag","embeddable":true,"href":"https:\/\/nbg.eu\/fi\/wp-json\/wp\/v2\/product_tag?post=575962"}],"curies":[{"name":"wp","href":"https:\/\/api.w.org\/{rel}","templated":true}]}}