{"id":581254,"date":"2025-10-10T18:09:52","date_gmt":"2025-10-10T15:09:52","guid":{"rendered":"https:\/\/nbg.eu\/product\/jack-556x45mm-223-rem-polymer\/"},"modified":"2026-01-21T11:38:18","modified_gmt":"2026-01-21T08:38:18","slug":"jack-556x45mm223-rem-polymeeri","status":"publish","type":"product","link":"https:\/\/nbg.eu\/fi\/tuote\/jack-556x45mm223-rem-polymeeri\/","title":{"rendered":"Jack 5,56x45mm\/.223 REM Polymeeri"},"content":{"rendered":"<div class=\"product-description\">\n<h2>Jack 5,56x45mm\/.223 REM Polymeeri<\/h2>\n<p>Jack 5,56x45mm\/.223 REM Polymeeri on nykyaikainen kiv\u00e4\u00e4ri, joka yhdist\u00e4\u00e4 tarkan suunnittelun, kehittyneet materiaalit ja ergonomisen muotoilun.<\/p>\n<h2>Ominaisuudet:<\/h2>\n<ul>\n<li>Kaliiperi: 5.56x45mm \/.223 Rem<\/li>\n<li>Piipun pituus: 415mm<\/li>\n<li>Rihlan nousu: 1:8<\/li>\n<li>Piipun suun kierre: 14\u00d71 vasen<\/li>\n<li>Paino tyhj\u00e4n\u00e4: 3.1kg<\/li>\n<li>Luodin l\u00e4ht\u00f6nopeus: 920 m\/s<\/li>\n<li>Toiminta: Kiertolukkoinen lukko<\/li>\n<li>Tyyppi: Itselataava kertatuli<\/li>\n<\/ul>\n<h2>Suunnittelu:<\/h2>\n<ul>\n<li>Jyrsitty sivukisko optiikkaa varten<\/li>\n<li>Niitattu kisko lukon pes\u00e4ss\u00e4<\/li>\n<li>Polymeerinen runko<\/li>\n<li>Ergonominen polymeeritukki<\/li>\n<li>Kaasuputken polymeerip\u00e4\u00e4llyste<\/li>\n<li>Suurennettu varmistinkytkin<\/li>\n<li>Suurennettu lippaanvapautin<\/li>\n<li>Alakisko (lohenpyrst\u00f6) lis\u00e4varusteille<\/li>\n<\/ul>\n<p>Jack 5,56x45mm\/.223 REM Polymeeri on luotettava ja tarkka nykyaikainen kiv\u00e4\u00e4ri.<\/p>\n<\/div>\n","protected":false},"excerpt":{"rendered":"<p>Kompakti, kevyt 5,56 mm:n kiv\u00e4\u00e4ri muoviosin. Puoliautomaattinen. Muokattavissa optiikkakiskolla.<\/p>\n","protected":false},"featured_media":581296,"template":"","meta":{"_acf_changed":false},"product_brand":[14655],"product_cat":[13157,13225,15803],"product_tag":[],"class_list":{"0":"post-581254","1":"product","2":"type-product","3":"status-publish","4":"has-post-thumbnail","6":"product_brand-wbp-rogow","7":"product_cat-karbiinit","8":"product_cat-kivaeaeri","9":"product_cat-semi-automatic-rifles-fi","11":"first","12":"instock","13":"taxable","14":"shipping-taxable","15":"product-type-simple"},"acf":[],"_links":{"self":[{"href":"https:\/\/nbg.eu\/fi\/wp-json\/wp\/v2\/product\/581254","targetHints":{"allow":["GET"]}}],"collection":[{"href":"https:\/\/nbg.eu\/fi\/wp-json\/wp\/v2\/product"}],"about":[{"href":"https:\/\/nbg.eu\/fi\/wp-json\/wp\/v2\/types\/product"}],"wp:featuredmedia":[{"embeddable":true,"href":"https:\/\/nbg.eu\/fi\/wp-json\/wp\/v2\/media\/581296"}],"wp:attachment":[{"href":"https:\/\/nbg.eu\/fi\/wp-json\/wp\/v2\/media?parent=581254"}],"wp:term":[{"taxonomy":"product_brand","embeddable":true,"href":"https:\/\/nbg.eu\/fi\/wp-json\/wp\/v2\/product_brand?post=581254"},{"taxonomy":"product_cat","embeddable":true,"href":"https:\/\/nbg.eu\/fi\/wp-json\/wp\/v2\/product_cat?post=581254"},{"taxonomy":"product_tag","embeddable":true,"href":"https:\/\/nbg.eu\/fi\/wp-json\/wp\/v2\/product_tag?post=581254"}],"curies":[{"name":"wp","href":"https:\/\/api.w.org\/{rel}","templated":true}]}}