{"id":582857,"date":"2025-10-10T12:39:54","date_gmt":"2025-10-10T09:39:54","guid":{"rendered":"https:\/\/nbg.eu\/product\/barwarus-muzzle-break-bulldog-m24x1-5rh-black\/"},"modified":"2026-01-21T11:34:38","modified_gmt":"2026-01-21T08:34:38","slug":"barwarus-muzzle-break-bulldog-m24x1-5rh-black","status":"publish","type":"product","link":"https:\/\/nbg.eu\/fi\/tuote\/barwarus-muzzle-break-bulldog-m24x1-5rh-black\/","title":{"rendered":"BARWARUS MUZZLE BREAK BULLDOG M24X1.5RH BLACK"},"content":{"rendered":"<div class=\"product-description\">\n<h1>BARWARUS Bulldog 021 Ter\u00e4s M24x1.5 RH Ven\u00e4l\u00e4inen Kompensaattori<\/h1>\n<p>BARWARUS Bulldog suujarrun versio II, suunniteltu 5.45 ja 7.62 kaliiperin kiv\u00e4\u00e4reille. T\u00e4m\u00e4 kompensaattori on valmistettu lujasta ter\u00e4ksest\u00e4 ja siin\u00e4 on musta suojapinnoite.<\/p>\n<h2>Ominaisuudet:<\/h2>\n<ul>\n<li>M24x1.5 RH (oikeak\u00e4tinen) ulkoinen kierre<\/li>\n<li>Suunniteltu v\u00e4hent\u00e4m\u00e4\u00e4n rekyyli\u00e4<\/li>\n<li>Valmistettu lujasta ter\u00e4ksest\u00e4<\/li>\n<li>Musta suojapinnoite<\/li>\n<\/ul>\n<p>BARWARUS Bulldog 021 kompensaattori v\u00e4hent\u00e4\u00e4 rekyyli\u00e4, mik\u00e4 mahdollistaa nopeammat seurantalaukaukset ja parantaa tarkkuutta. Sen rakenne kest\u00e4\u00e4 erilaisia ammuntaolosuhteita.<\/p>\n<p>BARWARUS Bulldog 021 voi parantaa kiv\u00e4\u00e4rin tarkkuutta ja hallintaa.<\/p>\n<\/div>\n","protected":false},"excerpt":{"rendered":"<p>Ter\u00e4ksinen suujarru kiv\u00e4\u00e4reille. V\u00e4hent\u00e4\u00e4 rekyyli\u00e4. M24x1.5 RH-kierre.<\/p>\n","protected":false},"featured_media":582883,"template":"","meta":{"_acf_changed":false},"product_brand":[],"product_cat":[13241],"product_tag":[],"class_list":{"0":"post-582857","1":"product","2":"type-product","3":"status-publish","4":"has-post-thumbnail","6":"product_cat-luokittelematon","8":"first","9":"outofstock","10":"taxable","11":"shipping-taxable","12":"purchasable","13":"product-type-simple"},"acf":[],"_links":{"self":[{"href":"https:\/\/nbg.eu\/fi\/wp-json\/wp\/v2\/product\/582857","targetHints":{"allow":["GET"]}}],"collection":[{"href":"https:\/\/nbg.eu\/fi\/wp-json\/wp\/v2\/product"}],"about":[{"href":"https:\/\/nbg.eu\/fi\/wp-json\/wp\/v2\/types\/product"}],"wp:featuredmedia":[{"embeddable":true,"href":"https:\/\/nbg.eu\/fi\/wp-json\/wp\/v2\/media\/582883"}],"wp:attachment":[{"href":"https:\/\/nbg.eu\/fi\/wp-json\/wp\/v2\/media?parent=582857"}],"wp:term":[{"taxonomy":"product_brand","embeddable":true,"href":"https:\/\/nbg.eu\/fi\/wp-json\/wp\/v2\/product_brand?post=582857"},{"taxonomy":"product_cat","embeddable":true,"href":"https:\/\/nbg.eu\/fi\/wp-json\/wp\/v2\/product_cat?post=582857"},{"taxonomy":"product_tag","embeddable":true,"href":"https:\/\/nbg.eu\/fi\/wp-json\/wp\/v2\/product_tag?post=582857"}],"curies":[{"name":"wp","href":"https:\/\/api.w.org\/{rel}","templated":true}]}}