{"id":583023,"date":"2025-10-08T23:36:42","date_gmt":"2025-10-08T20:36:42","guid":{"rendered":"https:\/\/nbg.eu\/product\/utg-pro-m-lok-light-mount-for-mp5\/"},"modified":"2026-02-27T15:51:16","modified_gmt":"2026-02-27T12:51:16","slug":"utg-pro-m-lok-light-mount-for-mp5","status":"publish","type":"product","link":"https:\/\/nbg.eu\/fi\/tuote\/utg-pro-m-lok-light-mount-for-mp5\/","title":{"rendered":"UTG PRO\u00ae M-LOK\u00ae Light Mount, for MP5\u00ae"},"content":{"rendered":"<div class=\"product-description\">\n<h1>UTG PRO\u00ae M-LOK\u00ae Valokiinnike MP5\u00ae:lle<\/h1>\n<p><strong>Tuotekoodi:<\/strong> MTU058SSM<\/p>\n<p>UTG PRO\u00ae M-LOK\u00ae Valokiinnike MP5\u00ae-tyyppisille pistooleille tai kiv\u00e4\u00e4reille. T\u00e4m\u00e4 lis\u00e4varuste kiinnittyy etut\u00e4ht\u00e4imeen h\u00e4iritsem\u00e4tt\u00e4 k\u00e4densuojia tai etutukia, tarjoten alustan valoille, painekytkimille ja muille lis\u00e4varusteille.<\/p>\n<h2>Ominaisuudet:<\/h2>\n<ul>\n<li>Suunniteltu ja valmistettu Yhdysvalloissa<\/li>\n<li>Kevyt, musta anodisoitu alumiinirakenne<\/li>\n<li>M-LOK\u00ae-kiinnityspaikat klo 11, 12 ja 1 asennoissa<\/li>\n<li>Yhteensopiva MP5-tyyppisten pistoolien ja kiv\u00e4\u00e4rien kanssa (ei K-mallin rungoille)<\/li>\n<li>Kiinnittyy etut\u00e4ht\u00e4imeen<\/li>\n<\/ul>\n<p>MP5\u00ae:n valokiinnike.<\/p>\n<\/div>\n","protected":false},"excerpt":{"rendered":"<p>Yhdysvalloissa valmistettu MP5\u00ae-valokiinnike. M-LOK\u00ae-kiinnitysurat, tukeva istuvuus, monipuolinen.<\/p>\n","protected":false},"featured_media":583067,"template":"","meta":{"_acf_changed":false},"product_brand":[14411],"product_cat":[14969,369],"product_tag":[],"class_list":{"0":"post-583023","1":"product","2":"type-product","3":"status-publish","4":"has-post-thumbnail","6":"product_brand-leapers-inc","7":"product_cat-m-lok-rail-systems-fi","8":"product_cat-uncategorized","10":"first","11":"instock","12":"taxable","13":"shipping-taxable","14":"purchasable","15":"product-type-simple"},"acf":[],"_links":{"self":[{"href":"https:\/\/nbg.eu\/fi\/wp-json\/wp\/v2\/product\/583023","targetHints":{"allow":["GET"]}}],"collection":[{"href":"https:\/\/nbg.eu\/fi\/wp-json\/wp\/v2\/product"}],"about":[{"href":"https:\/\/nbg.eu\/fi\/wp-json\/wp\/v2\/types\/product"}],"wp:featuredmedia":[{"embeddable":true,"href":"https:\/\/nbg.eu\/fi\/wp-json\/wp\/v2\/media\/583067"}],"wp:attachment":[{"href":"https:\/\/nbg.eu\/fi\/wp-json\/wp\/v2\/media?parent=583023"}],"wp:term":[{"taxonomy":"product_brand","embeddable":true,"href":"https:\/\/nbg.eu\/fi\/wp-json\/wp\/v2\/product_brand?post=583023"},{"taxonomy":"product_cat","embeddable":true,"href":"https:\/\/nbg.eu\/fi\/wp-json\/wp\/v2\/product_cat?post=583023"},{"taxonomy":"product_tag","embeddable":true,"href":"https:\/\/nbg.eu\/fi\/wp-json\/wp\/v2\/product_tag?post=583023"}],"curies":[{"name":"wp","href":"https:\/\/api.w.org\/{rel}","templated":true}]}}