{"id":58364,"date":"2024-02-17T21:23:00","date_gmt":"2024-02-17T18:23:00","guid":{"rendered":"https:\/\/nbg.eu\/product\/magazine-well-reaction-block-geissele-vise-block\/"},"modified":"2026-04-22T11:41:29","modified_gmt":"2026-04-22T08:41:29","slug":"magazine-well-reaction-block-geissele-vise-block","status":"publish","type":"product","link":"https:\/\/nbg.eu\/fi\/tuote\/magazine-well-reaction-block-geissele-vise-block\/","title":{"rendered":"Geissele Ruuvipenkkituki Vise Block"},"content":{"rendered":"<p><strong>Geissele Automatics -lipaskaivon ruuvipenkki<\/strong> on ty\u00f6kalu AR15\/M4- ja AR10\/SR25-vastaanottimille. T\u00e4m\u00e4 Yhdysvalloissa valmistettu laite tarjoaa:<\/p>\n<ul>\n<li>Vakaan alustan alavastaanottimen toiminnoille<\/li>\n<li>MLOK-mutterien helpon asennuksen<\/li>\n<li>Yksinkertaistetun puskuriputken kokoonpanon<\/li>\n<li>Mahdollisuuden ty\u00f6skennell\u00e4 k\u00e4det vapaina<\/li>\n<\/ul>\n<p>Kiinnit\u00e4 se ty\u00f6p\u00f6yt\u00e4\u00e4si asesep\u00e4n t\u00f6it\u00e4 varten.<\/p>\n","protected":false},"excerpt":{"rendered":"<p>Turvallinen AR15\/M4\/AR10\/SR25-alaosa k\u00e4sitt\u00f6m\u00e4\u00e4n ty\u00f6skentelyyn. Valmistettu Yhdysvalloissa.<\/p>\n","protected":false},"featured_media":58365,"template":"","meta":{"_acf_changed":false},"product_brand":[11378],"product_cat":[13205],"product_tag":[],"class_list":{"0":"post-58364","1":"product","2":"type-product","3":"status-publish","4":"has-post-thumbnail","6":"product_brand-geissele","7":"product_cat-tyoekalut","9":"first","10":"outofstock","11":"taxable","12":"shipping-taxable","13":"product-type-simple"},"acf":[],"_links":{"self":[{"href":"https:\/\/nbg.eu\/fi\/wp-json\/wp\/v2\/product\/58364","targetHints":{"allow":["GET"]}}],"collection":[{"href":"https:\/\/nbg.eu\/fi\/wp-json\/wp\/v2\/product"}],"about":[{"href":"https:\/\/nbg.eu\/fi\/wp-json\/wp\/v2\/types\/product"}],"wp:featuredmedia":[{"embeddable":true,"href":"https:\/\/nbg.eu\/fi\/wp-json\/wp\/v2\/media\/58365"}],"wp:attachment":[{"href":"https:\/\/nbg.eu\/fi\/wp-json\/wp\/v2\/media?parent=58364"}],"wp:term":[{"taxonomy":"product_brand","embeddable":true,"href":"https:\/\/nbg.eu\/fi\/wp-json\/wp\/v2\/product_brand?post=58364"},{"taxonomy":"product_cat","embeddable":true,"href":"https:\/\/nbg.eu\/fi\/wp-json\/wp\/v2\/product_cat?post=58364"},{"taxonomy":"product_tag","embeddable":true,"href":"https:\/\/nbg.eu\/fi\/wp-json\/wp\/v2\/product_tag?post=58364"}],"curies":[{"name":"wp","href":"https:\/\/api.w.org\/{rel}","templated":true}]}}