{"id":583701,"date":"2025-10-10T23:40:13","date_gmt":"2025-10-10T20:40:13","guid":{"rendered":"https:\/\/nbg.eu\/product\/dillon-4-pack-primer-pickup-tubes-small-primer\/"},"modified":"2026-01-21T11:39:14","modified_gmt":"2026-01-21T08:39:14","slug":"dillon-4-pakkaus-nallitankkoja-pieni-nalli","status":"publish","type":"product","link":"https:\/\/nbg.eu\/fi\/tuote\/dillon-4-pakkaus-nallitankkoja-pieni-nalli\/","title":{"rendered":"Dillon 4-pakkaus Nallitankkoja &#8211; Pieni Nalli"},"content":{"rendered":"<div class=\"product-description\">\n<h2>Dillon 4 kpl:n nallien poimintaputkisarja &#8211; Pienille nalleille<\/h2>\n<p>Dillon 4 kpl:n nallien poimintaputkisarja pienille nalleille. N\u00e4m\u00e4 tarvikkeet on suunniteltu nopeuttamaan latausprosessia.<\/p>\n<ul>\n<li>4 kpl:n sarja poimintaputkia pienille nalleille<\/li>\n<li>Putket voidaan esit\u00e4ytt\u00e4\u00e4 latauksen nopeuttamiseksi<\/li>\n<li>Yhteensopiva Dillon-latauspr\u00e4ssien kanssa<\/li>\n<li>Parantaa tuottavuutta ja s\u00e4\u00e4st\u00e4\u00e4 aikaa<\/li>\n<\/ul>\n<p>Pid\u00e4 putket t\u00e4ytettyin\u00e4 jatkuvaa latausta varten. Sopii kilpa-ampujille ja suurten m\u00e4\u00e4rien lataajille.<\/p>\n<\/div>\n","protected":false},"excerpt":{"rendered":"<p>4 pient\u00e4 nallikanavan ker\u00e4ysputkea nopeaan ja tehokkaaseen lataamiseen.<\/p>\n","protected":false},"featured_media":583733,"template":"","meta":{"_acf_changed":false},"product_brand":[14334],"product_cat":[13200,13211],"product_tag":[],"class_list":{"0":"post-583701","1":"product","2":"type-product","3":"status-publish","4":"has-post-thumbnail","6":"product_brand-dillon-precision","7":"product_cat-latauksen-lisaevarusteet","8":"product_cat-lataustarvikkeet","10":"first","11":"outofstock","12":"taxable","13":"shipping-taxable","14":"purchasable","15":"product-type-simple"},"acf":[],"_links":{"self":[{"href":"https:\/\/nbg.eu\/fi\/wp-json\/wp\/v2\/product\/583701","targetHints":{"allow":["GET"]}}],"collection":[{"href":"https:\/\/nbg.eu\/fi\/wp-json\/wp\/v2\/product"}],"about":[{"href":"https:\/\/nbg.eu\/fi\/wp-json\/wp\/v2\/types\/product"}],"wp:featuredmedia":[{"embeddable":true,"href":"https:\/\/nbg.eu\/fi\/wp-json\/wp\/v2\/media\/583733"}],"wp:attachment":[{"href":"https:\/\/nbg.eu\/fi\/wp-json\/wp\/v2\/media?parent=583701"}],"wp:term":[{"taxonomy":"product_brand","embeddable":true,"href":"https:\/\/nbg.eu\/fi\/wp-json\/wp\/v2\/product_brand?post=583701"},{"taxonomy":"product_cat","embeddable":true,"href":"https:\/\/nbg.eu\/fi\/wp-json\/wp\/v2\/product_cat?post=583701"},{"taxonomy":"product_tag","embeddable":true,"href":"https:\/\/nbg.eu\/fi\/wp-json\/wp\/v2\/product_tag?post=583701"}],"curies":[{"name":"wp","href":"https:\/\/api.w.org\/{rel}","templated":true}]}}