{"id":595925,"date":"2025-10-17T16:20:30","date_gmt":"2025-10-17T13:20:30","guid":{"rendered":"https:\/\/nbg.eu\/product\/holster-rhh-190-ho-aiwb-crocy\/"},"modified":"2026-01-21T12:31:23","modified_gmt":"2026-01-21T09:31:23","slug":"holster-rhh-190-ho-aiwb-crocy","status":"publish","type":"product","link":"https:\/\/nbg.eu\/fi\/tuote\/holster-rhh-190-ho-aiwb-crocy\/","title":{"rendered":"Holster RHH 190-HO AIWB Crocy"},"content":{"rendered":"<div class=\"product-description\">\n<h2>Kotelo RHH 190-HO AIWB Crocy<\/h2>\n<p>Kotelo RHH 190-HO AIWB Crocy on suunniteltu piilokantoon. Se on tarkoitettu kannettavaksi vy\u00f6t\u00e4r\u00f6n sis\u00e4puolella etupuolella (AIWB).<\/p>\n<ul>\n<li>Valmistettu Kydex-materiaalista kest\u00e4vyyden vuoksi<\/li>\n<li>Muotoiltu sopimaan tietylle asemallille<\/li>\n<li>S\u00e4\u00e4dett\u00e4v\u00e4 pito<\/li>\n<li>Hikilista suojaa asetta kosteudelta ja ihoa \u00e4rsytykselt\u00e4<\/li>\n<li>Kiinnitysklipsi mahdollistaa piilottamisen paidan alle<\/li>\n<li>Saatavilla oikeak\u00e4tiseen vetoon<\/li>\n<\/ul>\n<p>Kotelo RHH 190-HO AIWB Crocy tarjoaa mukavuutta, piilotettavuutta ja helpon k\u00e4ytett\u00e4vyyden.<\/p>\n<\/div>\n","protected":false},"excerpt":{"rendered":"<p>Turvallinen AIWB-kotelo piiloaseen kantamiseen. Kest\u00e4v\u00e4, mukava istuvuus.<\/p>\n","protected":false},"featured_media":596038,"template":"","meta":{"_acf_changed":false},"product_brand":[11633],"product_cat":[13231,13198],"product_tag":[],"class_list":{"0":"post-595925","1":"product","2":"type-product","3":"status-publish","4":"has-post-thumbnail","6":"product_brand-rh-holsters","7":"product_cat-kotelo","8":"product_cat-taktinen-kotelo","10":"first","11":"instock","12":"taxable","13":"shipping-taxable","14":"purchasable","15":"product-type-variable","16":"wvs-archive-product-wrapper"},"acf":[],"_links":{"self":[{"href":"https:\/\/nbg.eu\/fi\/wp-json\/wp\/v2\/product\/595925","targetHints":{"allow":["GET"]}}],"collection":[{"href":"https:\/\/nbg.eu\/fi\/wp-json\/wp\/v2\/product"}],"about":[{"href":"https:\/\/nbg.eu\/fi\/wp-json\/wp\/v2\/types\/product"}],"wp:featuredmedia":[{"embeddable":true,"href":"https:\/\/nbg.eu\/fi\/wp-json\/wp\/v2\/media\/596038"}],"wp:attachment":[{"href":"https:\/\/nbg.eu\/fi\/wp-json\/wp\/v2\/media?parent=595925"}],"wp:term":[{"taxonomy":"product_brand","embeddable":true,"href":"https:\/\/nbg.eu\/fi\/wp-json\/wp\/v2\/product_brand?post=595925"},{"taxonomy":"product_cat","embeddable":true,"href":"https:\/\/nbg.eu\/fi\/wp-json\/wp\/v2\/product_cat?post=595925"},{"taxonomy":"product_tag","embeddable":true,"href":"https:\/\/nbg.eu\/fi\/wp-json\/wp\/v2\/product_tag?post=595925"}],"curies":[{"name":"wp","href":"https:\/\/api.w.org\/{rel}","templated":true}]}}