{"id":60216,"date":"2024-02-15T10:27:09","date_gmt":"2024-02-15T07:27:09","guid":{"rendered":"https:\/\/nbg.eu\/product\/geissele-super-charging-handle-sch-5-56\/"},"modified":"2026-04-22T11:51:16","modified_gmt":"2026-04-22T08:51:16","slug":"geissele-super-latausvipu-sch-556","status":"publish","type":"product","link":"https:\/\/nbg.eu\/fi\/tuote\/geissele-super-latausvipu-sch-556\/","title":{"rendered":"Geissele Latausvipu (SCH) 5.56"},"content":{"rendered":"<div class=\"product-description\">\n<h2>Geissele Super Charging Handle (SCH\u00ae) 5.56<\/h2>\n<p>7075-T6 alumiinista koneistettu molemminpuolinen virityskahva sis\u00e4lt\u00e4\u00e4:<\/p>\n<ul>\n<li>Kaksoismuotoillut vivut karhennetulla otepinnalla<\/li>\n<li>Parannettu kaasunpoisto \u00e4\u00e4nenvaimentimella varustetuille j\u00e4rjestelmille<\/li>\n<li>Tyyppi 3 anodisoitu pinta<\/li>\n<li>Saatavana mustana ja DDC-v\u00e4risen\u00e4<\/li>\n<\/ul>\n<p>Parantaa AR-15:n ergonomiaa ja kest\u00e4vyytt\u00e4.<\/p>\n<\/div>\n","protected":false},"excerpt":{"rendered":"<p>Molemmille k\u00e4sille sopiva 7075-T6 alumiininen latausvipu. Kaasua v\u00e4hent\u00e4v\u00e4 muotoilu.<\/p>\n","protected":false},"featured_media":60217,"template":"","meta":{"_acf_changed":false},"product_brand":[11378],"product_cat":[13225,13186,14674],"product_tag":[],"class_list":{"0":"post-60216","1":"product","2":"type-product","3":"status-publish","4":"has-post-thumbnail","6":"product_brand-geissele","7":"product_cat-kivaeaeri","8":"product_cat-kivaeaerin-viritys","9":"product_cat-latauskahvat","11":"first","12":"instock","13":"taxable","14":"shipping-taxable","15":"product-type-variable","16":"wvs-archive-product-wrapper"},"acf":[],"_links":{"self":[{"href":"https:\/\/nbg.eu\/fi\/wp-json\/wp\/v2\/product\/60216","targetHints":{"allow":["GET"]}}],"collection":[{"href":"https:\/\/nbg.eu\/fi\/wp-json\/wp\/v2\/product"}],"about":[{"href":"https:\/\/nbg.eu\/fi\/wp-json\/wp\/v2\/types\/product"}],"wp:featuredmedia":[{"embeddable":true,"href":"https:\/\/nbg.eu\/fi\/wp-json\/wp\/v2\/media\/60217"}],"wp:attachment":[{"href":"https:\/\/nbg.eu\/fi\/wp-json\/wp\/v2\/media?parent=60216"}],"wp:term":[{"taxonomy":"product_brand","embeddable":true,"href":"https:\/\/nbg.eu\/fi\/wp-json\/wp\/v2\/product_brand?post=60216"},{"taxonomy":"product_cat","embeddable":true,"href":"https:\/\/nbg.eu\/fi\/wp-json\/wp\/v2\/product_cat?post=60216"},{"taxonomy":"product_tag","embeddable":true,"href":"https:\/\/nbg.eu\/fi\/wp-json\/wp\/v2\/product_tag?post=60216"}],"curies":[{"name":"wp","href":"https:\/\/api.w.org\/{rel}","templated":true}]}}