{"id":65324,"date":"2024-09-19T17:15:31","date_gmt":"2024-09-19T14:15:31","guid":{"rendered":"https:\/\/nbg.eu\/?post_type=product&#038;p=65324"},"modified":"2026-01-21T12:23:45","modified_gmt":"2026-01-21T09:23:45","slug":"rh-owb-classics-kotelo","status":"publish","type":"product","link":"https:\/\/nbg.eu\/fi\/tuote\/rh-owb-classics-kotelo\/","title":{"rendered":"RH OWB Classics Kotelo"},"content":{"rendered":"<div class=\"product-description\">\n<h2>RH OWB Classics -kotelo<\/h2>\n<p>RH OWB Classics -kotelo on nahasta valmistettu vy\u00f6n ulkopuolella kannettava asekotelo. Se tarjoaa seuraavat ominaisuudet:<\/p>\n<ul>\n<li>Kest\u00e4v\u00e4 rakenne<\/li>\n<li>Mukava istuvuus<\/li>\n<li>Turvallinen kiinnitys aseelle<\/li>\n<li>Nopea vetomahdollisuus<\/li>\n<li>Perinteinen muotoilu<\/li>\n<\/ul>\n<p>Saatavilla useille suosituille k\u00e4siasemaleille. Soveltuu piilotettuun kantamiseen, ampumaradalle tai avoimeen kantamiseen.<\/p>\n<\/div>\n","protected":false},"excerpt":{"rendered":"<p>Turvallinen, mukava vy\u00f6ll\u00e4 kannettava kotelo klassisille tuliaseille. Kest\u00e4v\u00e4 rakenne.<\/p>\n","protected":false},"featured_media":65448,"template":"","meta":{"_acf_changed":false},"product_brand":[11633],"product_cat":[13231,13198,13212],"product_tag":[],"class_list":{"0":"post-65324","1":"product","2":"type-product","3":"status-publish","4":"has-post-thumbnail","6":"product_brand-rh-holsters","7":"product_cat-kotelo","8":"product_cat-taktinen-kotelo","9":"product_cat-urheilukotelot","11":"first","12":"instock","13":"taxable","14":"shipping-taxable","15":"purchasable","16":"product-type-variable","17":"wvs-archive-product-wrapper"},"acf":[],"_links":{"self":[{"href":"https:\/\/nbg.eu\/fi\/wp-json\/wp\/v2\/product\/65324","targetHints":{"allow":["GET"]}}],"collection":[{"href":"https:\/\/nbg.eu\/fi\/wp-json\/wp\/v2\/product"}],"about":[{"href":"https:\/\/nbg.eu\/fi\/wp-json\/wp\/v2\/types\/product"}],"wp:featuredmedia":[{"embeddable":true,"href":"https:\/\/nbg.eu\/fi\/wp-json\/wp\/v2\/media\/65448"}],"wp:attachment":[{"href":"https:\/\/nbg.eu\/fi\/wp-json\/wp\/v2\/media?parent=65324"}],"wp:term":[{"taxonomy":"product_brand","embeddable":true,"href":"https:\/\/nbg.eu\/fi\/wp-json\/wp\/v2\/product_brand?post=65324"},{"taxonomy":"product_cat","embeddable":true,"href":"https:\/\/nbg.eu\/fi\/wp-json\/wp\/v2\/product_cat?post=65324"},{"taxonomy":"product_tag","embeddable":true,"href":"https:\/\/nbg.eu\/fi\/wp-json\/wp\/v2\/product_tag?post=65324"}],"curies":[{"name":"wp","href":"https:\/\/api.w.org\/{rel}","templated":true}]}}