{"id":672196,"date":"2025-11-17T17:17:59","date_gmt":"2025-11-17T14:17:59","guid":{"rendered":"https:\/\/nbg.eu\/product\/lampokamera-nocpix-vista-s50r-jossa-on-lrf-1280x1024-ja-15mk-netd\/"},"modified":"2026-04-14T15:55:07","modified_gmt":"2026-04-14T12:55:07","slug":"lampokamera-nocpix-vista-s50r-jossa-on-lrf-1280x1024-ja-15mk-netd","status":"publish","type":"product","link":"https:\/\/nbg.eu\/fi\/tuote\/lampokamera-nocpix-vista-s50r-jossa-on-lrf-1280x1024-ja-15mk-netd\/","title":{"rendered":"Nocpix L\u00e4mp\u00f6kamera VISTA S50R LRF"},"content":{"rendered":"<h2>Nocpix VISTA S50R L\u00e4mp\u00f6kamera, jossa on LRF 1280&#215;1024 \u226415mK NETD<\/h2>\n<p>Vistan Vision+ -j\u00e4rjestelm\u00e4, jossa on 2560\u00d72560 AMOLED-n\u00e4ytt\u00f6 ja 8 mm:n pupillin halkaisija, tarjoaa immersiivisen katselukokemuksen. Varustettu paremmalla anturilla ja integroidulla LRF:ll\u00e4, Vista tarjoaa alan korkeimman suorituskyvyn. Helppok\u00e4ytt\u00f6inen muotoilu ja parannettu akkuratkaisu tekev\u00e4t siit\u00e4 ihanteellisen kumppanin ulkona tapahtuviin haasteisiin.<\/p>\n<h2>Vision+ -j\u00e4rjestelm\u00e4: Immersiivinen n\u00e4kym\u00e4<\/h2>\n<p>Py\u00f6re\u00e4 AMOLED 2560\u00d72560 -n\u00e4ytt\u00f6 optimoi tilank\u00e4ytt\u00f6\u00e4 ja tarjoaa eloisia n\u00e4kymi\u00e4. 8 mm:n pupillin halkaisijalla ja Pure Vision -tilalla Vista tarjoaa miellytt\u00e4v\u00e4n ja immersiivisen katselukokemuksen.<\/p>\n<h2>Laadukas anturi: Ensiluokkainen kuvanlaatu<\/h2>\n<p>Oma kehitt\u00e4m\u00e4mme NETD \u226415mk 1280\u00d71024@12\u03bcm -anturi takaa korkealaatuiset kuvat ja vakaan suorituskyvyn. El\u00e4inten \u00e4\u00e4riviivat, anatomia ja k\u00e4ytt\u00e4ytymispiirteet ovat helposti erotettavissa.<\/p>\n<h2>Integroitu LRF: Tarkkuutta ja kannettavuutta<\/h2>\n<p>Integroitu 2-in-1 et\u00e4isyysmittari (LRF 1200 m) yhdist\u00e4\u00e4 estetiikan ja todellisen optisen akselin kohdistuksen. T\u00e4m\u00e4 kevyt ja kompakti muotoilu varmistaa minimaalisen linssin k\u00e4yt\u00f6n ja erinomaisen kuvanlaadun.<\/p>\n<h2>60 Hz:n kuvanopeus: Saumaton liikkeen tallennus<\/h2>\n<p>60 Hz:n detektorilla varustettu Vista tarjoaa erinomaisen sujuvuuden, mik\u00e4 mahdollistaa liikkuvien el\u00e4inten ja nopeatempoisten kohteiden tarkan tallentamisen. T\u00e4m\u00e4 merkitt\u00e4v\u00e4 p\u00e4ivitys 50 Hz:st\u00e4 tarjoaa sujuvampia ja tarkempia visualisointeja.<\/p>\n<h2>F0.9-linssi: Parantunut valon talteenotto<\/h2>\n<p>F0.9-linssi on suunniteltu parantamaan valon vastaanottoa 20 %, mik\u00e4 merkitt\u00e4v\u00e4sti lis\u00e4\u00e4 kirkkautta ja kuvanlaatua verrattuna perinteisiin F1.0-linsseihin. T\u00e4m\u00e4 edistysaskel varmistaa, ett\u00e4 jokainen yksityiskohta on loistavan kirkas, tehden Vistasta ihanteellisen kumppanin y\u00f6aikaisiin havaintoihin.<\/p>\n<h2>Joustava lataaminen: Vaihdettavat akut pidennetty\u00e4 k\u00e4ytt\u00f6\u00e4 varten<\/h2>\n<p>Vistassa on kaksi lataamisvaihtoehtoa: vaihdettavat IBP-7\/4400 mAh -akut, jotka on helppo vaihtaa, tai suora lataaminen sis\u00e4\u00e4nrakennetun portin kautta. T\u00e4m\u00e4 varmistaa jatkuvan toiminnan, jotta voit keskitty\u00e4 mets\u00e4stykseen ilman akkuongelmia.<\/p>\n<h2>Laaja katselukulma: Parantunut ymp\u00e4rist\u00f6n havainnointi<\/h2>\n<p>Ylivertaisella 2-kertaisella perusmuurilla ja laajalla katselukulmalla varustettu Vista S50R tarjoaa erinomaisen n\u00e4kym\u00e4n ymp\u00e4rist\u00f6\u00f6si. T\u00e4m\u00e4 mahdollistaa useiden kohteiden helpon havaitsemisen ja seurannan laajoilla alueilla, varmistaen, ett\u00e4 jokainen liike tallentuu selke\u00e4sti.<\/p>\n<h2>Eri v\u00e4ripaletit<\/h2>\n<p>Vista tarjoaa 7 erilaista v\u00e4ripalettia, mukaan lukien punaisen ja puhtaan vihre\u00e4n yksiv\u00e4risen tilan. N\u00e4m\u00e4 silm\u00e4yst\u00e4v\u00e4lliset vaihtoehdot auttavat v\u00e4hent\u00e4m\u00e4\u00e4n silmien rasittumista, varmistaen rasituksettoman k\u00e4yt\u00f6n pitki\u00e4 aikoja.<\/p>\n<h2>Helppok\u00e4ytt\u00f6inen muotoilu<\/h2>\n<p>Vistan hiljainen painikkeet takaavat \u00e4\u00e4nett\u00f6m\u00e4n k\u00e4yt\u00f6n pime\u00e4ss\u00e4, ja kiertyv\u00e4 silm\u00e4maski est\u00e4\u00e4 valon vuotamisen, pit\u00e4en l\u00e4sn\u00e4olosi el\u00e4imilt\u00e4 piilossa. TPU-nahkainen kuviointi tarjoaa miellytt\u00e4v\u00e4n otteen, tehden pitk\u00e4aikaisesta k\u00e4yt\u00f6st\u00e4 vaivatonta.<\/p>\n","protected":false},"excerpt":{"rendered":"<p>Nocpix VISTA S50R \u0441 LRF 1280\u00d71024 &lt;15mK NETD: Immersiivinen 2560\u00d72560 AMOLED-n\u00e4ytt\u00f6, laadukas 1280\u00d71024-anturi, integroitu LRF, F0.9-linssi, 60Hz:n kuvataajuus, joustava lataus, laaja kuvakulma ja k\u00e4ytt\u00e4j\u00e4yst\u00e4v\u00e4llinen muotoilu.<\/p>\n<p>Jos tuote ei ole saatavilla, ota meihin yhteytt\u00e4: shop@nbg.eu tai +359896147790<\/p>\n","protected":false},"featured_media":672693,"template":"","meta":{"_acf_changed":false},"product_brand":[14454],"product_cat":[13196,16072],"product_tag":[],"class_list":{"0":"post-672196","1":"product","2":"type-product","3":"status-publish","4":"has-post-thumbnail","6":"product_brand-nocpix","7":"product_cat-laempoekamera","8":"product_cat-thermal-cameras-fi","10":"first","11":"instock","12":"taxable","13":"shipping-taxable","14":"purchasable","15":"product-type-simple"},"acf":[],"_links":{"self":[{"href":"https:\/\/nbg.eu\/fi\/wp-json\/wp\/v2\/product\/672196","targetHints":{"allow":["GET"]}}],"collection":[{"href":"https:\/\/nbg.eu\/fi\/wp-json\/wp\/v2\/product"}],"about":[{"href":"https:\/\/nbg.eu\/fi\/wp-json\/wp\/v2\/types\/product"}],"wp:featuredmedia":[{"embeddable":true,"href":"https:\/\/nbg.eu\/fi\/wp-json\/wp\/v2\/media\/672693"}],"wp:attachment":[{"href":"https:\/\/nbg.eu\/fi\/wp-json\/wp\/v2\/media?parent=672196"}],"wp:term":[{"taxonomy":"product_brand","embeddable":true,"href":"https:\/\/nbg.eu\/fi\/wp-json\/wp\/v2\/product_brand?post=672196"},{"taxonomy":"product_cat","embeddable":true,"href":"https:\/\/nbg.eu\/fi\/wp-json\/wp\/v2\/product_cat?post=672196"},{"taxonomy":"product_tag","embeddable":true,"href":"https:\/\/nbg.eu\/fi\/wp-json\/wp\/v2\/product_tag?post=672196"}],"curies":[{"name":"wp","href":"https:\/\/api.w.org\/{rel}","templated":true}]}}