{"id":673435,"date":"2025-11-17T17:24:54","date_gmt":"2025-11-17T14:24:54","guid":{"rendered":"https:\/\/nbg.eu\/product\/lampokamera-nocpix-vista-h50r-jossa-on-lrf-50mm-12um-640x512-15mk-netd\/"},"modified":"2026-04-14T15:55:04","modified_gmt":"2026-04-14T12:55:04","slug":"lampokamera-nocpix-vista-h50r-jossa-on-lrf-50mm-12um-640x512-15mk-netd","status":"publish","type":"product","link":"https:\/\/nbg.eu\/fi\/tuote\/lampokamera-nocpix-vista-h50r-jossa-on-lrf-50mm-12um-640x512-15mk-netd\/","title":{"rendered":"Nocpix L\u00e4mp\u00f6kamera VISTA H50R LRF"},"content":{"rendered":"<h2>Nocpix VISTA H50R &#8211; Edistyksellinen l\u00e4mp\u00f6kamera laserkaukomittarilla<\/h2>\n<p>Nocpix VISTA H50R on edistyksellinen l\u00e4mp\u00f6kamera, jossa on sis\u00e4\u00e4nrakennettu laserkaukomittari. Se on suunniteltu p\u00e4iv\u00e4- ja y\u00f6k\u00e4ytt\u00f6\u00f6n. Se tuottaa erinomaisen kuvanlaadun jopa vaativissa s\u00e4\u00e4olosuhteissa, kuten sumussa, savussa ja sateessa, ja se voi havaita kohteita esteiden, kuten oksien, korkean kasvillisuuden ja tihe\u00e4n lehv\u00e4st\u00f6n, l\u00e4pi, jotka normaalisti haittaavat n\u00e4kyvyytt\u00e4.<\/p>\n<p>VISTA H50R on eritt\u00e4in monipuolinen ja soveltuu useisiin k\u00e4ytt\u00f6tarkoituksiin, kuten mets\u00e4stykseen, turvallisuuteen, valvontaan, maastonavigointiin ja etsint\u00e4- ja pelastustoimintaan. Edistyksellinen l\u00e4mp\u00f6teknologia varmistaa luotettavan suorituskyvyn, tarjoten selkeit\u00e4 kuvia ja tarkkoja mittauksia haastavissa ymp\u00e4rist\u00f6iss\u00e4.<\/p>\n<h2>Tekniset tiedot:<\/h2>\n<p>Resoluutio: 640 x 512<br \/>\nKuvapistekoko: 12<br \/>\nNETD, mK: \u226415<br \/>\nKuvataajuus: 50<br \/>\nLinssi: 50mm F0.9<br \/>\nKatselukulma: 8.8 x 7.0<br \/>\nKatselukulma (lineaarinen): 15 x 12<br \/>\nSuurennus: 4~40<br \/>\nHavaitsemiset\u00e4isyys: 2600<br \/>\nEt\u00e4isyys silmist\u00e4: 25<br \/>\nUlostulomittarin halkaisija: 8<br \/>\nDiopteria: -4 ~ +6<br \/>\nN\u00e4ytt\u00f6tyyppi: AMOLED<br \/>\nN\u00e4yt\u00f6n resoluutio: 2560 x 2560<br \/>\nAkku: Vaihdettava litiumioniakku IBP-7 \/ 4400mAh<br \/>\nSuurin k\u00e4ytt\u00f6aika: 5.5<br \/>\nKaukomittauksen et\u00e4isyys: 1200<br \/>\nLaser: Luokka 1<br \/>\nWi-Fi\/App: KYLL\u00c4<br \/>\nMIC: KYLL\u00c4<br \/>\nMuistikapasiteetti: 64GB<br \/>\nIP-luokitus: IP67<br \/>\nSuurin k\u00e4ytt\u00f6l\u00e4mp\u00f6tila: -20 ~ +50<br \/>\nPaino (unssi): 22.93<br \/>\nPaino (g): 650<br \/>\nMitat (tuumaa): 7.64 x 2.76 x 3.23<br \/>\nMitat (mm): 194 x 70 x 82<\/p>\n<p>640\u00d7512 12\u03bcm ilmaisin<br \/>\nNETD\u226415mK<br \/>\n60Hz korkea kuvataajuus<br \/>\nF0.9 linssi<br \/>\nAMOLED 2560\u00d72560 py\u00f6re\u00e4 n\u00e4ytt\u00f6<br \/>\nIBP-7 vaihdettava ladattava akku<br \/>\nSujuva digitaalinen zoomaus: 1\u00d7~8\u00d7<br \/>\nEritt\u00e4in puhdas tila<br \/>\nSilmien suojaus, alhaisella kirkkaustasolla, v\u00e4ripaletilla ja l\u00e4mpim\u00e4ll\u00e4 s\u00e4vyll\u00e4<br \/>\nElektroninen kuvan vakautus<\/p>\n","protected":false},"excerpt":{"rendered":"<p>Nocpix VISTA H50R on 640\u00d7512 12um l\u00e4mp\u00f6kamera, jossa on \u226415mK NETD, 50mm F0.9 -objektiivi ja integroitu laserkaukomonitori mets\u00e4styst\u00e4, turvallisuutta ja muita k\u00e4ytt\u00f6kohteita varten.<\/p>\n<p>Jos tuotetta ei ole saatavilla, ota meihin yhteytt\u00e4: shop@nbg.eu tai +359896147790<\/p>\n","protected":false},"featured_media":673573,"template":"","meta":{"_acf_changed":false},"product_brand":[14454],"product_cat":[13196,16072],"product_tag":[],"class_list":{"0":"post-673435","1":"product","2":"type-product","3":"status-publish","4":"has-post-thumbnail","6":"product_brand-nocpix","7":"product_cat-laempoekamera","8":"product_cat-thermal-cameras-fi","10":"first","11":"instock","12":"taxable","13":"shipping-taxable","14":"purchasable","15":"product-type-simple"},"acf":[],"_links":{"self":[{"href":"https:\/\/nbg.eu\/fi\/wp-json\/wp\/v2\/product\/673435","targetHints":{"allow":["GET"]}}],"collection":[{"href":"https:\/\/nbg.eu\/fi\/wp-json\/wp\/v2\/product"}],"about":[{"href":"https:\/\/nbg.eu\/fi\/wp-json\/wp\/v2\/types\/product"}],"wp:featuredmedia":[{"embeddable":true,"href":"https:\/\/nbg.eu\/fi\/wp-json\/wp\/v2\/media\/673573"}],"wp:attachment":[{"href":"https:\/\/nbg.eu\/fi\/wp-json\/wp\/v2\/media?parent=673435"}],"wp:term":[{"taxonomy":"product_brand","embeddable":true,"href":"https:\/\/nbg.eu\/fi\/wp-json\/wp\/v2\/product_brand?post=673435"},{"taxonomy":"product_cat","embeddable":true,"href":"https:\/\/nbg.eu\/fi\/wp-json\/wp\/v2\/product_cat?post=673435"},{"taxonomy":"product_tag","embeddable":true,"href":"https:\/\/nbg.eu\/fi\/wp-json\/wp\/v2\/product_tag?post=673435"}],"curies":[{"name":"wp","href":"https:\/\/api.w.org\/{rel}","templated":true}]}}