{"id":673796,"date":"2025-11-17T17:24:57","date_gmt":"2025-11-17T14:24:57","guid":{"rendered":"https:\/\/nbg.eu\/product\/lampokameran-nocpix-vista-h35r-jossa-lrf-35-mm-12-%ce%bcm-640x512-15-mk-net\/"},"modified":"2026-04-14T15:55:01","modified_gmt":"2026-04-14T12:55:01","slug":"lampokameran-nocpix-vista-h35r-jossa-lrf-35-mm-12-%ce%bcm-640x512-15-mk-net","status":"publish","type":"product","link":"https:\/\/nbg.eu\/fi\/tuote\/lampokameran-nocpix-vista-h35r-jossa-lrf-35-mm-12-%ce%bcm-640x512-15-mk-net\/","title":{"rendered":"Nocpix L\u00e4mp\u00f6kamera VISTA H35R LRF"},"content":{"rendered":"<h2>Nocpix VISTA H35R l\u00e4mp\u00f6kaukoputki lasersetimetrill\u00e4<\/h2>\n<p>Nocpix VISTA H35R on monipuolinen l\u00e4mp\u00f6kaukoputki, jossa on sis\u00e4\u00e4nrakennettu lasersetimetri. Se on suunniteltu luotettavaan k\u00e4ytt\u00f6\u00f6n sek\u00e4 p\u00e4iv\u00e4ll\u00e4 ett\u00e4 y\u00f6ll\u00e4. T\u00e4m\u00e4 edistynyt laite tarjoaa erinomaisen l\u00e4mp\u00f6kuvausteknologian suorituskyvyn, tuottaen selkeit\u00e4 ja yksityiskohtaisia n\u00e4kymi\u00e4 jopa haastavissa s\u00e4\u00e4olosuhteissa, kuten sumussa, savussa ja sateessa. Se pystyy havaitsemaan kohteita my\u00f6s esteiden, kuten oksien, korkean ruohikon ja tihe\u00e4n lehv\u00e4st\u00f6n l\u00e4pi, mik\u00e4 varmistaa tehokkaan toiminnan ymp\u00e4rist\u00f6iss\u00e4, joissa tavalliset optiset laitteet eiv\u00e4t ole riitt\u00e4vi\u00e4.<\/p>\n<p>VISTA H35R sopii moniin k\u00e4ytt\u00f6tarkoituksiin, kuten mets\u00e4stykseen, valvontaan, turvallisuuteen, maaston navigointiin ja etsint\u00e4- ja pelastusteht\u00e4viin. Edistyksellisen teknologiansa ja kest\u00e4v\u00e4n rakenteensa ansiosta VISTA H35R takaa tarkan havaitsemisen ja mittaamisen kaikkein vaikeimmissakin olosuhteissa.<\/p>\n<h2>Tekniset tiedot<\/h2>\n<p>Resoluutio: 640 x 512<br \/>\nKuvapistekoko: 12<br \/>\nNETD, mK: \u226415<br \/>\nKuvataajuus: 50<br \/>\nLinssi: 35mm F0.9<br \/>\nN\u00e4k\u00f6kentt\u00e4: 12.5 x 10.0<br \/>\nN\u00e4k\u00f6kentt\u00e4 (lineaarinen): 22 x 18<br \/>\nSuurennus: 3~28<br \/>\nHavaitsemiset\u00e4isyys: 1800<br \/>\nSilm\u00e4n et\u00e4isyys: 25<br \/>\nPupillihalkaisija: 8<br \/>\nDiopteria: -4 ~ +6<br \/>\nN\u00e4ytt\u00f6tyyppi: AMOLED<br \/>\nN\u00e4yt\u00f6n tarkkuus: 2560 x 2560<br \/>\nAkku: Vaihdettava litiumioniakku IBP-7 \/ 4400mAh<br \/>\nMaksimi k\u00e4ytt\u00f6aika: 5.5<br \/>\nEt\u00e4isyyden mittauset\u00e4isyys: 1200<br \/>\nLaser: Luokka 1<br \/>\nWi-Fi\/sovellus: KYLL\u00c4<br \/>\nMikrofoni: KYLL\u00c4<br \/>\nTallennuskapasiteetti: 64GB<br \/>\nIP-luokitus: IP67<br \/>\nMaksimi k\u00e4ytt\u00f6l\u00e4mp\u00f6tila: -20 ~ +50<br \/>\nPaino (unssia): 22.58<br \/>\nPaino (g): 640<br \/>\nMitat (tuumaa): 7.48 x 2.64 x 3.11<br \/>\nMitat (mm): 190 x 67 x 79<\/p>\n<h2>Ominaisuudet<\/h2>\n<p>640\u00d7512 12\u03bcm ilmaisin<br \/>\nNETD\u226415mK<br \/>\n60Hz korkea kuvataajuus<br \/>\nF0.9 linssi<br \/>\nAMOLED 2560\u00d72560 py\u00f6re\u00e4 n\u00e4ytt\u00f6<br \/>\nIBP-7 pikaladattava akku<br \/>\nSaumaton digitaalinen suurennus: 1\u00d7~8\u00d7<br \/>\nUltra puhdas tila<br \/>\nSilmiensuojaus matalalla kirkkaudella, v\u00e4ripalettilla ja l\u00e4mpim\u00e4ll\u00e4 s\u00e4vyll\u00e4<br \/>\nElektroninen kuvan vakautus<\/p>\n","protected":false},"excerpt":{"rendered":"<p>L\u00e4mp\u00f6kamera Nocpix VISTA H35R, jonka linssi on 35 mm, pikselikoko 12 \u03bcm ja resoluutio 640 \u00d7 512 &lt; 15 mK NET, sek\u00e4 kaukomatka-et\u00e4isyysmittari, luotettavaan k\u00e4ytt\u00f6\u00f6n p\u00e4iv\u00e4ll\u00e4 ja y\u00f6ll\u00e4 haastavissa olosuhteissa.<\/p>\n","protected":false},"featured_media":673824,"template":"","meta":{"_acf_changed":false},"product_brand":[14454],"product_cat":[13196,16072],"product_tag":[],"class_list":{"0":"post-673796","1":"product","2":"type-product","3":"status-publish","4":"has-post-thumbnail","6":"product_brand-nocpix","7":"product_cat-laempoekamera","8":"product_cat-thermal-cameras-fi","10":"first","11":"instock","12":"taxable","13":"shipping-taxable","14":"purchasable","15":"product-type-simple"},"acf":[],"_links":{"self":[{"href":"https:\/\/nbg.eu\/fi\/wp-json\/wp\/v2\/product\/673796","targetHints":{"allow":["GET"]}}],"collection":[{"href":"https:\/\/nbg.eu\/fi\/wp-json\/wp\/v2\/product"}],"about":[{"href":"https:\/\/nbg.eu\/fi\/wp-json\/wp\/v2\/types\/product"}],"wp:featuredmedia":[{"embeddable":true,"href":"https:\/\/nbg.eu\/fi\/wp-json\/wp\/v2\/media\/673824"}],"wp:attachment":[{"href":"https:\/\/nbg.eu\/fi\/wp-json\/wp\/v2\/media?parent=673796"}],"wp:term":[{"taxonomy":"product_brand","embeddable":true,"href":"https:\/\/nbg.eu\/fi\/wp-json\/wp\/v2\/product_brand?post=673796"},{"taxonomy":"product_cat","embeddable":true,"href":"https:\/\/nbg.eu\/fi\/wp-json\/wp\/v2\/product_cat?post=673796"},{"taxonomy":"product_tag","embeddable":true,"href":"https:\/\/nbg.eu\/fi\/wp-json\/wp\/v2\/product_tag?post=673796"}],"curies":[{"name":"wp","href":"https:\/\/api.w.org\/{rel}","templated":true}]}}