{"id":673981,"date":"2025-11-17T17:25:01","date_gmt":"2025-11-17T14:25:01","guid":{"rendered":"https:\/\/nbg.eu\/product\/lamponakolaite-nocpix-slim-l35\/"},"modified":"2026-04-14T15:54:58","modified_gmt":"2026-04-14T12:54:58","slug":"lamponakolaite-nocpix-slim-l35","status":"publish","type":"product","link":"https:\/\/nbg.eu\/fi\/tuote\/lamponakolaite-nocpix-slim-l35\/","title":{"rendered":"Nocpix L\u00e4mp\u00f6t\u00e4ht\u00e4in Slim L35"},"content":{"rendered":"<h2>L\u00e4mp\u00f6n\u00e4k\u00f6 Nocpix Slim L35: Ennenn\u00e4kem\u00e4t\u00f6n mets\u00e4styssuorituskyky<\/h2>\n<p>Esittelemme SLIM-sarjan kiikarit\u00e4ht\u00e4imen: 2-in-1-k\u00e4sik\u00e4ytt\u00f6inen MONOKULAARI tai 3,5x (L35) -kiikarit\u00e4ht\u00e4in. Valitse kahden suorituskyvykk\u00e4\u00e4n ytimen v\u00e4lill\u00e4, nauti 1024&#215;768 OLED-n\u00e4yt\u00f6st\u00e4 ja hy\u00f6dynn\u00e4 vaihdettavaa 18650-akkua, joka tarjoaa 10 tunnin virtatehon. Tallenna jokainen hetki vaikuttavan tallennuksen ansiosta, jotta et missaa yht\u00e4k\u00e4\u00e4n kuvakehyst\u00e4.<\/p>\n<p>Vaihda sujuvasti manuaalisista optisiin t\u00e4ht\u00e4imiin uudelleens\u00e4\u00e4t\u00e4m\u00e4tt\u00e4, 2-in-1-rakenteen ja QD-kiinnikkeen ansiosta. Nauti v\u00e4sym\u00e4tt\u00f6m\u00e4st\u00e4 katselusta 1024&#215;768 AMOLED-n\u00e4yt\u00f6ll\u00e4, uudella okulaarisuunnittelulla ja mukavalla 10 mm:n putkihalkaisijalla. Vain 500 g painavana t\u00e4m\u00e4 ultrakeve\u00e4 rakenne tekee pitk\u00e4kestoisesta k\u00e4yt\u00f6st\u00e4 vaivatonta ja pit\u00e4\u00e4 sinut ketter\u00e4n\u00e4 maastossa.<\/p>\n<p>Suorituskykyiset p\u00e4\u00e4vaihtoehdot &#8211; 384&#215;288@12 \u03bcm tai 640&#215;512@12 \u03bcm, NETD\u226418 mK tarjoavat ennenn\u00e4kem\u00e4t\u00f6nt\u00e4 kuvanlaatua, jotta jokainen yksityiskohta tallennetaan h\u00e4ik\u00e4isev\u00e4ll\u00e4 tarkkuudella olosuhteista riippumatta. Reality+ -teknologian ansiosta Slim saavuttaa kuvanlaadun, joka ylitt\u00e4\u00e4 muiden merkkien anturit samassa luokassa.<\/p>\n<p>\u00c4l\u00e4 missaa koskaan laukausta RAV-ominaisuuden ansiosta, joka sallii sinun katsoa ja jakaa j\u00e4nnitt\u00e4vimpi\u00e4 mets\u00e4styshetki\u00e4si. Jatka mets\u00e4styst\u00e4 irrotettavalla, alhaisen l\u00e4mp\u00f6tilan kest\u00e4v\u00e4ll\u00e4 18650-akulla, joka tarjoaa jopa 8 tunnin valmiustilan, jopa \u00e4\u00e4ritilanteissa. 3,5x:n p\u00e4\u00e4tepovennuksella SLIM L35 on valintasi pitk\u00e4n matkan mets\u00e4stykseen, tehden koyoottimets\u00e4styksest\u00e4 tarkempaa ja tehokkaampaa.<\/p>\n","protected":false},"excerpt":{"rendered":"<p>SLIM-sarjan kiikarit\u00e4ht\u00e4in: 2-in-1 k\u00e4sit\u00e4ht\u00e4in tai 3,5x (L35) t\u00e4ht\u00e4in, jossa on 1024\u00d7768 OLED-n\u00e4ytt\u00f6, 18650-akku, t\u00f6rm\u00e4ysrekister\u00f6inti, l\u00e4mp\u00f6tila-anturi ja nopea vaihto.<\/p>\n<p>Jos tuote ei ole saatavilla, ota meihin yhteytt\u00e4: shop@nbg.eu tai +359896147790<\/p>\n","protected":false},"featured_media":674050,"template":"","meta":{"_acf_changed":false},"product_brand":[14454],"product_cat":[16072],"product_tag":[],"class_list":{"0":"post-673981","1":"product","2":"type-product","3":"status-publish","4":"has-post-thumbnail","6":"product_brand-nocpix","7":"product_cat-thermal-cameras-fi","9":"first","10":"instock","11":"taxable","12":"shipping-taxable","13":"purchasable","14":"product-type-simple"},"acf":[],"_links":{"self":[{"href":"https:\/\/nbg.eu\/fi\/wp-json\/wp\/v2\/product\/673981","targetHints":{"allow":["GET"]}}],"collection":[{"href":"https:\/\/nbg.eu\/fi\/wp-json\/wp\/v2\/product"}],"about":[{"href":"https:\/\/nbg.eu\/fi\/wp-json\/wp\/v2\/types\/product"}],"wp:featuredmedia":[{"embeddable":true,"href":"https:\/\/nbg.eu\/fi\/wp-json\/wp\/v2\/media\/674050"}],"wp:attachment":[{"href":"https:\/\/nbg.eu\/fi\/wp-json\/wp\/v2\/media?parent=673981"}],"wp:term":[{"taxonomy":"product_brand","embeddable":true,"href":"https:\/\/nbg.eu\/fi\/wp-json\/wp\/v2\/product_brand?post=673981"},{"taxonomy":"product_cat","embeddable":true,"href":"https:\/\/nbg.eu\/fi\/wp-json\/wp\/v2\/product_cat?post=673981"},{"taxonomy":"product_tag","embeddable":true,"href":"https:\/\/nbg.eu\/fi\/wp-json\/wp\/v2\/product_tag?post=673981"}],"curies":[{"name":"wp","href":"https:\/\/api.w.org\/{rel}","templated":true}]}}