{"id":674761,"date":"2025-11-17T17:25:02","date_gmt":"2025-11-17T14:25:02","guid":{"rendered":"https:\/\/nbg.eu\/product\/thermal-sight-nocpix-slim-h35\/"},"modified":"2026-04-14T15:54:54","modified_gmt":"2026-04-14T12:54:54","slug":"thermal-sight-nocpix-slim-h35","status":"publish","type":"product","link":"https:\/\/nbg.eu\/fi\/tuote\/thermal-sight-nocpix-slim-h35\/","title":{"rendered":"Nocpix L\u00e4mp\u00f6t\u00e4ht\u00e4in Slim H35"},"content":{"rendered":"<h2>L\u00e4mp\u00f6kiikari Nocpix Slim H35 &#8211; Eritt\u00e4in kevyt l\u00e4mp\u00f6kuva-aseenkiikari huikealla kuvanlaadulla<\/h2>\n<p>Esittelemme SLIM-sarjan kiikarit\u00e4ht\u00e4imen: 2-in-1 kannettava MONOKULARI tai 3,5x (L35) kiikarit\u00e4ht\u00e4in. Valitse kahden suorituskykyisen ytimen v\u00e4lill\u00e4, nauti 1024&#215;768 OLED-n\u00e4yt\u00f6st\u00e4 ja hy\u00f6dynn\u00e4 vaihdettavaa 18650-akkua 10 tunnin k\u00e4ytt\u00f6ajalla. Tallenna jokainen hetki vaikuttavasti, jotta et missaa yht\u00e4k\u00e4\u00e4n otosta.<\/p>\n<p>Nauti v\u00e4sym\u00e4tt\u00f6m\u00e4st\u00e4 katselusta 1024&#215;768 AMOLED-n\u00e4yt\u00f6ll\u00e4, uudella okulaarisuunnittelulla ja mukavalla 10 mm:n silm\u00e4et\u00e4isyydell\u00e4.<\/p>\n<p>Painaen vain 500 g, t\u00e4m\u00e4 eritt\u00e4in kevyt muotoilu tekee pitk\u00e4aikaisesta k\u00e4yt\u00f6st\u00e4 vaivatonta ja pit\u00e4\u00e4 sinut ketter\u00e4n\u00e4 maastossa.<\/p>\n<p>Tehokkaat p\u00e4\u00e4vaihtoehdot &#8211; 384\u00d7288@12\u03bcm tai 640\u00d7512@12\u03bcm, NETD\u226418 mK tarjoavat vertaansa vailla olevaa kuvanlaatua, joka varmistaa, ett\u00e4 jokainen yksityiskohta tallennetaan h\u00e4ik\u00e4isev\u00e4n selke\u00e4sti riippumatta mets\u00e4stysolosuhteista. Todellisuus+ -teknologian ansiosta Slim saavuttaa laadun, joka ylitt\u00e4\u00e4 muiden merkkien anturit samassa luokassa.<\/p>\n<p>\u00c4l\u00e4 koskaan missaa osumaa RAV-ominaisuuden ansiosta, joka mahdollistaa j\u00e4nnitt\u00e4vimpien mets\u00e4styshetkien uudelleenel\u00e4misen ja jakamisen.<\/p>\n<p>Jatka mets\u00e4styst\u00e4 irrotettavalla, kylm\u00e4nkest\u00e4v\u00e4ll\u00e4 18650-akulla, joka tarjoaa jopa 8 tunnin valmiustilan, jopa \u00e4\u00e4rimm\u00e4isiss\u00e4 olosuhteissa. Siin\u00e4 on my\u00f6s magneettinen latausportti, joka mahdollistaa helpon lataamisen jopa t\u00e4ydess\u00e4 pimeydess\u00e4.<\/p>\n","protected":false},"excerpt":{"rendered":"<p>Terminen n\u00e4k\u00f6laite Nocpix Slim H35: 2-in-1 monokula\/3,5x kiikarit\u00e4ht\u00e4in, jossa on 1024&#215;768 OLED, 18650-paristo ja vaikutuksen tallentaminen.<\/p>\n<p>Jos tuotetta ei ole saatavilla, ota yhteytt\u00e4: shop@nbg.eu tai +359896147790<\/p>\n","protected":false},"featured_media":674887,"template":"","meta":{"_acf_changed":false},"product_brand":[14454],"product_cat":[16072],"product_tag":[],"class_list":{"0":"post-674761","1":"product","2":"type-product","3":"status-publish","4":"has-post-thumbnail","6":"product_brand-nocpix","7":"product_cat-thermal-cameras-fi","9":"first","10":"instock","11":"taxable","12":"shipping-taxable","13":"purchasable","14":"product-type-simple"},"acf":[],"_links":{"self":[{"href":"https:\/\/nbg.eu\/fi\/wp-json\/wp\/v2\/product\/674761","targetHints":{"allow":["GET"]}}],"collection":[{"href":"https:\/\/nbg.eu\/fi\/wp-json\/wp\/v2\/product"}],"about":[{"href":"https:\/\/nbg.eu\/fi\/wp-json\/wp\/v2\/types\/product"}],"wp:featuredmedia":[{"embeddable":true,"href":"https:\/\/nbg.eu\/fi\/wp-json\/wp\/v2\/media\/674887"}],"wp:attachment":[{"href":"https:\/\/nbg.eu\/fi\/wp-json\/wp\/v2\/media?parent=674761"}],"wp:term":[{"taxonomy":"product_brand","embeddable":true,"href":"https:\/\/nbg.eu\/fi\/wp-json\/wp\/v2\/product_brand?post=674761"},{"taxonomy":"product_cat","embeddable":true,"href":"https:\/\/nbg.eu\/fi\/wp-json\/wp\/v2\/product_cat?post=674761"},{"taxonomy":"product_tag","embeddable":true,"href":"https:\/\/nbg.eu\/fi\/wp-json\/wp\/v2\/product_tag?post=674761"}],"curies":[{"name":"wp","href":"https:\/\/api.w.org\/{rel}","templated":true}]}}