{"id":676610,"date":"2025-11-17T17:25:14","date_gmt":"2025-11-17T14:25:14","guid":{"rendered":"https:\/\/nbg.eu\/product\/lampooptinen-nakolaite-nocpix-rico-2-s75r\/"},"modified":"2026-04-14T15:54:51","modified_gmt":"2026-04-14T12:54:51","slug":"lampooptinen-nakolaite-nocpix-rico-2-s75r","status":"publish","type":"product","link":"https:\/\/nbg.eu\/fi\/tuote\/lampooptinen-nakolaite-nocpix-rico-2-s75r\/","title":{"rendered":"Nocpix L\u00e4mp\u00f6t\u00e4ht\u00e4in Rico 2 S75R"},"content":{"rendered":"<h2>Nocpix Rico 2 S75R: Pitk\u00e4n kantaman tarkkuuskuvaus<\/h2>\n<p>Nocpix RICO 2 S75R -sarjan l\u00e4mp\u00f6kiikarit on suunniteltu mets\u00e4st\u00e4jille, jotka vaativat parasta selvyytt\u00e4, kantamaa ja mukavuutta. Se on suunniteltu teollisuuden johtavalla l\u00e4mp\u00f6anturilla ja suurella kuvaruudulla, ja se tarjoaa eritt\u00e4in laadukasta kuvanlaatua, joka helpottaa kohteiden tunnistamista ja seurantaa. Pitk\u00e4 polttov\u00e4li ja sis\u00e4\u00e4nrakennettu et\u00e4isyysmittari mahdollistavat et\u00e4isten kohteiden tarkka mittaus, ja kehittynyt optiikka tarjoaa h\u00e4iri\u00f6t\u00f6nt\u00e4 katselukokemusta. Portaaton zoomaustoiminto ja erinomainen silm\u00e4v\u00e4li mahdollistavat mets\u00e4st\u00e4jille helpon suurennuksen s\u00e4\u00e4d\u00f6n ja mukavan k\u00e4yt\u00f6n pitkien mets\u00e4stysten aikana. Innovatiivisilla tekniikoilla ja k\u00e4ytt\u00e4j\u00e4yst\u00e4v\u00e4llisell\u00e4 suunnittelulla Nocpix RICO 2 S75R -sarja mahdollistaa mets\u00e4styksen ennenn\u00e4kem\u00e4tt\u00f6miss\u00e4 rajoissa.<\/p>\n<h2>Edistyksellinen suorituskyky<\/h2>\n<p>Hy\u00f6dy 12\u03bcm@60Hz:n toisen sukupolven anturista, NETD \u226415mK:n ominaisuuksilla, jotka tarjoavat ter\u00e4v\u00e4t, korkean kontrastin kuvat ja parannetun kohteen tunnistuksen. Nocpix RICO 2 S75R on varustettu suuremmilla objektiiviobjektiiveilla (75 mm\/F1.0, 50 mm\/F1.0, 42 mm\/F1.0), jotka tarjoavat parantuneen valonkeruukyvyn erinomaiselle kuvanlaadulle ja pidemm\u00e4lle havaitsemiskyvylle. RICO 2 -sarja mahdollistaa saumattoman, portaattoman suurennusnopeuden s\u00e4\u00e4d\u00f6n helpottamaan kohteiden tarkkaa sitomista et\u00e4isyydest\u00e4 riippumatta. RICO 2 -sarja tarjoaa h\u00e4mm\u00e4stytt\u00e4v\u00e4n 3896 metrin havaitsemiset\u00e4isyyden, antaen merkitt\u00e4v\u00e4n edun pitk\u00e4n kantaman mets\u00e4stykseen ja tarkkaan t\u00e4ht\u00e4\u00e4miseen.<\/p>\n<h2>Joustava ja tarkka t\u00e4ht\u00e4\u00e4minen<\/h2>\n<p>Nocpix RICO 2 S75R on varustettu integroidulla et\u00e4isyysmittarilla, joka tarjoaa laserhavainnon enint\u00e4\u00e4n 1200 metrin et\u00e4isyydelle todellisella optisen akselin kohdistuksella, mahdollistaen tarkat et\u00e4isyysmittaukset s\u00e4ilytt\u00e4en samalla siromman ja tyylikk\u00e4\u00e4n ulkomuodon. Yksinkertaista laukaisusijoitustasi automaattisilla ballistisilla laskelmilla k\u00e4ytt\u00e4en integroitua et\u00e4isyysmittaria, jotta voit osuua tarkasti pitkille et\u00e4isyyksille.<\/p>\n<h2>Eritt\u00e4in kirkas ja mukava katselu<\/h2>\n<p>1.03&#8243; 2560\u00d72560 OLED-n\u00e4ytt\u00f6 (S75R), v\u00e4\u00e4ristym\u00e4t\u00f6n okulaari, 70 mm silm\u00e4v\u00e4li ja 23 mm ulostuloristeily tarjoavat ter\u00e4v\u00e4n, mukavan katselukokemuksen pitkille k\u00e4ytt\u00f6jaksoille. S75R-malli on varustettu ennenn\u00e4kem\u00e4tt\u00f6m\u00e4ll\u00e4 70 mm:n silm\u00e4v\u00e4lin et\u00e4isyydell\u00e4, joka tarjoaa maksimaalisen mukavuuden pitk\u00e4aikaiseen k\u00e4ytt\u00f6\u00f6n ilman silm\u00e4rasitusta ja varmistaa silm\u00e4turvallisuuden.<\/p>\n","protected":false},"excerpt":{"rendered":"<p>Edistyksellinen 1280&#215;1024 toisen sukupolven anturi, joustava ja tarkka integroitu LRF, eritt\u00e4in selke\u00e4 ja miellytt\u00e4v\u00e4 katselukokemus, turvallinen ja mukava silm\u00e4n et\u00e4isyys. Nocpix Rico 2 S75R &#8211; Pitk\u00e4n matkan ammuntaan erikoistunut.<\/p>\n<p>Jos tuotetta ei ole saatavilla, ota yhteytt\u00e4: shop@nbg.eu tai +359896147790<\/p>\n","protected":false},"featured_media":676797,"template":"","meta":{"_acf_changed":false},"product_brand":[14454],"product_cat":[16072],"product_tag":[],"class_list":{"0":"post-676610","1":"product","2":"type-product","3":"status-publish","4":"has-post-thumbnail","6":"product_brand-nocpix","7":"product_cat-thermal-cameras-fi","9":"first","10":"instock","11":"taxable","12":"shipping-taxable","13":"purchasable","14":"product-type-simple"},"acf":[],"_links":{"self":[{"href":"https:\/\/nbg.eu\/fi\/wp-json\/wp\/v2\/product\/676610","targetHints":{"allow":["GET"]}}],"collection":[{"href":"https:\/\/nbg.eu\/fi\/wp-json\/wp\/v2\/product"}],"about":[{"href":"https:\/\/nbg.eu\/fi\/wp-json\/wp\/v2\/types\/product"}],"wp:featuredmedia":[{"embeddable":true,"href":"https:\/\/nbg.eu\/fi\/wp-json\/wp\/v2\/media\/676797"}],"wp:attachment":[{"href":"https:\/\/nbg.eu\/fi\/wp-json\/wp\/v2\/media?parent=676610"}],"wp:term":[{"taxonomy":"product_brand","embeddable":true,"href":"https:\/\/nbg.eu\/fi\/wp-json\/wp\/v2\/product_brand?post=676610"},{"taxonomy":"product_cat","embeddable":true,"href":"https:\/\/nbg.eu\/fi\/wp-json\/wp\/v2\/product_cat?post=676610"},{"taxonomy":"product_tag","embeddable":true,"href":"https:\/\/nbg.eu\/fi\/wp-json\/wp\/v2\/product_tag?post=676610"}],"curies":[{"name":"wp","href":"https:\/\/api.w.org\/{rel}","templated":true}]}}