{"id":676854,"date":"2025-11-17T17:25:15","date_gmt":"2025-11-17T14:25:15","guid":{"rendered":"https:\/\/nbg.eu\/product\/lamposaatoinen-nakolaite-nocpix-rico-2-h75r\/"},"modified":"2026-04-14T15:54:47","modified_gmt":"2026-04-14T12:54:47","slug":"lamposaatoinen-nakolaite-nocpix-rico-2-h75r","status":"publish","type":"product","link":"https:\/\/nbg.eu\/fi\/tuote\/lamposaatoinen-nakolaite-nocpix-rico-2-h75r\/","title":{"rendered":"Nocpix L\u00e4mp\u00f6t\u00e4ht\u00e4in Rico 2 H75R"},"content":{"rendered":"<h2>Nocpix Rico 2 H75R: Pitk\u00e4n matkan kuvaamisen t\u00e4ydellisyys<\/h2>\n<p>Nocpix RICO 2 H75R -sarjan l\u00e4mp\u00f6kuvauskiikarit on suunniteltu mets\u00e4st\u00e4jille, jotka vaativat parasta selkeytt\u00e4, kantamaa ja mukavuutta. Teollisuuden johtavan l\u00e4mp\u00f6tunnistimen ja korkean kuvanp\u00e4ivitystaajuuden ansiosta se tarjoaa eritt\u00e4in korkealaatuisia kuvia, jotka helpottavat maalin tunnistamista ja seuraamista. Pitk\u00e4 polttov\u00e4li ja sis\u00e4\u00e4nrakennettu LRF varmistavat, ett\u00e4 voit mitata et\u00e4isi\u00e4 maaleja tarkasti, ja edistynyt optiikkasuunnittelu tarjoaa immersiivisen katselukokemuksen ilman v\u00e4\u00e4ristymi\u00e4. Portaattoman zoomivivun ja erinomaisen silm\u00e4nraon ansiosta Nocpix RICO 2 H75R -sarja mahdollistaa mets\u00e4st\u00e4jien mukauttaa suurennuksen vaivattomasti ja tuntea olonsa mukavaksi pitkien mets\u00e4styskierrosten aikana. Innovatiiviset teknologiat ja k\u00e4ytt\u00e4j\u00e4keskeinen suunnittelu tekev\u00e4t Nocpix RICO 2 H75R -sarjasta pitk\u00e4n matkan mets\u00e4styssuorituskyvyn huipun.<\/p>\n<h2>Edistyksellinen l\u00e4mp\u00f6kuvaus<\/h2>\n<p>Hy\u00f6dynn\u00e4 toisen sukupolven 640@12\u03bcm@60Hz-anturia, jossa NETD \u226415mK, saadaksesi ter\u00e4v\u00e4t, korkean kontrastin kuvat ja parannetun maalin tunnistuksen.<\/p>\n<h2>Parannettu selkeys suuremmilla linsseill\u00e4<\/h2>\n<p>Nocpix RICO 2 H75R on varustettu suuremmilla objektiivilinsseill\u00e4 (75 mm\/F1.0, 50 mm\/F1.0, 42 mm\/F1.0), jotka tarjoavat paremman valon ker\u00e4\u00e4misen kyvyn erinomaisen kuvan selkeyden ja laajennetun havaitsemisalueen saavuttamiseksi.<\/p>\n<h2>Helppo suurennuksen s\u00e4\u00e4t\u00e4minen<\/h2>\n<p>RICO 2 -sarja mahdollistaa suurennuksen hienos\u00e4\u00e4t\u00e4misen vaivattomasti portaattomalla LPVO-tyylisell\u00e4 zoomivivulla, mik\u00e4 tarjoaa nopeat ja helppok\u00e4ytt\u00f6iset s\u00e4\u00e4d\u00f6t, joilla voit luottavaisesti kohdistaa maaleja eri et\u00e4isyyksille tarkasti.<\/p>\n<h2>Luotu pitk\u00e4n matkan mets\u00e4stykseen<\/h2>\n<p>RICO 2 -sarja tarjoaa jopa 3896 metrin havaitsemisalueen, mik\u00e4 antaa merkitt\u00e4v\u00e4n edun pitk\u00e4n matkan mets\u00e4styksess\u00e4 ja tarkoissa kohdet\u00e4sm\u00e4yksiss\u00e4.<\/p>\n<h2>Joustava ja tarkka integroitu LRF<\/h2>\n<p>Nocpix RICO 2 H75R on varustettu integroidulla LRF:ll\u00e4, joka tarjoaa lasertunnistuksen jopa 1200 metrin et\u00e4isyydelle todellisella optiikan akselin suuntauksella, mik\u00e4 varmistaa tarkat et\u00e4isyysmittaukset s\u00e4ilytt\u00e4en samalla tyylikk\u00e4\u00e4n ja elegantin muotoilun.<\/p>\n<h2>Virtaviivaistetut ballistiset laskut<\/h2>\n<p>Tehosta t\u00e4ht\u00e4yst\u00e4 automaattisten ballististen laskelmien avulla, k\u00e4ytt\u00e4en integroitua LRF:\u00e4\u00e4 helpottaaksesi tarkkoja osumia pitkill\u00e4 et\u00e4isyyksill\u00e4.<\/p>\n<h2>Eritt\u00e4in selke\u00e4, mukava katselu<\/h2>\n<p>1.03&#8243; 2560\u00d72560 OLED-n\u00e4ytt\u00f6 (S75R), v\u00e4\u00e4ristym\u00e4t\u00f6n okulaari, 70 mm:n silm\u00e4nrako ja 23 mm:n ulostuloluukku tarjoavat ter\u00e4v\u00e4n, mukavan katselukokemuksen pitki\u00e4 sessioita varten.<\/p>\n<h2>Turvallisuus ja mukavuus<\/h2>\n<p>H75R-malli on varustettu ennenn\u00e4kem\u00e4tt\u00f6m\u00e4ll\u00e4 70 mm:n et\u00e4isyydell\u00e4, joka tarjoaa maksimaalisen mukavuuden pitk\u00e4aikaiseen k\u00e4ytt\u00f6\u00f6n ilman silm\u00e4rasitusta ja varmistaa silm\u00e4turvallisuuden.<\/p>\n","protected":false},"excerpt":{"rendered":"<p>Nocpix Rico 2 H75R &#8211; Pitk\u00e4n kantaman ammunta-asiantuntija 640\u00d7512 anturilla, 60Hz, integroidulla LRF:ll\u00e4 ja jatkuvalla zoomilla.<\/p>\n<p>Jos tuote ei ole saatavilla, ota yhteytt\u00e4: shop@nbg.eu tai +359896147790<\/p>\n","protected":false},"featured_media":676923,"template":"","meta":{"_acf_changed":false},"product_brand":[14454],"product_cat":[16072],"product_tag":[],"class_list":{"0":"post-676854","1":"product","2":"type-product","3":"status-publish","4":"has-post-thumbnail","6":"product_brand-nocpix","7":"product_cat-thermal-cameras-fi","9":"first","10":"instock","11":"taxable","12":"shipping-taxable","13":"purchasable","14":"product-type-simple"},"acf":[],"_links":{"self":[{"href":"https:\/\/nbg.eu\/fi\/wp-json\/wp\/v2\/product\/676854","targetHints":{"allow":["GET"]}}],"collection":[{"href":"https:\/\/nbg.eu\/fi\/wp-json\/wp\/v2\/product"}],"about":[{"href":"https:\/\/nbg.eu\/fi\/wp-json\/wp\/v2\/types\/product"}],"wp:featuredmedia":[{"embeddable":true,"href":"https:\/\/nbg.eu\/fi\/wp-json\/wp\/v2\/media\/676923"}],"wp:attachment":[{"href":"https:\/\/nbg.eu\/fi\/wp-json\/wp\/v2\/media?parent=676854"}],"wp:term":[{"taxonomy":"product_brand","embeddable":true,"href":"https:\/\/nbg.eu\/fi\/wp-json\/wp\/v2\/product_brand?post=676854"},{"taxonomy":"product_cat","embeddable":true,"href":"https:\/\/nbg.eu\/fi\/wp-json\/wp\/v2\/product_cat?post=676854"},{"taxonomy":"product_tag","embeddable":true,"href":"https:\/\/nbg.eu\/fi\/wp-json\/wp\/v2\/product_tag?post=676854"}],"curies":[{"name":"wp","href":"https:\/\/api.w.org\/{rel}","templated":true}]}}