{"id":676986,"date":"2025-11-17T17:25:28","date_gmt":"2025-11-17T14:25:28","guid":{"rendered":"https:\/\/nbg.eu\/product\/lampohakupaa-nocpix-ace-s60r-kisko-zeiss\/"},"modified":"2026-04-14T17:21:01","modified_gmt":"2026-04-14T14:21:01","slug":"lampohakupaa-nocpix-ace-s60r-kisko-zeiss","status":"publish","type":"product","link":"https:\/\/nbg.eu\/fi\/tuote\/lampohakupaa-nocpix-ace-s60r-kisko-zeiss\/","title":{"rendered":"Nocpix L\u00e4mp\u00f6t\u00e4ht\u00e4in ACE S60R ZEISS RAIL"},"content":{"rendered":"<h2>NocPix ACE S60R L\u00e4mp\u00f6optiikka<\/h2>\n<p>NocPix ACE S60R L\u00e4mp\u00f6optiikka on uusi, huipputeknologinen ty\u00f6kalu, joka on suunniteltu vaativimmille mets\u00e4st\u00e4jille, jotka vaativat huippusuoritusta haastavimmissakin olosuhteissa. T\u00e4m\u00e4n johtavan l\u00e4mp\u00f6optiikan edistyksellinen teknologia ja kest\u00e4v\u00e4 rakenne on suunniteltu auttamaan sinua hallitsemaan y\u00f6t\u00e4 ja kesytt\u00e4m\u00e4\u00e4n luonnon. Olitpa sitten etsim\u00e4ss\u00e4 saalista kaukaa tai seuraamassa nopeasti liikkuvia kohteita, ACE S60R tarjoaa vertaansa vailla olevaa selkeytt\u00e4, tarkkuutta ja luotettavuutta.<\/p>\n<p>T\u00e4m\u00e4n erinomaisen optiikan syd\u00e4men\u00e4 on toisen sukupolven HD-l\u00e4mp\u00f6sensori, jossa on 1280\u00d71024 resoluutio ja eritt\u00e4in herkk\u00e4 NETD-arvo (\u226415mK). T\u00e4m\u00e4 seuraavan sukupolven sensori mahdollistaa ACE S60R:n tunnistamaan jopa pienimm\u00e4tkin l\u00e4mp\u00f6tilan muutokset, tarjoten selkeit\u00e4 ja yksityiskohtaisia l\u00e4mp\u00f6kuvia reaaliajassa. 50 Hz:n kuvatarkkuudella optiikka tarjoaa tasaisen n\u00e4kym\u00e4n, joka pysyy mukana kohteesi liikkumisnopeuteen, mahdollistaen tarkan kiinnittymisen.<\/p>\n<p>NocPix ACE S60R sis\u00e4lt\u00e4\u00e4 my\u00f6s 60 mm\/F1.0 -objektiivin, joka ker\u00e4\u00e4 20 % enemm\u00e4n valoa kuin tavalliset optiikkat, tarjoten kirkkaampia ja selke\u00e4mpi\u00e4 kuvia jopa pimeimmiss\u00e4 olosuhteissa. Sen ylivoimainen yli 3100 metrin pitk\u00e4n matkan tunnistuset\u00e4isyys mahdollistaa kaukaisten kohteiden helpon tunnistamisen ja seuraamisen, tarjoten kriittisen edun pitk\u00e4n kantaman mets\u00e4stys- ja ampumatilanteissa. Yhdistettyn\u00e4 NocPixin omaan Reality+ -kuvank\u00e4sittelyalgoritmiin, ACE S60R v\u00e4hent\u00e4\u00e4 merkitt\u00e4v\u00e4sti ymp\u00e4rist\u00f6kohinaa, tarjoten ter\u00e4v\u00e4t ja kontrastikkaat kuvat joka kerta.<\/p>\n<p>Niille, jotka haluavat viel\u00e4 enemm\u00e4n visuaalista selkeytt\u00e4, ACE S60R on varustettu innovatiivisella Vision+-j\u00e4rjestelm\u00e4ll\u00e4. 1,03 tuuman py\u00f6re\u00e4 2560\u00d72560 AMOLED-n\u00e4ytt\u00f6 yhdistettyn\u00e4 alan johtavaan okulaariluuppiin tarjoaa vertaansa vailla olevan optisen suurennuksen ilman sumennusta tai v\u00e4\u00e4ristym\u00e4\u00e4, joka tyypillisesti liittyy elektroniseen zoomaukseen. T\u00e4m\u00e4 l\u00e4pimurtoteknologia varmistaa, ett\u00e4 sinulla on kristallinkirkas n\u00e4kym\u00e4 ja laaja n\u00e4k\u00f6kentt\u00e4, olitpa sitten l\u00e4hestym\u00e4ss\u00e4 kohdettasi tai tarkkailemassa ymp\u00e4rist\u00f6\u00e4.<\/p>\n<p>Tarkkuus on avaintekij\u00e4 mets\u00e4styksess\u00e4, eik\u00e4 ACE S60R pety. Sen sis\u00e4\u00e4nrakennettu laserkaukomittari (LRF) tarjoaa tarkkoja mittauksia aina 1200 metriin asti. LRF on sulautettu saumattomasti tyylikk\u00e4\u00e4seen muotoiluun, s\u00e4ilytt\u00e4en optisen akselilinjauksensa ja mahdollistaen sinun laskea tarkat et\u00e4isyydet h\u00e4iritsem\u00e4tt\u00e4 tarkennusta. Sis\u00e4\u00e4nrakennetut ballistiset laskentaominaisuudet varmistavat, ett\u00e4 ACE S60R:n laukaukset ovat tarkkoja ottaen huomioon kaikki tekij\u00e4t virheet\u00f6nt\u00e4 tarkkuutta varten.<\/p>\n<p>Mets\u00e4st\u00e4ji\u00e4 silm\u00e4ll\u00e4 pit\u00e4en NocPix ACE S60R on my\u00f6s varustettu kaksoisakkuj\u00e4rjestelm\u00e4ll\u00e4, jossa on sis\u00e4\u00e4nrakennettu 4000 mAh:n akku ja irrotettava 18650-akku, mik\u00e4 mahdollistaa pitk\u00e4kestoisen k\u00e4yt\u00f6n maastossa. Et en\u00e4\u00e4 huolehdi virran loppumisesta kesken mets\u00e4styksen &#8211; t\u00e4m\u00e4 j\u00e4rjestelm\u00e4 on suunniteltu kest\u00e4m\u00e4\u00e4n yht\u00e4 kauan kuin seikkailusi. Lis\u00e4ominaisuudet, kuten automaattinen n\u00e4yt\u00f6n sammutus, t\u00e4rin\u00e4st\u00e4 aktivoitu videotallenne ja suojukseton muotoilu tekev\u00e4t t\u00e4st\u00e4 l\u00e4mp\u00f6optiikasta todellisen pelin muuttajan maastossa.<\/p>\n<p>Suunniteltu kest\u00e4m\u00e4\u00e4n \u00e4\u00e4rimm\u00e4isi\u00e4 ulkok\u00e4ytt\u00f6olosuhteita, ACE S60R on valmistettu korkealuokkaisesta alumiiniseoksesta ja se on testattu kest\u00e4m\u00e4\u00e4n \u00e4\u00e4rimm\u00e4ist\u00e4 t\u00e4rin\u00e4\u00e4 ja kovaa k\u00e4ytt\u00f6\u00e4. IP67-luokituksen vedenkest\u00e4v\u00e4n\u00e4 se toimii moitteettomasti sateessa, p\u00f6lyss\u00e4 ja haastavissa olosuhteissa, varmistaen, ett\u00e4 optiikkasi on yht\u00e4 kest\u00e4v\u00e4 kuin mets\u00e4stysvaistonsa.<\/p>\n<p>NocPix ACE S60R on paljon enemm\u00e4n kuin vain l\u00e4mp\u00f6n\u00e4k\u00f6optiikka &#8211; se on mets\u00e4styksen ylin kumppani. Edistyksellisen teknologian, erinomaisen kest\u00e4vyyden ja joukon kehittyneit\u00e4 ominaisuuksia, jotka on suunniteltu parantamaan mets\u00e4styskokemustasi, t\u00e4m\u00e4 optiikka tulee uudelleen m\u00e4\u00e4ritt\u00e4m\u00e4\u00e4n odotuksesi varusteeseesi. Valmistaudu hallitsemaan y\u00f6t\u00e4.<\/p>\n","protected":false},"excerpt":{"rendered":"<p>Nocpix ACE S60R L\u00e4mp\u00f6kaukoputki on huippuluokan ty\u00f6kalu, joka on suunniteltu huippu-mets\u00e4st\u00e4jille. Siin\u00e4 on edistynytt\u00e4 teknologiaa, kest\u00e4v\u00e4 rakenne ja ominaisuuksia, kuten Gen-2 HD -l\u00e4mp\u00f6anturi, Vision+ -j\u00e4rjestelm\u00e4, integroitu laserkaukomittari ja kaksois akkuj\u00e4rjestelm\u00e4, jotka takaavat suorituskyvyn haastavissa olosuhteissa.<\/p>\n<p>Jos tuote ei ole saatavilla, ota meihin yhteytt\u00e4: shop@nbg.eu tai +359896147790<\/p>\n","protected":false},"featured_media":677653,"template":"","meta":{"_acf_changed":false},"product_brand":[14454],"product_cat":[13196],"product_tag":[],"class_list":{"0":"post-676986","1":"product","2":"type-product","3":"status-publish","4":"has-post-thumbnail","6":"product_brand-nocpix","7":"product_cat-laempoekamera","9":"first","10":"instock","11":"taxable","12":"shipping-taxable","13":"purchasable","14":"product-type-simple"},"acf":[],"_links":{"self":[{"href":"https:\/\/nbg.eu\/fi\/wp-json\/wp\/v2\/product\/676986","targetHints":{"allow":["GET"]}}],"collection":[{"href":"https:\/\/nbg.eu\/fi\/wp-json\/wp\/v2\/product"}],"about":[{"href":"https:\/\/nbg.eu\/fi\/wp-json\/wp\/v2\/types\/product"}],"wp:featuredmedia":[{"embeddable":true,"href":"https:\/\/nbg.eu\/fi\/wp-json\/wp\/v2\/media\/677653"}],"wp:attachment":[{"href":"https:\/\/nbg.eu\/fi\/wp-json\/wp\/v2\/media?parent=676986"}],"wp:term":[{"taxonomy":"product_brand","embeddable":true,"href":"https:\/\/nbg.eu\/fi\/wp-json\/wp\/v2\/product_brand?post=676986"},{"taxonomy":"product_cat","embeddable":true,"href":"https:\/\/nbg.eu\/fi\/wp-json\/wp\/v2\/product_cat?post=676986"},{"taxonomy":"product_tag","embeddable":true,"href":"https:\/\/nbg.eu\/fi\/wp-json\/wp\/v2\/product_tag?post=676986"}],"curies":[{"name":"wp","href":"https:\/\/api.w.org\/{rel}","templated":true}]}}