{"id":677683,"date":"2025-11-17T17:25:33","date_gmt":"2025-11-17T14:25:33","guid":{"rendered":"https:\/\/nbg.eu\/product\/lamponako-nocpix-ace-h50r-12um-640x512-15mk-netd\/"},"modified":"2026-04-14T15:54:40","modified_gmt":"2026-04-14T12:54:40","slug":"lamponako-nocpix-ace-h50r-12um-640x512-15mk-netd","status":"publish","type":"product","link":"https:\/\/nbg.eu\/fi\/tuote\/lamponako-nocpix-ace-h50r-12um-640x512-15mk-netd\/","title":{"rendered":"Nocpix L\u00e4mp\u00f6t\u00e4ht\u00e4in ACE H50R"},"content":{"rendered":"<h2>NocPix ACE H50R L\u00e4mp\u00f6kiikarit\u00e4ht\u00e4in<\/h2>\n<p>NocPix ACE H50R -l\u00e4mp\u00f6kiikarit\u00e4ht\u00e4in yhdist\u00e4\u00e4 edistyneen tekniikan ja kest\u00e4v\u00e4n rakenteen tarjoten vertaansa vailla olevan mets\u00e4styskokemuksen. Siin\u00e4 on 640&#215;512 -resoluutioinen l\u00e4mp\u00f6sensori, jonka NETD on enint\u00e4\u00e4n 12mK, mik\u00e4 takaa erinomaisen kuvalaadun. Havaitsemiset\u00e4isyys on jopa 3100 metri\u00e4, ja siihen on integroitu kaukoet\u00e4isyysmittari, jolla voi mitata tarkkoja et\u00e4isyyksi\u00e4 jopa 1200 metrin p\u00e4\u00e4h\u00e4n. Innovatiivinen Vision+-j\u00e4rjestelm\u00e4 tarjoaa silm\u00e4linssit\u00e4ydennyksen tarkoiksi l\u00e4hikuviksi, ja kaksoisakkul\u00e4hdej\u00e4rjestelm\u00e4 takaa pitk\u00e4kestoisen k\u00e4yt\u00f6n. T\u00e4m\u00e4 kiikarit\u00e4ht\u00e4in on valmistettu kest\u00e4v\u00e4st\u00e4 alumiiniseoksesta ja on luokiteltu IP67-luokkaan, joten se on suunniteltu toimimaan erinomaisesti kaikissa ulkotilak\u00e4yt\u00f6iss\u00e4 ja mukautumaan mihin tahansa tilanteeseen.<\/p>\n<p>Nocpix ACE H50 -l\u00e4mp\u00f6kiikarit\u00e4ht\u00e4in on edistyksellinen ty\u00f6kalu, joka on suunniteltu muuttamaan mets\u00e4styskokemusta uudelle tasolle, olitpa sitten liikkeess\u00e4 pime\u00e4ss\u00e4 y\u00f6ss\u00e4 tai j\u00e4ljitt\u00e4m\u00e4ss\u00e4 saalista vaativassa maastossa. Nocpixin lippulaivasarjaan kuuluvana t\u00e4m\u00e4 l\u00e4mp\u00f6optiikkat\u00e4ht\u00e4in erottuu ylivertaisella kuvanlaadullaan ja tarkkuudellaan, jonka mahdollistaa yrityksen itse kehitt\u00e4m\u00e4 korkearesoluutioinen l\u00e4mp\u00f6sensori sek\u00e4 kehittyneet Reality+- ja Vision+-j\u00e4rjestelm\u00e4t.<\/p>\n<p>Nocpix ACE H50R:n syd\u00e4men\u00e4 on Gen-2 HD -l\u00e4mp\u00f6sensori, jossa on 640&#215;512 -resoluutio ja 60Hz:n kuvanopeus, tarjoten vakaan ja tasaisen suorituskyvyn. NETD-arvoltaan enint\u00e4\u00e4n 12mK:n sensorilla havaitaan jopa pienimm\u00e4tkin l\u00e4mp\u00f6tilaerot, mik\u00e4 tuottaa yksityiskohtaisia ja tasaisia l\u00e4mp\u00f6kuvia, jotka sopivat erinomaisesti nopeasti liikkuvien kohteiden reaaliaikaiseen seurantaan. Kehittynyt Reality+-kuvank\u00e4sittelyalgoritmi parantaa t\u00e4t\u00e4 entisest\u00e4\u00e4n poistamalla ymp\u00e4rist\u00f6n l\u00e4mp\u00f6kohinaa ja tarjoamalla paremman kontrastin ja selkeyden, my\u00f6s haastavissa mets\u00e4stysolosuhteissa.<\/p>\n<p>ACE H50R on varustettu 50mm\/F0.9 -linssill\u00e4, joka p\u00e4\u00e4st\u00e4\u00e4 20% enemm\u00e4n valoa sensorille, tuottaen kirkkaampia ja selke\u00e4mpi\u00e4 kuvia. T\u00e4m\u00e4 on olennaista tarkkuutta tavoitteleville mets\u00e4st\u00e4jille, sill\u00e4 parantunut valon siirtyminen tarjoaa paremman n\u00e4kyvyyden h\u00e4m\u00e4r\u00e4ss\u00e4. Lis\u00e4ksi 3100 metrin havaitsemiset\u00e4isyys erottaa ACE:n muista, tehden kaukaisten kohteiden tunnistamisen ja j\u00e4ljitt\u00e4misen helpommaksi ja tehokkaammaksi kuin koskaan.<\/p>\n<p>Integroitu Vision+-j\u00e4rjestelm\u00e4 parantaa visuaalista kokemusta 1,03-tuumaisella py\u00f6re\u00e4ll\u00e4 AMOLED-n\u00e4yt\u00f6ll\u00e4, jossa on 2560&#215;2560 -resoluutio. Optinen zoomausj\u00e4rjestelm\u00e4, joka on suunniteltu v\u00e4ltt\u00e4m\u00e4\u00e4n perinteisille elektronisille zoomausmenetelmille tyypillisen sumentumisen ja v\u00e4\u00e4ristymisen, varmistaa, ett\u00e4 mets\u00e4st\u00e4j\u00e4t voivat nauttia selkeist\u00e4, korkearesoluutioisista l\u00e4hikuvista menett\u00e4m\u00e4tt\u00e4 yksityiskohtia. T\u00e4m\u00e4 tarjoaa immersiivisen ja mukavan katselukokemuksen, oli kyse sitten saaliin tarkkailusta kaukaa tai tarkkaan t\u00e4ht\u00e4\u00e4miseen k\u00e4ytett\u00e4v\u00e4st\u00e4 zoomauksesta.<\/p>\n<p>Pitk\u00e4kestoista kentt\u00e4k\u00e4ytt\u00f6\u00e4 varten ACE on varustettu kaksoisakkul\u00e4hdej\u00e4rjestelm\u00e4ll\u00e4, jossa on integroitu 4000mAh:n akku ja lis\u00e4ksi irrotettava 18650-akku, mik\u00e4 mahdollistaa keskeytyksett\u00f6m\u00e4n toiminnan pitkien mets\u00e4styssessioiden ajan. Kest\u00e4v\u00e4 rakenne, joka on valmistettu korkealujuuksisesta alumiiniseoksesta, varmistaa, ett\u00e4 ACE kest\u00e4\u00e4 kovia ulkoilmaolosuhteita ja raskasta k\u00e4ytt\u00f6\u00e4, sill\u00e4 se on l\u00e4p\u00e4issyt vaativat t\u00f6rm\u00e4ystestit. IP67-luokituksella t\u00e4ytettyn\u00e4 t\u00e4m\u00e4 t\u00e4ht\u00e4in pysyy luotettavana ep\u00e4suotuisissakin s\u00e4\u00e4olosuhteissa, tarjoten mets\u00e4st\u00e4jille rauhan mielen riippumatta ymp\u00e4rist\u00f6st\u00e4.<\/p>\n<p>Mets\u00e4st\u00e4jien tarpeita silm\u00e4ll\u00e4 pit\u00e4en Nocpix ACE H50R sis\u00e4lt\u00e4\u00e4 oleellisia ominaisuuksia, kuten t\u00e4rin\u00e4aktivoitu videokuvaus ja aukonsulkijaton suunnittelu, jotka helpottavat k\u00e4ytt\u00f6\u00e4 kent\u00e4ll\u00e4. K\u00e4ytt\u00e4j\u00e4yst\u00e4v\u00e4llisill\u00e4 lis\u00e4ominaisuuksilla, kuten tarkennuksen s\u00e4\u00e4t\u00e4j\u00e4ll\u00e4, lataussuojuksella ja mahdollisuudella toistaa videoita suoraan Galleria-toiminnolla, t\u00e4m\u00e4 t\u00e4ht\u00e4in yhdist\u00e4\u00e4 huippusuorituskyvyn ja k\u00e4yt\u00e4nn\u00f6llisyyden tarjoten optimaalisen mets\u00e4styskokemuksen.<\/p>\n","protected":false},"excerpt":{"rendered":"<p>Nocpix ACE H50R -kiikarit\u00e4ht\u00e4imess\u00e4 on 640&#215;512 -termokuvasensori, jolla on \u226412mK NETD, 3100m:n tunnistusalue, integroitu laseret\u00e4isyysmittari ja Vision+ -j\u00e4rjestelm\u00e4, jotka tarjoavat vertaansa vailla olevan mets\u00e4styskokemuksen.<\/p>\n<p>Jos tuotetta ei ole saatavilla, ota meihin yhteytt\u00e4: shop@nbg.eu tai +359896147790<\/p>\n","protected":false},"featured_media":677933,"template":"","meta":{"_acf_changed":false},"product_brand":[14454],"product_cat":[13196],"product_tag":[],"class_list":{"0":"post-677683","1":"product","2":"type-product","3":"status-publish","4":"has-post-thumbnail","6":"product_brand-nocpix","7":"product_cat-laempoekamera","9":"first","10":"outofstock","11":"taxable","12":"shipping-taxable","13":"purchasable","14":"product-type-simple"},"acf":[],"_links":{"self":[{"href":"https:\/\/nbg.eu\/fi\/wp-json\/wp\/v2\/product\/677683","targetHints":{"allow":["GET"]}}],"collection":[{"href":"https:\/\/nbg.eu\/fi\/wp-json\/wp\/v2\/product"}],"about":[{"href":"https:\/\/nbg.eu\/fi\/wp-json\/wp\/v2\/types\/product"}],"wp:featuredmedia":[{"embeddable":true,"href":"https:\/\/nbg.eu\/fi\/wp-json\/wp\/v2\/media\/677933"}],"wp:attachment":[{"href":"https:\/\/nbg.eu\/fi\/wp-json\/wp\/v2\/media?parent=677683"}],"wp:term":[{"taxonomy":"product_brand","embeddable":true,"href":"https:\/\/nbg.eu\/fi\/wp-json\/wp\/v2\/product_brand?post=677683"},{"taxonomy":"product_cat","embeddable":true,"href":"https:\/\/nbg.eu\/fi\/wp-json\/wp\/v2\/product_cat?post=677683"},{"taxonomy":"product_tag","embeddable":true,"href":"https:\/\/nbg.eu\/fi\/wp-json\/wp\/v2\/product_tag?post=677683"}],"curies":[{"name":"wp","href":"https:\/\/api.w.org\/{rel}","templated":true}]}}