{"id":678115,"date":"2025-11-17T17:25:36","date_gmt":"2025-11-17T14:25:36","guid":{"rendered":"https:\/\/nbg.eu\/product\/lampokaukoputki-nocpix-lumi-l35\/"},"modified":"2026-01-21T11:39:11","modified_gmt":"2026-01-21T08:39:11","slug":"lampokaukoputki-nocpix-lumi-l35","status":"publish","type":"product","link":"https:\/\/nbg.eu\/fi\/tuote\/lampokaukoputki-nocpix-lumi-l35\/","title":{"rendered":"L\u00e4mp\u00f6kaukoputki Nocpix LUMI L35"},"content":{"rendered":"<h2>Maksimaalinen suorituskyky minimipaineella \u2013 Nocpix LUMI L35: Korvaamaton kumppanisi kentt\u00e4ty\u00f6ss\u00e4<\/h2>\n<p>LUMI-l\u00e4mp\u00f6kuvamonokulaari-sarja on suunniteltu sek\u00e4 p\u00e4iv\u00e4- ett\u00e4 y\u00f6k\u00e4ytt\u00f6\u00f6n ja tarjoaa sinulle poikkeuksellisen kuvanlaadun jopa vaikeissa s\u00e4\u00e4olosuhteissa, kuten sumussa, savussa tai sateessa. Vaikka esteet, kuten oksat, korkea heinikko tai tihe\u00e4 kasvipeite vaikeuttaisivat n\u00e4kyvyytt\u00e4, t\u00e4m\u00e4n teknologian ansiosta voit aina selke\u00e4sti n\u00e4hd\u00e4 edess\u00e4si olevan.<\/p>\n<p>LUMI-l\u00e4mp\u00f6kamerat soveltuvat erinomaisesti erilaisiin k\u00e4ytt\u00f6tarkoituksiin, kuten mets\u00e4stykseen, valvontaan, turvallisuuteen, maastoon suuntautumiseen tai pelastustoimintaan.<\/p>\n<h2>Vertaansa vailla oleva kuvaussuorituskyky ter\u00e4viin kuviin<\/h2>\n<p>LUMI-sarja asettaa uudet standardit kuulanlaatuun. Varustettuina edistyneimmill\u00e4 kuvaustekniikoilla ja tehokkaalla l\u00e4mp\u00f6sensorilla, jonka NETD &lt; 18 mK, kamera tuottaa ter\u00e4v\u00e4t ja realistiset kuvat. AMOLED-n\u00e4yt\u00f6n 1024 x 768 pikselin tarkkuus takaa erinomaisen kuvanlaadun, ja Ultra Clear -tila optimoi edelleen kuvien selkeytt\u00e4, erityisesti vaikeissa s\u00e4\u00e4olosuhteissa.<\/p>\n<h2>Mukautettu katselukokemus \u2013 Mukauta laitteesi t\u00e4ydellisesti<\/h2>\n<p>Keskikokoisella 384 x 288 px -anturilla ja useilla asetuksilla voit mukauttaa laitteen t\u00e4sm\u00e4lleen omiin tarpeisiisi. Valitse 5 v\u00e4ritilaa ja optimoi n\u00e4kym\u00e4si 10 eri kirkkaus-, ter\u00e4vyys- ja kontrastiasetuksella &#8211; jotta mik\u00e4\u00e4n yksityiskohta ei j\u00e4isi huomaamatta.<\/p>\n<h2>Helppok\u00e4ytt\u00f6inen kokemusten jakaminen<\/h2>\n<p>Erityisten hetkien tallentaminen on olennaista nykyaikaiselle mets\u00e4st\u00e4j\u00e4lle. Nocpix LUMI L35 -laitteella voit paitsi k\u00e4tev\u00e4sti jakaa tallenteitasi sovelluksen kautta, my\u00f6s katsella niit\u00e4 suoraan laitteella &#8211; t\u00e4ydellinen tapa jakaa kokemuksiasi v\u00e4litt\u00f6m\u00e4sti muiden kanssa.<\/p>\n<h2>Joustavaa k\u00e4ytt\u00f6\u00e4 irrotettavan akun ansiosta<\/h2>\n<p>LUMI-sarja on varustettu tavanomaisilla 18650-akuilla, mik\u00e4 tuo sinulle maksimaalisen joustavuuden. Aina minne tahansa menetkin, mukana tuleva akkulaturi saa sinut taas nopeasti valmiiksi jatkamaan toimintaasi.<\/p>\n","protected":false},"excerpt":{"rendered":"<p>Maksimaalinen suorituskyky minimipainolla \u2013 Nocpix LUMI L35: Korvaamaton seuralainen kent\u00e4ll\u00e4. 384 anturia 18 mK:n tarkkuudella, AMOLED-n\u00e4ytt\u00f6 1024 \u00d7 768 pikseli\u00e4, irrotettava 18650-akku, havaitsemisalue noin 1800 metri\u00e4, suuri perusmuurauksen mets\u00e4stykseen, kompakti rakenne.<\/p>\n","protected":false},"featured_media":678289,"template":"","meta":{"_acf_changed":false},"product_brand":[14454],"product_cat":[13196,369],"product_tag":[],"class_list":{"0":"post-678115","1":"product","2":"type-product","3":"status-publish","4":"has-post-thumbnail","6":"product_brand-nocpix","7":"product_cat-laempoekamera","8":"product_cat-uncategorized","10":"first","11":"instock","12":"taxable","13":"shipping-taxable","14":"purchasable","15":"product-type-simple"},"acf":[],"_links":{"self":[{"href":"https:\/\/nbg.eu\/fi\/wp-json\/wp\/v2\/product\/678115","targetHints":{"allow":["GET"]}}],"collection":[{"href":"https:\/\/nbg.eu\/fi\/wp-json\/wp\/v2\/product"}],"about":[{"href":"https:\/\/nbg.eu\/fi\/wp-json\/wp\/v2\/types\/product"}],"wp:featuredmedia":[{"embeddable":true,"href":"https:\/\/nbg.eu\/fi\/wp-json\/wp\/v2\/media\/678289"}],"wp:attachment":[{"href":"https:\/\/nbg.eu\/fi\/wp-json\/wp\/v2\/media?parent=678115"}],"wp:term":[{"taxonomy":"product_brand","embeddable":true,"href":"https:\/\/nbg.eu\/fi\/wp-json\/wp\/v2\/product_brand?post=678115"},{"taxonomy":"product_cat","embeddable":true,"href":"https:\/\/nbg.eu\/fi\/wp-json\/wp\/v2\/product_cat?post=678115"},{"taxonomy":"product_tag","embeddable":true,"href":"https:\/\/nbg.eu\/fi\/wp-json\/wp\/v2\/product_tag?post=678115"}],"curies":[{"name":"wp","href":"https:\/\/api.w.org\/{rel}","templated":true}]}}