{"id":678367,"date":"2025-11-18T18:19:28","date_gmt":"2025-11-18T15:19:28","guid":{"rendered":"https:\/\/nbg.eu\/product\/nocpix-quest-l35r-384x288-netd-15mk\/"},"modified":"2026-04-14T15:54:33","modified_gmt":"2026-04-14T12:54:33","slug":"nocpix-quest-l35r-384x288-netd-15mk","status":"publish","type":"product","link":"https:\/\/nbg.eu\/fi\/tuote\/nocpix-quest-l35r-384x288-netd-15mk\/","title":{"rendered":"Nocpix L\u00e4mp\u00f6kiikarit Quest L35R"},"content":{"rendered":"<h2>Nocpix Quest L35R 384&#215;288 NETD \u226415mK: Vapauta l\u00e4mp\u00f6n\u00e4k\u00f6si<\/h2>\n<p>QUEST on kevyt ja kannettava, ja siin\u00e4 on havainnointimatka jopa 2600 metriin ja sis\u00e4\u00e4nrakennettu salainen kantam\u00e4n laseret\u00e4isyysmittari, joka kantaa 1000 metriin saakka, mik\u00e4 parantaa tarkkuutta ja n\u00e4kyvyytt\u00e4. Sen perinteinen kiikarik\u00e4ytt\u00f6inen suunnittelu sis\u00e4lt\u00e4\u00e4 t\u00e4yden kumip\u00e4\u00e4llysteen ja IP67-luokituksen kest\u00e4vyytt\u00e4 ja mukavuutta varten kovissa olosuhteissa. Siin\u00e4 on tehokas 640&#215;512-anturi (NETD \u226415mK, 60Hz), joka tarjoaa erinomaisen kuvanlaadun, l\u00e4mp\u00f6herkkyyden ja ongelmattoman k\u00e4yt\u00f6n vaativissa ymp\u00e4rist\u00f6iss\u00e4.<\/p>\n<h2>Erinomainen kuvanlaatu ja selkeys<\/h2>\n<p>Nocpix QUEST-laitteessa on R+ -kuvank\u00e4sittely parempaa selkeytt\u00e4 ja tarkkuutta varten yhdess\u00e4 1920&#215;1200 AMOLED -n\u00e4yt\u00f6n kanssa, joka tarjoaa upottavan ja silmille yst\u00e4v\u00e4llisen katselukokemuksen.<\/p>\n<h2>Erinomainen anturi huipputuloksille<\/h2>\n<p>Nocpix QUEST on varustettu suorituskykyisell\u00e4 anturilla (640&#215;512@12\u00b5m), joka tuottaa erinomaisen kuvanlaadun. NETD \u226415mK ja 60Hz kuvanopeus takaavat erinomaisen l\u00e4mp\u00f6herkkyyden, joka tuottaa selvi\u00e4 ja n\u00e4kyvi\u00e4 kuvia jopa vaativimmissa ymp\u00e4rist\u00f6iss\u00e4.<\/p>\n<h2>Tehokkaat havaintokyvyt<\/h2>\n<p>Nocpix QUEST:ss\u00e4 on havainnointiet\u00e4isyys jopa 2600 metri\u00e4 ja sis\u00e4\u00e4nrakennettu salainen kantaman laseret\u00e4isyysmittari, joka ulottuu 1000 metriin saakka, mik\u00e4 mahdollistaa n\u00e4kemisen kauemmas ja tarkemmin kuin koskaan aiemmin. Se tukee my\u00f6s ballistisia laskelmia, jotka tarjoavat tukitietoja yhteisty\u00f6ss\u00e4 tapahtuvaan mets\u00e4stykseen.<\/p>\n<h2>Ergonominen yksi k\u00e4dell\u00e4 k\u00e4ytett\u00e4v\u00e4<\/h2>\n<p>Nocpix QUEST tarjoaa ergonomisen, luistamattoman k\u00e4sittelyn yksinkertaisella 4-painikkeen asettelulla ja keskitetyill\u00e4 rullilla, jotka mahdollistavat helpon yksi k\u00e4den k\u00e4yt\u00f6n ja tukevan otteen kaikissa olosuhteissa.<\/p>\n<h2>Kevyt ja kannettava<\/h2>\n<p>QUEST painaa vain 700 g ja sis\u00e4lt\u00e4\u00e4 mukautetun kantokotelon, mik\u00e4 tarjoaa helpon kannettavuuden ja mukavuuden ulkoaktiviteetteja, kuten mets\u00e4styst\u00e4 ja tutkimista varten.<\/p>\n<h2>Luotettava virrankulutuskyky<\/h2>\n<p>QUEST-sarjassa on kaksipatterinen suunnittelu, jossa on sis\u00e4inen ja vaihdettava 18650-akku, mik\u00e4 takaa vaivattoman vaihtamisen ja jatkuvan k\u00e4yt\u00f6n seikkailusi aikana.<\/p>\n<h2>Kest\u00e4v\u00e4 ja mukava muotoilu<\/h2>\n<p>QUEST:ss\u00e4 on perinteinen kiikarik\u00e4ytt\u00f6inen suunnittelu, jossa on hieno kumip\u00e4\u00e4llyste ja IP67-luokitus vesi- ja p\u00f6lysuojauksella, mik\u00e4 takaa sek\u00e4 kest\u00e4vyyden ett\u00e4 yleisen mukavuuden.<\/p>\n","protected":false},"excerpt":{"rendered":"<p>Nocpix QUEST L35R 384&#215;288 NETD &lt;15mK: Kevyt, kannettava l\u00e4mp\u00f6kamera, jossa on 2600m:n havaitsemiset\u00e4isyys, sis\u00e4\u00e4nrakennettu 1000m:n laseret\u00e4isyysmittari ja erinomainen kuvanlaatu.<\/p>\n<p>Jos tuote ei ole saatavilla, ota meihin yhteytt\u00e4: shop@nbg.eu tai +359896147790<\/p>\n","protected":false},"featured_media":678864,"template":"","meta":{"_acf_changed":false},"product_brand":[14454],"product_cat":[14681,13196,16072],"product_tag":[],"class_list":{"0":"post-678367","1":"product","2":"type-product","3":"status-publish","4":"has-post-thumbnail","6":"product_brand-nocpix","7":"product_cat-kiikarit","8":"product_cat-laempoekamera","9":"product_cat-thermal-cameras-fi","11":"first","12":"instock","13":"taxable","14":"shipping-taxable","15":"purchasable","16":"product-type-simple"},"acf":[],"_links":{"self":[{"href":"https:\/\/nbg.eu\/fi\/wp-json\/wp\/v2\/product\/678367","targetHints":{"allow":["GET"]}}],"collection":[{"href":"https:\/\/nbg.eu\/fi\/wp-json\/wp\/v2\/product"}],"about":[{"href":"https:\/\/nbg.eu\/fi\/wp-json\/wp\/v2\/types\/product"}],"wp:featuredmedia":[{"embeddable":true,"href":"https:\/\/nbg.eu\/fi\/wp-json\/wp\/v2\/media\/678864"}],"wp:attachment":[{"href":"https:\/\/nbg.eu\/fi\/wp-json\/wp\/v2\/media?parent=678367"}],"wp:term":[{"taxonomy":"product_brand","embeddable":true,"href":"https:\/\/nbg.eu\/fi\/wp-json\/wp\/v2\/product_brand?post=678367"},{"taxonomy":"product_cat","embeddable":true,"href":"https:\/\/nbg.eu\/fi\/wp-json\/wp\/v2\/product_cat?post=678367"},{"taxonomy":"product_tag","embeddable":true,"href":"https:\/\/nbg.eu\/fi\/wp-json\/wp\/v2\/product_tag?post=678367"}],"curies":[{"name":"wp","href":"https:\/\/api.w.org\/{rel}","templated":true}]}}