{"id":679448,"date":"2025-11-18T18:19:37","date_gmt":"2025-11-18T15:19:37","guid":{"rendered":"https:\/\/nbg.eu\/product\/nocpix-quest-h50r-lrf-640x512-netd-15mk\/"},"modified":"2026-04-14T15:54:29","modified_gmt":"2026-04-14T12:54:29","slug":"nocpix-quest-h50r-lrf-640x512-netd-15mk","status":"publish","type":"product","link":"https:\/\/nbg.eu\/fi\/tuote\/nocpix-quest-h50r-lrf-640x512-netd-15mk\/","title":{"rendered":"Nocpix L\u00e4mp\u00f6kiikarit Quest H50R LRF"},"content":{"rendered":"<h2>Nocpix Quest H50R LRF 640&#215;512 NETD \u226415mK<\/h2>\n<p>QUEST on kevyt ja kannettava, tarjoten havaitsemismatkan jopa 2600 metriin ja sis\u00e4\u00e4nrakennetun peitteisen kaukomatkanmittaimen, joka kantaa 1000 metri\u00e4 tarjoten paremman tarkkuuden ja n\u00e4kyvyyden. Sen perinteinen kiikareiden muotoilu sis\u00e4lt\u00e4\u00e4 t\u00e4yden kumipinnoitteen ja IP67-luokituksen kest\u00e4vyytt\u00e4 ja mukavuutta varten kovissa oloissa. Varustettu suorituskykyisell\u00e4 640&#215;512 anturilla (NETD \u226415mK, 60Hz), QUEST tarjoaa erinomaisen kuvanselkeyden, paremman l\u00e4mp\u00f6herkkyyyden ja ongelmaton toiminta haastavissa ymp\u00e4rist\u00f6iss\u00e4.<\/p>\n<h2>L\u00e4mp\u00f6anturi<\/h2>\n<p>Nocpix QUEST sis\u00e4lt\u00e4\u00e4 R+ kuvan parannuksen paremman selkeyden ja tarkkuuden vuoksi, yhdess\u00e4 1920&#215;1200 AMOLED-n\u00e4yt\u00f6n kanssa tarjoten immersiivisen, silm\u00e4ystyst\u00e4 lepuuttavan katselukokemuksen.<\/p>\n<h2>Ylivoimainen anturi takaa erinomaisuuden<\/h2>\n<p>Nocpix QUEST on varustettu suorituskykyisell\u00e4 anturilla (640&#215;512@12\u00b5m), joka tarjoaa erinomaisen kuvanselkeyden. NETD \u226415mK ja 60Hz kuvataajuudella, se tarjoaa ylivoimaisen l\u00e4mp\u00f6herkkyyden, tuottaen selkeit\u00e4 ja visuaalisia kuvia jopa haastavimmissa ymp\u00e4rist\u00f6iss\u00e4.<\/p>\n<h2>Voimakkaat havaitsemiskyvyt<\/h2>\n<p>Nocpix QUEST sis\u00e4lt\u00e4\u00e4 havaitsemiset\u00e4isyyden jopa 2600 m ja sis\u00e4\u00e4nrakennetun piilotetun kaukomatkanmittaimen, joka ulottuu 1000 metriin, mahdollistaen n\u00e4kemisen pidemm\u00e4lle ja tarkemmin kuin koskaan aiemmin. Se tukee my\u00f6s balistisia laskelmia, tarjoten tietotukea yhteistoiminnalliseen mets\u00e4stykseen.<\/p>\n<h2>Yksik\u00e4tinen k\u00e4ytt\u00f6<\/h2>\n<p>Nocpix QUEST tarjoaa ergonomisen, luistamattoman k\u00e4sittelyn yksinkertaisella 4-painikkeisella asettelulla ja keskitetyill\u00e4 rullilla yksik\u00e4tist\u00e4 k\u00e4ytt\u00f6\u00e4 ja turvallista otetta kaikissa olosuhteissa varten.<\/p>\n<h2>Kevyt ja kannettava<\/h2>\n<p>QUEST painaa vain 700 g ja sis\u00e4lt\u00e4\u00e4 r\u00e4\u00e4t\u00e4l\u00f6idyn kuljetuskassin tarjoten helpon siirrett\u00e4vyyden ja mukavuuden ulkona tapahtuviin aktiviteetteihin kuten mets\u00e4stykseen ja retkeilyyn.<\/p>\n<h2>Poista huoli virran suhteen<\/h2>\n<p>QUEST-sarja sis\u00e4lt\u00e4\u00e4 kaksoisakku-suunnittelun sis\u00e4\u00e4nrakennetulla ja vaihdettavalla 18650-akulla, varmistaen vaivattoman vaihdon ja jatkuvan k\u00e4yt\u00f6n seikkailujesi aikana.<\/p>\n<h2>Perinteinen kiikareiden kokemus<\/h2>\n<p>QUEST sis\u00e4lt\u00e4\u00e4 perinteisen kiikareiden muotoilun hienostuneella t\u00e4ydell\u00e4 kumipinnoituksella ja IP67-luokituksella veden ja p\u00f6lyn kestoa varten, varmistaen sek\u00e4 kest\u00e4vyyden ett\u00e4 yleisen mukavuuden.<\/p>\n","protected":false},"excerpt":{"rendered":"<p>Nocpix Quest H50R LRF 640&#215;512 NETD &lt;15mK: Kevyt, kannettava l\u00e4mp\u00f6kamera, jossa on 2600m:n havaitsemiset\u00e4isyys, 1000m:n LRF ja huippuluokan 640&#215;512 -anturi.<\/p>\n<p>Jos tuote ei ole saatavilla, ota meihin yhteytt\u00e4: shop@nbg.eu tai +359896147790<\/p>\n","protected":false},"featured_media":679506,"template":"","meta":{"_acf_changed":false},"product_brand":[14454],"product_cat":[14681,13196,16072],"product_tag":[],"class_list":{"0":"post-679448","1":"product","2":"type-product","3":"status-publish","4":"has-post-thumbnail","6":"product_brand-nocpix","7":"product_cat-kiikarit","8":"product_cat-laempoekamera","9":"product_cat-thermal-cameras-fi","11":"first","12":"instock","13":"taxable","14":"shipping-taxable","15":"purchasable","16":"product-type-simple"},"acf":[],"_links":{"self":[{"href":"https:\/\/nbg.eu\/fi\/wp-json\/wp\/v2\/product\/679448","targetHints":{"allow":["GET"]}}],"collection":[{"href":"https:\/\/nbg.eu\/fi\/wp-json\/wp\/v2\/product"}],"about":[{"href":"https:\/\/nbg.eu\/fi\/wp-json\/wp\/v2\/types\/product"}],"wp:featuredmedia":[{"embeddable":true,"href":"https:\/\/nbg.eu\/fi\/wp-json\/wp\/v2\/media\/679506"}],"wp:attachment":[{"href":"https:\/\/nbg.eu\/fi\/wp-json\/wp\/v2\/media?parent=679448"}],"wp:term":[{"taxonomy":"product_brand","embeddable":true,"href":"https:\/\/nbg.eu\/fi\/wp-json\/wp\/v2\/product_brand?post=679448"},{"taxonomy":"product_cat","embeddable":true,"href":"https:\/\/nbg.eu\/fi\/wp-json\/wp\/v2\/product_cat?post=679448"},{"taxonomy":"product_tag","embeddable":true,"href":"https:\/\/nbg.eu\/fi\/wp-json\/wp\/v2\/product_tag?post=679448"}],"curies":[{"name":"wp","href":"https:\/\/api.w.org\/{rel}","templated":true}]}}