{"id":681037,"date":"2025-12-17T14:06:52","date_gmt":"2025-12-17T11:06:52","guid":{"rendered":"https:\/\/nbg.eu\/product\/manly-peak-g10-musta-cpm-s90v\/"},"modified":"2026-01-21T11:41:29","modified_gmt":"2026-01-21T08:41:29","slug":"manly-peak-g10-musta-cpm-s90v","status":"publish","type":"product","link":"https:\/\/nbg.eu\/fi\/tuote\/manly-peak-g10-musta-cpm-s90v\/","title":{"rendered":"Manly PEAK G10 MUSTA CPM S90V"},"content":{"rendered":"<h2>Manly PEAK G10 BLACK CPM S90V &#8211; Erinomainen yhden k\u00e4den taittuvapuukko<\/h2>\n<p>Koe erinomainen Manly PEAK G10 BLACK CPM S90V taittuva puukko, ainutlaatuinen ja monipuolinen ty\u00f6kalu, joka on suunniteltu erilaisiin aktiviteetteihin. Poiketen Comrade-mallista, t\u00e4ss\u00e4 puukossa on upea suunnittelu, joka tekee siit\u00e4 t\u00e4ydellisen kumppanin kaikenlaisiin teht\u00e4viin.<\/p>\n<p>Saatavilla on kaksi erillist\u00e4 versiota, PEAK tarjoaa k\u00e4teisyytt\u00e4 yhden tai kahden k\u00e4den avaukseen, riippuen henkil\u00f6kohtaisista mieltymyksist\u00e4. Tarkasti valmistettu, ter\u00e4 on valmistettu suorituskykyisest\u00e4 CPM S90V ter\u00e4ksest\u00e4, mik\u00e4 takaa erinomaisen ter\u00e4n pidon ja korroosionkest\u00e4vyyden.<\/p>\n<p>Kest\u00e4v\u00e4 G10-kahva tarjoaa tukevan ja mukavan otteen, mik\u00e4 tekee PEAK:ist\u00e4 luotettavan valinnan jokap\u00e4iv\u00e4iseen k\u00e4ytt\u00f6\u00f6n tai ulkoiluretkille. Peukalonreik\u00e4 avauskoneistolla ja manuaalisella Backlock-j\u00e4rjestelm\u00e4ll\u00e4, t\u00e4m\u00e4 puukko tarjoaa sujuvan yhden k\u00e4den k\u00e4ytt\u00f6kokemuksen, mik\u00e4 mahdollistaa teht\u00e4vien tehokkaan suorittamisen.<\/p>\n<p>Painaen vain 115 grammaa, PEAK on kevyt mutta luja ty\u00f6kalu, joka ei rasita sinua. Olipa kyseess\u00e4 ulkoiluharrastaja, taktinen operaattori tai henkil\u00f6, joka etsii monipuolista ja hyvin suunniteltua taitettua puukkoa, Manly PEAK G10 BLACK CPM S90V on vastaus.<\/p>\n","protected":false},"excerpt":{"rendered":"<p>PEAK CPM S90V musta yksi k\u00e4si veitsi, erinomainen suunnittelu kaikenlaista toimintaa varten.<\/p>\n","protected":false},"featured_media":681060,"template":"","meta":{"_acf_changed":false},"product_brand":[15081],"product_cat":[13210,15378,15357],"product_tag":[],"class_list":{"0":"post-681037","1":"product","2":"type-product","3":"status-publish","4":"has-post-thumbnail","6":"product_brand-manly-knives","7":"product_cat-edc","8":"product_cat-folding-knives-fi","9":"product_cat-knives-fi","11":"first","12":"outofstock","13":"taxable","14":"shipping-taxable","15":"purchasable","16":"product-type-simple"},"acf":[],"_links":{"self":[{"href":"https:\/\/nbg.eu\/fi\/wp-json\/wp\/v2\/product\/681037","targetHints":{"allow":["GET"]}}],"collection":[{"href":"https:\/\/nbg.eu\/fi\/wp-json\/wp\/v2\/product"}],"about":[{"href":"https:\/\/nbg.eu\/fi\/wp-json\/wp\/v2\/types\/product"}],"wp:featuredmedia":[{"embeddable":true,"href":"https:\/\/nbg.eu\/fi\/wp-json\/wp\/v2\/media\/681060"}],"wp:attachment":[{"href":"https:\/\/nbg.eu\/fi\/wp-json\/wp\/v2\/media?parent=681037"}],"wp:term":[{"taxonomy":"product_brand","embeddable":true,"href":"https:\/\/nbg.eu\/fi\/wp-json\/wp\/v2\/product_brand?post=681037"},{"taxonomy":"product_cat","embeddable":true,"href":"https:\/\/nbg.eu\/fi\/wp-json\/wp\/v2\/product_cat?post=681037"},{"taxonomy":"product_tag","embeddable":true,"href":"https:\/\/nbg.eu\/fi\/wp-json\/wp\/v2\/product_tag?post=681037"}],"curies":[{"name":"wp","href":"https:\/\/api.w.org\/{rel}","templated":true}]}}