{"id":681166,"date":"2026-01-08T18:14:00","date_gmt":"2026-01-08T15:14:00","guid":{"rendered":"https:\/\/nbg.eu\/product\/manly-peak-musta-14c28n\/"},"modified":"2026-01-21T11:41:25","modified_gmt":"2026-01-21T08:41:25","slug":"manly-peak-musta-14c28n","status":"publish","type":"product","link":"https:\/\/nbg.eu\/fi\/tuote\/manly-peak-musta-14c28n\/","title":{"rendered":"Manly PEAK MUSTA 14C28N"},"content":{"rendered":"<h2>Manly PEAK BLACK 14C28N \u2013 Arkip\u00e4iv\u00e4inen kantokeppi<\/h2>\n<p>Jatkamme Manly-perinteen mukaista kohtuuhintaisten, korkealaatuisten taskuveitsien tarjoamista. PEAK \u2013 14C28N Black (One Hand) on monipuolisuuden ja k\u00e4yt\u00e4nn\u00f6llisyyden huippu. T\u00e4m\u00e4 taittuva veitsi on valmistettu tarkasti k\u00e4ytt\u00e4en 14C28N-ruostumatonta ter\u00e4st\u00e4 ja G10-kahvaa, mik\u00e4 takaa kest\u00e4v\u00e4n ja luotettavan leikkuuv\u00e4lineen jokap\u00e4iv\u00e4isiin teht\u00e4viin.<\/p>\n<p>Veitsi on suunniteltu molempik\u00e4tiseen k\u00e4ytt\u00f6\u00f6n, ja sen irrotettava klipsi mahdollistaa helpon vasemman- tai oikeanpuoleisen k\u00e4yt\u00f6n, mik\u00e4 tekee siit\u00e4 ihanteellisen oikea- tai vasenk\u00e4tiselle k\u00e4ytt\u00e4j\u00e4lle. Takalukitusj\u00e4rjestelm\u00e4 tarjoaa turvallisen ja luotettavan lukituksen, mik\u00e4 varmistaa, ett\u00e4 ter\u00e4 pysyy paikallaan k\u00e4yt\u00f6n aikana.<\/p>\n<p>Kokonaispituudeltaan 22 cm ja ter\u00e4n pituudeltaan 9,4 cm, PEAK \u2013 14C28N Black (One Hand) tarjoaa mukavan ja hallittavan koon, joka soveltuu monenlaisiin k\u00e4ytt\u00f6tarkoituksiin, ulkoilusta arkip\u00e4iv\u00e4n toimiin. Painoltaan 115 g, t\u00e4m\u00e4 veitsi l\u00f6yt\u00e4\u00e4 t\u00e4ydellisen tasapainon painon ja kannettavuuden v\u00e4lill\u00e4, tehden siit\u00e4 luotettavan ja monipuolisen valinnan p\u00e4ivitt\u00e4iseen kantamiseen.<\/p>\n<p>Mattapintaisella 14C28N-ter\u00e4ll\u00e4 ja tyylikk\u00e4\u00e4ll\u00e4 mustalla G10-kahvalla, PEAK \u2013 14C28N Black (One Hand) ei vain suoriudu erinomaisesti, vaan se my\u00f6s edustaa tyylikk\u00e4\u00e4n ja modernin ulkon\u00e4\u00f6n, joka sopii kenen tahansa henkil\u00f6kohtaiseen tyyliin. Oletpa sitten retkeilij\u00e4, k\u00e4sity\u00f6l\u00e4inen tai vain arvostelija, Manly PEAK \u2013 14C28N Black (One Hand) on t\u00e4ydellinen lis\u00e4 p\u00e4ivitt\u00e4iseen kantolaukkuusi.<\/p>\n","protected":false},"excerpt":{"rendered":"<p>J\u00e4rkev\u00e4hint\u00e4inen taskuveitseen 14C28N ruotsalaisella ter\u00e4ksell\u00e4, k\u00e4\u00e4nnett\u00e4v\u00e4ll\u00e4 klipill\u00e4 ja lukolla.<\/p>\n","protected":false},"featured_media":685045,"template":"","meta":{"_acf_changed":false},"product_brand":[15081],"product_cat":[13210],"product_tag":[],"class_list":{"0":"post-681166","1":"product","2":"type-product","3":"status-publish","4":"has-post-thumbnail","6":"product_brand-manly-knives","7":"product_cat-edc","9":"first","10":"instock","11":"taxable","12":"shipping-taxable","13":"purchasable","14":"product-type-simple"},"acf":[],"_links":{"self":[{"href":"https:\/\/nbg.eu\/fi\/wp-json\/wp\/v2\/product\/681166","targetHints":{"allow":["GET"]}}],"collection":[{"href":"https:\/\/nbg.eu\/fi\/wp-json\/wp\/v2\/product"}],"about":[{"href":"https:\/\/nbg.eu\/fi\/wp-json\/wp\/v2\/types\/product"}],"wp:featuredmedia":[{"embeddable":true,"href":"https:\/\/nbg.eu\/fi\/wp-json\/wp\/v2\/media\/685045"}],"wp:attachment":[{"href":"https:\/\/nbg.eu\/fi\/wp-json\/wp\/v2\/media?parent=681166"}],"wp:term":[{"taxonomy":"product_brand","embeddable":true,"href":"https:\/\/nbg.eu\/fi\/wp-json\/wp\/v2\/product_brand?post=681166"},{"taxonomy":"product_cat","embeddable":true,"href":"https:\/\/nbg.eu\/fi\/wp-json\/wp\/v2\/product_cat?post=681166"},{"taxonomy":"product_tag","embeddable":true,"href":"https:\/\/nbg.eu\/fi\/wp-json\/wp\/v2\/product_tag?post=681166"}],"curies":[{"name":"wp","href":"https:\/\/api.w.org\/{rel}","templated":true}]}}