{"id":681295,"date":"2025-12-17T14:50:21","date_gmt":"2025-12-17T11:50:21","guid":{"rendered":"https:\/\/nbg.eu\/product\/manly-patriootti-m-vihrea-rwl-34\/"},"modified":"2026-01-21T11:39:47","modified_gmt":"2026-01-21T08:39:47","slug":"manly-patriootti-m-vihrea-rwl-34","status":"publish","type":"product","link":"https:\/\/nbg.eu\/fi\/tuote\/manly-patriootti-m-vihrea-rwl-34\/","title":{"rendered":"Manly PATRIOOTTI M.VIHRE\u00c4 RWL-34"},"content":{"rendered":"<h2>Manly PATRIOT M.GREEN RWL-34 \u2013 Monipuolinen kiinte\u00e4ter\u00e4inen puukko p\u00e4ivitt\u00e4iseen k\u00e4ytt\u00f6\u00f6n<\/h2>\n<p>Manly esittelee PATRIOT \u2013 RWL-34 Military Green -mallin, joka on kiinte\u00e4ter\u00e4inen versio heid\u00e4n menestyksekk\u00e4\u00e4st\u00e4 Comrade-taittoveitsest\u00e4\u00e4n. L\u00e4hes samoilla mitoilla varustettu PATRIOT on ihanteellinen valinta jokap\u00e4iv\u00e4iseen k\u00e4ytt\u00f6\u00f6n, mets\u00e4stykseen ja retkeilyyn. Satiinipintainen, laadukkaan RWL-34-ter\u00e4ksen valmistettu ter\u00e4 yhdist\u00e4\u00e4 kest\u00e4vyyden ja leikkuutehon. Valmistettu joko G10- tai p\u00e4hkin\u00e4puisella kahvalla, PATRIOT tarjoaa miellytt\u00e4v\u00e4n ja tukevaksen otteen, mik\u00e4 takaa luottavan k\u00e4sittelyn erilaisissa tilanteissa.<\/p>\n<p>Kokonaispituudeltaan 21 cm ja 9,1 cm:n ter\u00e4ll\u00e4 PATRIOT on kompakti ja monipuolinen ty\u00f6kalu. Nelj\u00e4 millimetri\u00e4 paksu ter\u00e4 tarjoaa riitt\u00e4v\u00e4n vahvuuden ja j\u00e4ykkyyden, kun taas kokonaispaino 126 g takaa tasapainoisen tunnun. Kest\u00e4v\u00e4n Kydex-tuppisuojan suojaama PATRIOT on luotettava kumppani ulkoilmaharrastajille ja p\u00e4ivitt\u00e4isen k\u00e4yt\u00f6n entusisteille.<\/p>\n","protected":false},"excerpt":{"rendered":"<p>Maanpuolustuksellinen PATRIOT M.GREEN RWL-34 &#8211; Kiinte\u00e4ter\u00e4inen sotilasviherinen veitsi, jonka ter\u00e4 on valmistettu satiinipintaisesta RWL-34-ter\u00e4ksest\u00e4 ja kahva G10-materiaalista.<\/p>\n","protected":false},"featured_media":681428,"template":"","meta":{"_acf_changed":false},"product_brand":[15081],"product_cat":[2876],"product_tag":[],"class_list":{"0":"post-681295","1":"product","2":"type-product","3":"status-publish","4":"has-post-thumbnail","6":"product_brand-manly-knives","7":"product_cat-rahohvatki","9":"first","10":"instock","11":"taxable","12":"shipping-taxable","13":"purchasable","14":"product-type-simple"},"acf":[],"_links":{"self":[{"href":"https:\/\/nbg.eu\/fi\/wp-json\/wp\/v2\/product\/681295","targetHints":{"allow":["GET"]}}],"collection":[{"href":"https:\/\/nbg.eu\/fi\/wp-json\/wp\/v2\/product"}],"about":[{"href":"https:\/\/nbg.eu\/fi\/wp-json\/wp\/v2\/types\/product"}],"wp:featuredmedia":[{"embeddable":true,"href":"https:\/\/nbg.eu\/fi\/wp-json\/wp\/v2\/media\/681428"}],"wp:attachment":[{"href":"https:\/\/nbg.eu\/fi\/wp-json\/wp\/v2\/media?parent=681295"}],"wp:term":[{"taxonomy":"product_brand","embeddable":true,"href":"https:\/\/nbg.eu\/fi\/wp-json\/wp\/v2\/product_brand?post=681295"},{"taxonomy":"product_cat","embeddable":true,"href":"https:\/\/nbg.eu\/fi\/wp-json\/wp\/v2\/product_cat?post=681295"},{"taxonomy":"product_tag","embeddable":true,"href":"https:\/\/nbg.eu\/fi\/wp-json\/wp\/v2\/product_tag?post=681295"}],"curies":[{"name":"wp","href":"https:\/\/api.w.org\/{rel}","templated":true}]}}