{"id":681535,"date":"2025-12-17T15:41:02","date_gmt":"2025-12-17T12:41:02","guid":{"rendered":"https:\/\/nbg.eu\/product\/manly-patriot-d2-musta\/"},"modified":"2026-01-21T11:39:36","modified_gmt":"2026-01-21T08:39:36","slug":"manly-patriot-d2-musta","status":"publish","type":"product","link":"https:\/\/nbg.eu\/fi\/tuote\/manly-patriot-d2-musta\/","title":{"rendered":"Manly PATRIOT D2 MUSTA"},"content":{"rendered":"<h2>Manly PATRIOT D2 MUSTA: Arkip\u00e4iv\u00e4n mukavuus ja ulkok\u00e4yt\u00f6n monipuolisuus<\/h2>\n<p>Esittelemme Manly PATRIOT D2 MUSTA -kiinte\u00e4ter\u00e4isen veitsen, joka yhdist\u00e4\u00e4 Comrade-taittoveitsen menestyneen suunnittelun lis\u00e4\u00e4ntyneeseen arkip\u00e4iv\u00e4n k\u00e4yt\u00e4nn\u00f6llisyyteen. L\u00e4hes identtisiin mittoihin valmistettuna PATRIOT on ihanteellinen valinta monenlaisiin teht\u00e4viin, arkik\u00e4yt\u00f6st\u00e4 mets\u00e4stykseen ja retkeilyyn.<\/p>\n<p>Satiininpintainen ter\u00e4 on valmistettu 1.2379 (D2) -ter\u00e4ksest\u00e4, ja se tarjoaa erinomaisen suorituskyvyn ja kest\u00e4vyyden. T\u00e4ysi-iskuvara varmistaa luotettavan lujuuden ja vakauden, tehden t\u00e4st\u00e4 veitsest\u00e4 luotettavan kumppanin kaikenlaisissa tilanteissa.<\/p>\n<p>Valittavana on G10- tai p\u00e4hkin\u00e4puukahvat, jotka tarjoavat mukavan ja tukevan otteen, lis\u00e4ten veitsen monipuolisuutta ja k\u00e4ytt\u00e4j\u00e4yst\u00e4v\u00e4llisyytt\u00e4. Kydex-tuppi tarjoaa turvallisen ja k\u00e4tev\u00e4n tavan kantaa veist\u00e4, varmistaen helpon saatavuuden tarvittaessa.<\/p>\n<p>Kokonaispituudeltaan 21 cm:n ja ter\u00e4n pituudeltaan 9,1 cm:n PATRIOT on kompakti ja ketter\u00e4 kiinte\u00e4ter\u00e4inen veitsi, joka loistaa monenlaisissa k\u00e4ytt\u00f6kohteissa. Sen 4 mm:n ter\u00e4n paksuus ja 126 g:n paino takaavat tukevat ja tasapainoisen tunnun, tehden siit\u00e4 luotettavan ty\u00f6kalun kaikille ulkoiluharrastajille ja arkik\u00e4ytt\u00e4jille.<\/p>\n<p>Olivatpa kyseess\u00e4 seikkailut luonnossa, retkeily, mets\u00e4stys tai yksinkertaisesti luotettavan arkiveitsen tarve, Manly PATRIOT D2 MUSTA on t\u00e4ydellinen valinta. Yhdist\u00e4en toiminnallisuuden, kest\u00e4vyyden ja tyylikk\u00e4\u00e4n, modernin suunnittelun, t\u00e4m\u00e4 kiinte\u00e4ter\u00e4inen veitsi on v\u00e4ltt\u00e4m\u00e4t\u00f6n hankinta kaikille, jotka etsiv\u00e4t monipuolista ja luotettavaa leikkausty\u00f6kalua.<\/p>\n","protected":false},"excerpt":{"rendered":"<p>Miehek\u00e4s PATRIOT D2 MUSTA: Jokap\u00e4iv\u00e4inen kiinte\u00e4ter\u00e4inen veitsi, yhteispituus 21 cm, D2-ter\u00e4ster\u00e4 9,1 cm, paino 126 g, G10-kahva.<\/p>\n","protected":false},"featured_media":681742,"template":"","meta":{"_acf_changed":false},"product_brand":[15081],"product_cat":[2876],"product_tag":[],"class_list":{"0":"post-681535","1":"product","2":"type-product","3":"status-publish","4":"has-post-thumbnail","6":"product_brand-manly-knives","7":"product_cat-rahohvatki","9":"first","10":"instock","11":"taxable","12":"shipping-taxable","13":"purchasable","14":"product-type-simple"},"acf":[],"_links":{"self":[{"href":"https:\/\/nbg.eu\/fi\/wp-json\/wp\/v2\/product\/681535","targetHints":{"allow":["GET"]}}],"collection":[{"href":"https:\/\/nbg.eu\/fi\/wp-json\/wp\/v2\/product"}],"about":[{"href":"https:\/\/nbg.eu\/fi\/wp-json\/wp\/v2\/types\/product"}],"wp:featuredmedia":[{"embeddable":true,"href":"https:\/\/nbg.eu\/fi\/wp-json\/wp\/v2\/media\/681742"}],"wp:attachment":[{"href":"https:\/\/nbg.eu\/fi\/wp-json\/wp\/v2\/media?parent=681535"}],"wp:term":[{"taxonomy":"product_brand","embeddable":true,"href":"https:\/\/nbg.eu\/fi\/wp-json\/wp\/v2\/product_brand?post=681535"},{"taxonomy":"product_cat","embeddable":true,"href":"https:\/\/nbg.eu\/fi\/wp-json\/wp\/v2\/product_cat?post=681535"},{"taxonomy":"product_tag","embeddable":true,"href":"https:\/\/nbg.eu\/fi\/wp-json\/wp\/v2\/product_tag?post=681535"}],"curies":[{"name":"wp","href":"https:\/\/api.w.org\/{rel}","templated":true}]}}