{"id":681773,"date":"2025-12-17T15:55:16","date_gmt":"2025-12-17T12:55:16","guid":{"rendered":"https:\/\/nbg.eu\/product\/miehekas-oranssi-cpm-s90v-kaupunki\/"},"modified":"2026-01-21T12:29:09","modified_gmt":"2026-01-21T09:29:09","slug":"miehekas-oranssi-cpm-s90v-kaupunki","status":"publish","type":"product","link":"https:\/\/nbg.eu\/fi\/tuote\/miehekas-oranssi-cpm-s90v-kaupunki\/","title":{"rendered":"Miehek\u00e4s Oranssi CPM S90V-kaupunki"},"content":{"rendered":"<h2>Manly City CPM S90V &#8211; Jokap\u00e4iv\u00e4inen kantopistokkeen taittoveitsi<\/h2>\n<p>Nimens\u00e4 mukaisesti Manly City CPM S90V on poikkeuksellinen jokap\u00e4iv\u00e4inen kaupunkiveitsi. Se heijastaa Manlyn filosofiaa tarjota k\u00e4ytt\u00e4jille huolellisesti valittuja premium-materiaaleja kohtuulliseen hintaan. T\u00e4ysin litte\u00e4 ter\u00e4 on valmistettu korkean suorituskyvyn CPM S90V-ter\u00e4ksest\u00e4, jonka Rockwell-kovuus on 60-62 HRC, mik\u00e4 takaa erinomaisen ter\u00e4n kest\u00e4vyyden ja korroosionkest\u00e4vyyden.<\/p>\n<p>T\u00e4m\u00e4 malli on suunniteltu molemminpuoliseen k\u00e4ytt\u00f6\u00f6n ja siin\u00e4 on vaihdettava taskukiinnitin ja kaksois-pinninasema, mik\u00e4 tekee siit\u00e4 sopivan sek\u00e4 oikea- ett\u00e4 vasenk\u00e4tisille k\u00e4ytt\u00e4jille. G10-kahva tarjoaa turvallisen ja miellytt\u00e4v\u00e4n otteen, kun taas yksi k\u00e4si -avaus ja lukitusj\u00e4rjestelm\u00e4 varmistavat luotettavan toiminnan.<\/p>\n<p>Kokonaispituudeltaan 17,7 cm ja ter\u00e4n pituudeltaan 7,0 cm Manly City CPM S90V on monipuolinen jokap\u00e4iv\u00e4inen kantoveitsi, joka yhdist\u00e4\u00e4 premium-materiaaleja, erinomaista suorituskyky\u00e4 ja k\u00e4ytt\u00e4j\u00e4yst\u00e4v\u00e4llisi\u00e4 ominaisuuksia. Painaen vain 95 g, se on kevyt ja helposti kuljetettava kumppani erilaisiin jokap\u00e4iv\u00e4isiin teht\u00e4viin.<\/p>\n","protected":false},"excerpt":{"rendered":"<p>Jokap\u00e4iv\u00e4inen EDC-puukko. CPM S90V-ter\u00e4ster\u00e4, G10-kahva, k\u00e4\u00e4nt\u00f6liuska, sopii oikea- ja vasenk\u00e4tisille.<\/p>\n","protected":false},"featured_media":681837,"template":"","meta":{"_acf_changed":false},"product_brand":[15081],"product_cat":[13210],"product_tag":[],"class_list":{"0":"post-681773","1":"product","2":"type-product","3":"status-publish","4":"has-post-thumbnail","6":"product_brand-manly-knives","7":"product_cat-edc","9":"first","10":"instock","11":"taxable","12":"shipping-taxable","13":"purchasable","14":"product-type-simple"},"acf":[],"_links":{"self":[{"href":"https:\/\/nbg.eu\/fi\/wp-json\/wp\/v2\/product\/681773","targetHints":{"allow":["GET"]}}],"collection":[{"href":"https:\/\/nbg.eu\/fi\/wp-json\/wp\/v2\/product"}],"about":[{"href":"https:\/\/nbg.eu\/fi\/wp-json\/wp\/v2\/types\/product"}],"wp:featuredmedia":[{"embeddable":true,"href":"https:\/\/nbg.eu\/fi\/wp-json\/wp\/v2\/media\/681837"}],"wp:attachment":[{"href":"https:\/\/nbg.eu\/fi\/wp-json\/wp\/v2\/media?parent=681773"}],"wp:term":[{"taxonomy":"product_brand","embeddable":true,"href":"https:\/\/nbg.eu\/fi\/wp-json\/wp\/v2\/product_brand?post=681773"},{"taxonomy":"product_cat","embeddable":true,"href":"https:\/\/nbg.eu\/fi\/wp-json\/wp\/v2\/product_cat?post=681773"},{"taxonomy":"product_tag","embeddable":true,"href":"https:\/\/nbg.eu\/fi\/wp-json\/wp\/v2\/product_tag?post=681773"}],"curies":[{"name":"wp","href":"https:\/\/api.w.org\/{rel}","templated":true}]}}