{"id":682131,"date":"2026-01-08T18:13:52","date_gmt":"2026-01-08T15:13:52","guid":{"rendered":"https:\/\/nbg.eu\/product\/manly-kaupungin-sotilaspoliisin-14c28n\/"},"modified":"2026-01-21T11:41:31","modified_gmt":"2026-01-21T08:41:31","slug":"manly-kaupungin-sotilaspoliisin-14c28n","status":"publish","type":"product","link":"https:\/\/nbg.eu\/fi\/tuote\/manly-kaupungin-sotilaspoliisin-14c28n\/","title":{"rendered":"Manly kaupungin sotilaspoliisin 14C28N"},"content":{"rendered":"<h2>Manly City Military 14C28N: Yleisk\u00e4ytt\u00f6inen kaupunkiveitsi<\/h2>\n<p>Manly City Military 14C28N on yleisk\u00e4ytt\u00f6inen kaupunkiveitsi, joka edustaa filosofiaamme tarjota huolella valittuja perusmateriaalia kohtuulliseen hintaan. T\u00e4ysilaakaisella Sandvik 14C28N -ter\u00e4ksest\u00e4 valmistetulla ter\u00e4ll\u00e4 varustettu malli on suunniteltu monipuolisuutta ja k\u00e4yt\u00e4nn\u00f6llisyytt\u00e4 silm\u00e4ll\u00e4 pit\u00e4en.<\/p>\n<p>K\u00e4\u00e4nnett\u00e4v\u00e4n klipsin ja kaksoisnastojen ansiosta Manly City Military 14C28N sopii sek\u00e4 oikea- ett\u00e4 vasenk\u00e4tisille k\u00e4ytt\u00e4jille, tarjoten mukavan ja muokattavan otteen. G10-kahvamateriaali tarjoaa tukevan ja kest\u00e4v\u00e4n pidon, kun taas yhdell\u00e4 k\u00e4dell\u00e4 avattava ja lukittava toiminta takaavat sujuvan ja luotettavan k\u00e4yt\u00f6n.<\/p>\n<p>Tekniset tiedot:<\/p>\n<ul>\n<li>Malli: CITY 14C28N Military Green Flat Handle<\/li>\n<li>Tyyppi: Taittoveitsi<\/li>\n<li>Kokonaispituus: 17,7 cm<\/li>\n<li>Ter\u00e4n pituus: 7,0 cm<\/li>\n<li>Pituus taitettuna: 10,5 cm<\/li>\n<li>Ter\u00e4n paksuus: 2,7 mm<\/li>\n<li>Paino: 95 g<\/li>\n<li>Ter\u00e4materiaali: 14C28N<\/li>\n<li>Kahvamateriaali: G10<\/li>\n<li>Avaus: Peukalonuppi<\/li>\n<li>Avaus: Yhdell\u00e4 k\u00e4dell\u00e4<\/li>\n<li>Lukko: Lukkoselk\u00e4<\/li>\n<\/ul>\n","protected":false},"excerpt":{"rendered":"<p>Manly City Military 14C28N on poikkeuksellinen jokap\u00e4iv\u00e4inen kaupunkiveitsi, joka on valmistettu Sandvik 14C28N-ter\u00e4ksest\u00e4 ja G10-kahvasta, sopien sek\u00e4 oikea- ett\u00e4 vasenk\u00e4tiseen k\u00e4ytt\u00f6\u00f6n.<\/p>\n","protected":false},"featured_media":682313,"template":"","meta":{"_acf_changed":false},"product_brand":[15081],"product_cat":[13210],"product_tag":[],"class_list":{"0":"post-682131","1":"product","2":"type-product","3":"status-publish","4":"has-post-thumbnail","6":"product_brand-manly-knives","7":"product_cat-edc","9":"first","10":"instock","11":"taxable","12":"shipping-taxable","13":"purchasable","14":"product-type-simple"},"acf":[],"_links":{"self":[{"href":"https:\/\/nbg.eu\/fi\/wp-json\/wp\/v2\/product\/682131","targetHints":{"allow":["GET"]}}],"collection":[{"href":"https:\/\/nbg.eu\/fi\/wp-json\/wp\/v2\/product"}],"about":[{"href":"https:\/\/nbg.eu\/fi\/wp-json\/wp\/v2\/types\/product"}],"wp:featuredmedia":[{"embeddable":true,"href":"https:\/\/nbg.eu\/fi\/wp-json\/wp\/v2\/media\/682313"}],"wp:attachment":[{"href":"https:\/\/nbg.eu\/fi\/wp-json\/wp\/v2\/media?parent=682131"}],"wp:term":[{"taxonomy":"product_brand","embeddable":true,"href":"https:\/\/nbg.eu\/fi\/wp-json\/wp\/v2\/product_brand?post=682131"},{"taxonomy":"product_cat","embeddable":true,"href":"https:\/\/nbg.eu\/fi\/wp-json\/wp\/v2\/product_cat?post=682131"},{"taxonomy":"product_tag","embeddable":true,"href":"https:\/\/nbg.eu\/fi\/wp-json\/wp\/v2\/product_tag?post=682131"}],"curies":[{"name":"wp","href":"https:\/\/api.w.org\/{rel}","templated":true}]}}