{"id":682364,"date":"2026-01-09T22:09:00","date_gmt":"2026-01-09T19:09:00","guid":{"rendered":"https:\/\/nbg.eu\/product\/miehekas-kaupunki-g10-musta-s90v\/"},"modified":"2026-01-21T12:28:45","modified_gmt":"2026-01-21T09:28:45","slug":"miehekas-kaupunki-g10-musta-s90v","status":"publish","type":"product","link":"https:\/\/nbg.eu\/fi\/tuote\/miehekas-kaupunki-g10-musta-s90v\/","title":{"rendered":"Miehek\u00e4s kaupunki G10 musta S90V"},"content":{"rendered":"<h2>Manly City G10 musta S90V: Poikkeuksellinen jokap\u00e4iv\u00e4inen k\u00e4ytt\u00f6veitsi<\/h2>\n<p>Nimens\u00e4 mukaisesti Manly City G10 musta S90V on poikkeuksellinen jokap\u00e4iv\u00e4inen kaupunkiveitsi. Olemme valmistaneet sen tarjoamalla k\u00e4ytt\u00e4jille huolellisesti valittuja premium-materiaaleja kohtuulliseen hintaan. T\u00e4ss\u00e4 taittoveitsess\u00e4 on tasaisen litte\u00e4 ter\u00e4, joka on valmistettu CPM S90V-ter\u00e4ksest\u00e4 ja jonka Rockwell-kovuus on 60-62 HRC. K\u00e4\u00e4nnett\u00e4v\u00e4 taskuklipsi ja kaksi eri asentoon kiinnitett\u00e4v\u00e4\u00e4 tappia tekev\u00e4t siit\u00e4 sopivan sek\u00e4 vasen- ett\u00e4 oikeak\u00e4tisille k\u00e4ytt\u00e4jille.<\/p>\n<p>Veitsess\u00e4 on kokonaispituutta 17,7 cm, ter\u00e4n pituus on 7,0 cm ja taitettuna pituus on 10,5 cm. Ter\u00e4 on 2,7 mm paksu ja paino on vain 95 g. Kahva on valmistettu kest\u00e4v\u00e4st\u00e4 3D G10-materiaalista, ja veist\u00e4 voidaan avata yhdell\u00e4 k\u00e4dell\u00e4 peukalotapista. Luotettava lukitusmekanismi varmistaa turvallisen ja luotettavan ter\u00e4n k\u00e4yt\u00f6n.<\/p>\n<p>Tyylik\u00e4s musta v\u00e4ri tekee Manly City G10 musta S90V -veitsest\u00e4 t\u00e4ydellisen jokap\u00e4iv\u00e4isen k\u00e4ytt\u00f6kohteen, yhdist\u00e4en premium-suorituskyvyn ja laadukkaan rakenteen helposti saatavilla olevaan hintaan.<\/p>\n","protected":false},"excerpt":{"rendered":"<p>Poikkeuksellinen jokap\u00e4iv\u00e4inen kaupunkiveitsi, jossa on CPM S90V-ter\u00e4, 3D G10-kahva ja k\u00e4\u00e4nnett\u00e4v\u00e4 klipsi.<\/p>\n","protected":false},"featured_media":682578,"template":"","meta":{"_acf_changed":false},"product_brand":[15081],"product_cat":[13210,15378,15357],"product_tag":[],"class_list":{"0":"post-682364","1":"product","2":"type-product","3":"status-publish","4":"has-post-thumbnail","6":"product_brand-manly-knives","7":"product_cat-edc","8":"product_cat-folding-knives-fi","9":"product_cat-knives-fi","11":"first","12":"outofstock","13":"taxable","14":"shipping-taxable","15":"purchasable","16":"product-type-simple"},"acf":[],"_links":{"self":[{"href":"https:\/\/nbg.eu\/fi\/wp-json\/wp\/v2\/product\/682364","targetHints":{"allow":["GET"]}}],"collection":[{"href":"https:\/\/nbg.eu\/fi\/wp-json\/wp\/v2\/product"}],"about":[{"href":"https:\/\/nbg.eu\/fi\/wp-json\/wp\/v2\/types\/product"}],"wp:featuredmedia":[{"embeddable":true,"href":"https:\/\/nbg.eu\/fi\/wp-json\/wp\/v2\/media\/682578"}],"wp:attachment":[{"href":"https:\/\/nbg.eu\/fi\/wp-json\/wp\/v2\/media?parent=682364"}],"wp:term":[{"taxonomy":"product_brand","embeddable":true,"href":"https:\/\/nbg.eu\/fi\/wp-json\/wp\/v2\/product_brand?post=682364"},{"taxonomy":"product_cat","embeddable":true,"href":"https:\/\/nbg.eu\/fi\/wp-json\/wp\/v2\/product_cat?post=682364"},{"taxonomy":"product_tag","embeddable":true,"href":"https:\/\/nbg.eu\/fi\/wp-json\/wp\/v2\/product_tag?post=682364"}],"curies":[{"name":"wp","href":"https:\/\/api.w.org\/{rel}","templated":true}]}}