{"id":682586,"date":"2026-01-09T22:08:59","date_gmt":"2026-01-09T19:08:59","guid":{"rendered":"https:\/\/nbg.eu\/product\/miehekas-kaupunki-musta-14c28n\/"},"modified":"2026-01-21T12:29:38","modified_gmt":"2026-01-21T09:29:38","slug":"miehekas-kaupunki-musta-14c28n","status":"publish","type":"product","link":"https:\/\/nbg.eu\/fi\/tuote\/miehekas-kaupunki-musta-14c28n\/","title":{"rendered":"Miehek\u00e4s kaupunki musta 14C28N"},"content":{"rendered":"<h2>Manly City Black 14C28N: Poikkeuksellinen jokap\u00e4iv\u00e4inen kaupunkiveitsi<\/h2>\n<p>Manly City Black 14C28N on poikkeuksellinen jokap\u00e4iv\u00e4inen kaupunkiveitsi, joka ilment\u00e4\u00e4 filosofiaamme tarjota k\u00e4ytt\u00e4jille huolellisesti valittuja ensisijaisia materiaaleja kohtuulliseen hintaan. T\u00e4ss\u00e4 taittoveitsess\u00e4 on kest\u00e4v\u00e4st\u00e4 Sandvik 14C28N-ter\u00e4ksest\u00e4 valmistettu t\u00e4yslata ter\u00e4, ja se on suunniteltu luotettavaksi seuralaiseksi jokap\u00e4iv\u00e4isiin teht\u00e4viin.<\/p>\n<p>Kokonaispituudeltaan 17,7 cm ja ter\u00e4n pituudeltaan 7,0 cm Manly City Black 14C28N on kompakti ja monipuolinen ty\u00f6kalu. Taitettuna se on 10,5 cm pitk\u00e4, mik\u00e4 tekee siit\u00e4 helpon kantaa ja s\u00e4ilytt\u00e4\u00e4. Ter\u00e4n paksuus 2,7 mm ja kokonaispaino 95 g varmistavat tasapainoisen ja mukavan k\u00e4sittelykokemuksen.<\/p>\n<p>Yksi t\u00e4m\u00e4n veitsen n\u00e4kyvimmist\u00e4 ominaisuuksista on kaksisuuntainen klipsi, joka tekee siit\u00e4 sopivan sek\u00e4 vasenk\u00e4tisille ett\u00e4 oikeak\u00e4tisille k\u00e4ytt\u00e4jille. Kahvan materiaali on kest\u00e4v\u00e4\u00e4 G10:t\u00e4, joka tarjoaa turvallisen ja pit\u00e4v\u00e4n otteen, my\u00f6s m\u00e4riss\u00e4 tai vaativissa olosuhteissa.<\/p>\n<p>Kaksin k\u00e4sin avattavalla ja luotettavalla lukitusj\u00e4rjestelm\u00e4ll\u00e4 varustettu Manly City Black 14C28N tarjoaa turvallisen ja varman k\u00e4yt\u00f6n, mik\u00e4 takaa, ett\u00e4 leikkaustoimenpiteet suoritetaan luottavaisesti ja tarkasti. Tyylikk\u00e4\u00e4n mustan v\u00e4riskeeman ansiosta t\u00e4m\u00e4 veitsi on moderni ja hienostunut valinta jokap\u00e4iv\u00e4iseen kantamiseen.<\/p>\n","protected":false},"excerpt":{"rendered":"<p>Manly City Black 14C28N on poikkeuksellinen jokap\u00e4iv\u00e4inen kaupunkiveitsi, jossa on t\u00e4ysin litte\u00e4 Sandvik 14C28N -ter\u00e4st\u00e4 valmistettu ter\u00e4 ja k\u00e4\u00e4nt\u00f6klipsi vasenk\u00e4tisille tai oikeak\u00e4tisille k\u00e4ytt\u00e4jille.<\/p>\n","protected":false},"featured_media":682750,"template":"","meta":{"_acf_changed":false},"product_brand":[15081],"product_cat":[13210,15378,15357],"product_tag":[],"class_list":{"0":"post-682586","1":"product","2":"type-product","3":"status-publish","4":"has-post-thumbnail","6":"product_brand-manly-knives","7":"product_cat-edc","8":"product_cat-folding-knives-fi","9":"product_cat-knives-fi","11":"first","12":"instock","13":"taxable","14":"shipping-taxable","15":"purchasable","16":"product-type-simple"},"acf":[],"_links":{"self":[{"href":"https:\/\/nbg.eu\/fi\/wp-json\/wp\/v2\/product\/682586","targetHints":{"allow":["GET"]}}],"collection":[{"href":"https:\/\/nbg.eu\/fi\/wp-json\/wp\/v2\/product"}],"about":[{"href":"https:\/\/nbg.eu\/fi\/wp-json\/wp\/v2\/types\/product"}],"wp:featuredmedia":[{"embeddable":true,"href":"https:\/\/nbg.eu\/fi\/wp-json\/wp\/v2\/media\/682750"}],"wp:attachment":[{"href":"https:\/\/nbg.eu\/fi\/wp-json\/wp\/v2\/media?parent=682586"}],"wp:term":[{"taxonomy":"product_brand","embeddable":true,"href":"https:\/\/nbg.eu\/fi\/wp-json\/wp\/v2\/product_brand?post=682586"},{"taxonomy":"product_cat","embeddable":true,"href":"https:\/\/nbg.eu\/fi\/wp-json\/wp\/v2\/product_cat?post=682586"},{"taxonomy":"product_tag","embeddable":true,"href":"https:\/\/nbg.eu\/fi\/wp-json\/wp\/v2\/product_tag?post=682586"}],"curies":[{"name":"wp","href":"https:\/\/api.w.org\/{rel}","templated":true}]}}