{"id":682910,"date":"2026-01-08T18:15:12","date_gmt":"2026-01-08T15:15:12","guid":{"rendered":"https:\/\/nbg.eu\/product\/miehekas-blaze-walnut-wood-rwl-34\/"},"modified":"2026-01-21T12:28:45","modified_gmt":"2026-01-21T09:28:45","slug":"miehekas-blaze-walnut-wood-rwl-34","status":"publish","type":"product","link":"https:\/\/nbg.eu\/fi\/tuote\/miehekas-blaze-walnut-wood-rwl-34\/","title":{"rendered":"Miehek\u00e4s Blaze Walnut Wood RWL-34"},"content":{"rendered":"<h2>Blaze RWL-34 Walnut: Ihanteellinen retkeilyveitsi<\/h2>\n<p>Kiinte\u00e4ll\u00e4 ter\u00e4ll\u00e4 ja t\u00e4ydell\u00e4 tangolla varustettu Blaze RWL-34 Walnut on luotettava valinta ulkoilmaan. T\u00e4m\u00e4 veitsi on valmistettu tarkkuudella ja yksityiskohtiin keskittyen, ja se on t\u00e4ydellinen kumppani retkeilyyn, kalastukseen tai vuorikiipeilyyn.<\/p>\n<p>Kahva on valmistettu Bulgarian p\u00e4hkin\u00e4puusta ja tarjoaa mukavan ja tukevan otteen, jopa kaikkein vaativimmissa olosuhteissa. Oli kyse sitten tihe\u00e4n kasvillisuuden l\u00e4p\u00e4isemisest\u00e4, saaliin valmistelusta tai eloonj\u00e4\u00e4misen kannalta oleellisten teht\u00e4vien suorittamisesta, Blaze RWL-34 Walnut vastaa haasteeseen.<\/p>\n<p>Ter\u00e4ksi on valittu premium-luokan RWL-34-ter\u00e4s, jonka kovuus on 62 HRC. T\u00e4m\u00e4 takaa poikkeuksellisen kest\u00e4vyyden ja ter\u00e4n s\u00e4ilyvyyden. Kokonaispituus on 24,5 cm ja ter\u00e4n pituus 11,9 cm, mik\u00e4 tarjoaa tasapainoisen koon ja k\u00e4sitelt\u00e4vyyden.<\/p>\n<p>Painoltaan vain 210 grammaa oleva veitsi on helppo kantaa eik\u00e4 rasita sinua, mik\u00e4 tekee siit\u00e4 t\u00e4ydellisen kumppanin ulkoiluretkille. Mukana tuleva nahkainen tuppi lis\u00e4\u00e4 suojaa ja k\u00e4yt\u00e4nn\u00f6llisyytt\u00e4, jolloin Blaze RWL-34 Walnut pysyy aina k\u00e4den ulottuvilla.<\/p>\n","protected":false},"excerpt":{"rendered":"<p>Blaze RWL-34 Saarni &#8211; t\u00e4ydellinen Bushcraft-puukko saarnivarrella ja 62 HRC -ter\u00e4ll\u00e4.<\/p>\n","protected":false},"featured_media":683255,"template":"","meta":{"_acf_changed":false},"product_brand":[15081],"product_cat":[15357],"product_tag":[],"class_list":{"0":"post-682910","1":"product","2":"type-product","3":"status-publish","4":"has-post-thumbnail","6":"product_brand-manly-knives","7":"product_cat-knives-fi","9":"first","10":"instock","11":"taxable","12":"shipping-taxable","13":"purchasable","14":"product-type-simple"},"acf":[],"_links":{"self":[{"href":"https:\/\/nbg.eu\/fi\/wp-json\/wp\/v2\/product\/682910","targetHints":{"allow":["GET"]}}],"collection":[{"href":"https:\/\/nbg.eu\/fi\/wp-json\/wp\/v2\/product"}],"about":[{"href":"https:\/\/nbg.eu\/fi\/wp-json\/wp\/v2\/types\/product"}],"wp:featuredmedia":[{"embeddable":true,"href":"https:\/\/nbg.eu\/fi\/wp-json\/wp\/v2\/media\/683255"}],"wp:attachment":[{"href":"https:\/\/nbg.eu\/fi\/wp-json\/wp\/v2\/media?parent=682910"}],"wp:term":[{"taxonomy":"product_brand","embeddable":true,"href":"https:\/\/nbg.eu\/fi\/wp-json\/wp\/v2\/product_brand?post=682910"},{"taxonomy":"product_cat","embeddable":true,"href":"https:\/\/nbg.eu\/fi\/wp-json\/wp\/v2\/product_cat?post=682910"},{"taxonomy":"product_tag","embeddable":true,"href":"https:\/\/nbg.eu\/fi\/wp-json\/wp\/v2\/product_tag?post=682910"}],"curies":[{"name":"wp","href":"https:\/\/api.w.org\/{rel}","templated":true}]}}