{"id":683274,"date":"2025-12-17T17:30:35","date_gmt":"2025-12-17T14:30:35","guid":{"rendered":"https:\/\/nbg.eu\/product\/urhoollinen-blaze-black-g10-rwl-34\/"},"modified":"2026-01-21T11:41:30","modified_gmt":"2026-01-21T08:41:30","slug":"urhoollinen-blaze-black-g10-rwl-34","status":"publish","type":"product","link":"https:\/\/nbg.eu\/fi\/tuote\/urhoollinen-blaze-black-g10-rwl-34\/","title":{"rendered":"Urhoollinen Blaze Black G10 RWL-34"},"content":{"rendered":"<h2>Manly Blaze Musta G10 RWL-34 &#8211; Kaikkein paras Bushcraft-veitsi<\/h2>\n<p>Blaze RWL-34 Musta on t\u00e4ydellinen Bushcraft-veitsi. Kiinte\u00e4ll\u00e4 ter\u00e4ll\u00e4 ja t\u00e4ydell\u00e4 tangilla sek\u00e4 erinomaisella RWL-34 -jauheter\u00e4ksell\u00e4 t\u00e4m\u00e4n veitsen kest\u00e4vyys on taattu. Kahva on tehty mustasta, sy\u00f6vytyksenkest\u00e4v\u00e4st\u00e4 G10-materiaalista. Veitsi on helppo ottaa koteloistaan (joka on valmistettu kydexista) yhdell\u00e4 k\u00e4denliikkeell\u00e4, ja vy\u00f6kiinnitys voi olla vaaka- tai pystysuunnassa.<\/p>\n<p>Jos tarvitset luotettavan veitsen vuorilla, retkeilyss\u00e4 tai kalastuksessa, Blaze on sinua varten.<\/p>\n<h2>Tekniset tiedot<\/h2>\n<p>Nimi: Blaze \u2013 RWL-34 Musta<br \/>\nTyyppi: Kiinte\u00e4ter\u00e4inen<br \/>\nKokonaispituus: 24,5 cm<br \/>\nTer\u00e4n pituus: 11,9 cm<br \/>\nTer\u00e4n paksuus: 4 mm<br \/>\nLeikkuuter\u00e4n kovuus: 62 hrc<br \/>\nPaino: 210 g<br \/>\nTer\u00e4materiaali: RWL-34<br \/>\nKahvamateriaali: G10<br \/>\nKotelomateriaali: Kydex<\/p>\n","protected":false},"excerpt":{"rendered":"<p>Blaze RWL-34 musta: t\u00e4ydellinen Bushcraft-puukko, jossa on kiinte\u00e4 ter\u00e4, koko varren mittainen ter\u00e4 ja RWL-34 jauheter\u00e4st\u00e4 valmistettu ter\u00e4.<\/p>\n","protected":false},"featured_media":683313,"template":"","meta":{"_acf_changed":false},"product_brand":[15081],"product_cat":[2876],"product_tag":[],"class_list":{"0":"post-683274","1":"product","2":"type-product","3":"status-publish","4":"has-post-thumbnail","6":"product_brand-manly-knives","7":"product_cat-rahohvatki","9":"first","10":"instock","11":"taxable","12":"shipping-taxable","13":"purchasable","14":"product-type-simple"},"acf":[],"_links":{"self":[{"href":"https:\/\/nbg.eu\/fi\/wp-json\/wp\/v2\/product\/683274","targetHints":{"allow":["GET"]}}],"collection":[{"href":"https:\/\/nbg.eu\/fi\/wp-json\/wp\/v2\/product"}],"about":[{"href":"https:\/\/nbg.eu\/fi\/wp-json\/wp\/v2\/types\/product"}],"wp:featuredmedia":[{"embeddable":true,"href":"https:\/\/nbg.eu\/fi\/wp-json\/wp\/v2\/media\/683313"}],"wp:attachment":[{"href":"https:\/\/nbg.eu\/fi\/wp-json\/wp\/v2\/media?parent=683274"}],"wp:term":[{"taxonomy":"product_brand","embeddable":true,"href":"https:\/\/nbg.eu\/fi\/wp-json\/wp\/v2\/product_brand?post=683274"},{"taxonomy":"product_cat","embeddable":true,"href":"https:\/\/nbg.eu\/fi\/wp-json\/wp\/v2\/product_cat?post=683274"},{"taxonomy":"product_tag","embeddable":true,"href":"https:\/\/nbg.eu\/fi\/wp-json\/wp\/v2\/product_tag?post=683274"}],"curies":[{"name":"wp","href":"https:\/\/api.w.org\/{rel}","templated":true}]}}