{"id":683348,"date":"2025-12-17T17:40:13","date_gmt":"2025-12-17T14:40:13","guid":{"rendered":"https:\/\/nbg.eu\/product\/miehekas-blaze-black-g10-d2\/"},"modified":"2026-01-21T11:39:01","modified_gmt":"2026-01-21T08:39:01","slug":"miehekas-blaze-black-g10-d2","status":"publish","type":"product","link":"https:\/\/nbg.eu\/fi\/tuote\/miehekas-blaze-black-g10-d2\/","title":{"rendered":"Miehek\u00e4s Blaze Black G10 D2"},"content":{"rendered":"<h2>Blaze D2 Musta: Luotettava retkeilyveitsi ulkoiluretkille<\/h2>\n<p>Blaze D2 Musta on t\u00e4ydellinen retkeilyveitsi, joka on suunniteltu kest\u00e4v\u00e4\u00e4n ulkok\u00e4ytt\u00f6\u00f6n. Kiinte\u00e4n ter\u00e4n ja t\u00e4yden tangon rakenteensa ansiosta t\u00e4m\u00e4 veitsi tarjoaa vertaansa vailla olevaa vakautta ja kest\u00e4vyytt\u00e4, ja se kest\u00e4\u00e4 kaikkein vaativimpiakin teht\u00e4vi\u00e4. Korroosiota kest\u00e4v\u00e4, pintakuvioitu musta G10-kahva tarjoaa tukevan otteen jopa kosteissa olosuhteissa.<\/p>\n<p>Blaze-veitsen voi irrottaa Kydex-tupestaan yhdell\u00e4 k\u00e4dell\u00e4, mik\u00e4 mahdollistaa nopean k\u00e4ytt\u00f6\u00f6noton silloin, kun sit\u00e4 tarvitaan eniten. Monipuolinen vy\u00f6pidike voidaan asentaa vaakasuoraan tai pystysuoraan, mik\u00e4 tekee sen kuljettamisesta seikkailuissa helpompaa.<\/p>\n<p>Olipa kyse luontohaasteiden voittamisesta, retkeilyst\u00e4 tai kalastuksesta, Blaze D2 Musta on luotettava kumppani, johon voit luottaa. T\u00e4m\u00e4 veitsi on valmistettu tarkasti, ja sen leikkuuter\u00e4n kovuus on 61HRC, mik\u00e4 takaa, ett\u00e4 se pystyy k\u00e4sittelem\u00e4\u00e4n laajan valikoiman teht\u00e4vi\u00e4 helposti. 1.2379 (D2) -ter\u00e4materiaali ja luja rakenne takaavat, ett\u00e4 Blaze D2 Musta kest\u00e4\u00e4 pitk\u00e4\u00e4n, mik\u00e4 tekee siit\u00e4 v\u00e4ltt\u00e4m\u00e4tt\u00f6m\u00e4n ty\u00f6kalun kaikille ulkoiluharrastajille.<\/p>\n","protected":false},"excerpt":{"rendered":"<p>Blaze D2 Musta &#8211; t\u00e4ydellinen Bushcraft-puukko. Teksturoitu G10-kahva, D2-ter\u00e4ksinen ter\u00e4, Kydex-tuppi.<\/p>\n","protected":false},"featured_media":683391,"template":"","meta":{"_acf_changed":false},"product_brand":[15081],"product_cat":[2876],"product_tag":[],"class_list":{"0":"post-683348","1":"product","2":"type-product","3":"status-publish","4":"has-post-thumbnail","6":"product_brand-manly-knives","7":"product_cat-rahohvatki","9":"first","10":"instock","11":"taxable","12":"shipping-taxable","13":"purchasable","14":"product-type-simple"},"acf":[],"_links":{"self":[{"href":"https:\/\/nbg.eu\/fi\/wp-json\/wp\/v2\/product\/683348","targetHints":{"allow":["GET"]}}],"collection":[{"href":"https:\/\/nbg.eu\/fi\/wp-json\/wp\/v2\/product"}],"about":[{"href":"https:\/\/nbg.eu\/fi\/wp-json\/wp\/v2\/types\/product"}],"wp:featuredmedia":[{"embeddable":true,"href":"https:\/\/nbg.eu\/fi\/wp-json\/wp\/v2\/media\/683391"}],"wp:attachment":[{"href":"https:\/\/nbg.eu\/fi\/wp-json\/wp\/v2\/media?parent=683348"}],"wp:term":[{"taxonomy":"product_brand","embeddable":true,"href":"https:\/\/nbg.eu\/fi\/wp-json\/wp\/v2\/product_brand?post=683348"},{"taxonomy":"product_cat","embeddable":true,"href":"https:\/\/nbg.eu\/fi\/wp-json\/wp\/v2\/product_cat?post=683348"},{"taxonomy":"product_tag","embeddable":true,"href":"https:\/\/nbg.eu\/fi\/wp-json\/wp\/v2\/product_tag?post=683348"}],"curies":[{"name":"wp","href":"https:\/\/api.w.org\/{rel}","templated":true}]}}