{"id":683443,"date":"2025-12-17T18:06:26","date_gmt":"2025-12-17T15:06:26","guid":{"rendered":"https:\/\/nbg.eu\/product\/nocpix-m6t25s-lampokamera-autoihin-jossa-on-alykas-kuumien-kohteiden-tunnistus\/"},"modified":"2026-01-21T11:45:00","modified_gmt":"2026-01-21T08:45:00","slug":"nocpix-m6t25s-lampokamera-autoihin-jossa-on-alykas-kuumien-kohteiden-tunnistus","status":"publish","type":"product","link":"https:\/\/nbg.eu\/fi\/tuote\/nocpix-m6t25s-lampokamera-autoihin-jossa-on-alykas-kuumien-kohteiden-tunnistus\/","title":{"rendered":"Nocpix M6T25S l\u00e4mp\u00f6kamera autoihin, jossa on \u00e4lyk\u00e4s kuumien kohteiden tunnistus"},"content":{"rendered":"<h2>Nocpix M6T25S -l\u00e4mp\u00f6kamera autoon \u00e4lykk\u00e4\u00e4ll\u00e4 kuumien kohteiden tunnistuksella<\/h2>\n<p>Esittelemme Nocpix MT -sarjan, Nocpixin innovatiivisen kupoliluotaimen, joka on suunniteltu erityisesti mets\u00e4stykseen. Se on ihanteellinen valinta ei vain ajon aikaiseen mets\u00e4stykseen, vaan soveltuu my\u00f6s erilaisiin mets\u00e4stysmenetelmiin ja -tapoihin. Edistyksellisill\u00e4 AI-malleilla ja suorituskykyisell\u00e4 laskentakapasiteetilla varustettu MT takaa vakaan suorituskyvyn my\u00f6s ajon aikana, sek\u00e4 tarkan saaliin tunnistuksen, lukituksen ja seurannan, tarjoten laadukkaat kuvat ja erinomaisen mets\u00e4styskokemuksen.<\/p>\n<h2>AI-suorituskyky<\/h2>\n<p>YOLO V5 -syv\u00e4oppimismallilla ja 2T:n laskentakapasiteetilla varustettu j\u00e4rjestelm\u00e4 on suunniteltu parantamaan mets\u00e4styskokemustasi. Suureen tietokantaan koulutettu syv\u00e4oppimismalli mahdollistaa nopean automaattisen saaliin tunnistuksen ja seurannan sek\u00e4 tarkat rajausruudut kohteiden merkint\u00e4\u00e4n. T\u00e4m\u00e4 helpottaa ja sujuvoittaa koko mets\u00e4stysprosessia &#8211; tunnistamisen, kohteistamisen ja seurannan &#8211; v\u00e4hent\u00e4en vaadittavaa henkil\u00f6kohtaista ty\u00f6panosta.<\/p>\n<h2>Harjaton 360\u00b0 panoraaminen n\u00e4kym\u00e4, 90\u00b0 kallistusvara<\/h2>\n<p>MT tarjoaa laajan 360\u00b0 panoraamisen n\u00e4kym\u00e4n 90\u00b0 kallistusvaran kanssa, tarjoten t\u00e4ydellisen kattavuuden. T\u00e4m\u00e4 varmistaa saumattoman saaliin seurannan ilman katvealueita.<\/p>\n<h2>Lopullinen stabilointi<\/h2>\n<p>Kaksiekselinen stabilointi mahdollistaa MT:lle vakaan kuvan v\u00e4litt\u00e4misen. Automaattinen kalibrointi korjaa tien kuoppien tai muiden ymp\u00e4rist\u00f6tekij\u00f6iden aiheuttamat linssin siirtym\u00e4t ja yll\u00e4pit\u00e4\u00e4 vakaan suunnan.<\/p>\n<h2>Eritt\u00e4in hiljainen k\u00e4ytt\u00f6kokemus<\/h2>\n<p>M6T25S k\u00e4ytt\u00e4\u00e4 harjatonta moottoria 360 asteen vaakasuuntaista kiertoa varten ja dynaamista tasapainosuunnittelua, mik\u00e4 tarkoittaa, ett\u00e4 se toimii alhaisella \u00e4\u00e4nitasolla kierron ja kallistumisen aikana, varmistaen h\u00e4iriintym\u00e4tt\u00f6m\u00e4n ja miellytt\u00e4v\u00e4n mets\u00e4styskokemuksen.<\/p>\n<h2>Useat liit\u00e4nt\u00e4- ja n\u00e4ytt\u00f6tavat<\/h2>\n<p>Erilaisten k\u00e4ytt\u00f6tottumusten ja tilanteiden huomioimiseksi tukena on kaksi liit\u00e4nt\u00e4menetelm\u00e4\u00e4: kaapeli ja WiFi. Kaapeliliit\u00e4nt\u00e4 tarjoaa suhteellisesti vakaamman kuvansiirron, kun taas WiFi tarjoaa k\u00e4tev\u00e4mm\u00e4n ja johdottoman kokemuksen. Reaaliaikainen kuvien l\u00e4hetys on mahdollista mille tahansa laitteelle, johon on asennettu Nocpix-sovellus, kuten iPad, matkapuhelimet jne.<\/p>\n","protected":false},"excerpt":{"rendered":"<p>Nocpix M6T25S Terminen ajokamera \u00e4lykkykseen perustuvalla kuumien esineiden havaitsemisella. \u00c4lyk\u00e4s etsint\u00e4, tehokas kantama 2300 m, kauko-ohjain, 2 ladattavaa paristoa enint\u00e4\u00e4n 7 tunnin k\u00e4ytt\u00f6aikaan.<\/p>\n<p>Jos tuote ei ole saatavilla, ota meihin yhteytt\u00e4: shop@nbg.eu tai +359896147790<\/p>\n","protected":false},"featured_media":683590,"template":"","meta":{"_acf_changed":false},"product_brand":[14454],"product_cat":[13196],"product_tag":[],"class_list":{"0":"post-683443","1":"product","2":"type-product","3":"status-publish","4":"has-post-thumbnail","6":"product_brand-nocpix","7":"product_cat-laempoekamera","9":"first","10":"instock","11":"taxable","12":"shipping-taxable","13":"purchasable","14":"product-type-simple"},"acf":[],"_links":{"self":[{"href":"https:\/\/nbg.eu\/fi\/wp-json\/wp\/v2\/product\/683443","targetHints":{"allow":["GET"]}}],"collection":[{"href":"https:\/\/nbg.eu\/fi\/wp-json\/wp\/v2\/product"}],"about":[{"href":"https:\/\/nbg.eu\/fi\/wp-json\/wp\/v2\/types\/product"}],"wp:featuredmedia":[{"embeddable":true,"href":"https:\/\/nbg.eu\/fi\/wp-json\/wp\/v2\/media\/683590"}],"wp:attachment":[{"href":"https:\/\/nbg.eu\/fi\/wp-json\/wp\/v2\/media?parent=683443"}],"wp:term":[{"taxonomy":"product_brand","embeddable":true,"href":"https:\/\/nbg.eu\/fi\/wp-json\/wp\/v2\/product_brand?post=683443"},{"taxonomy":"product_cat","embeddable":true,"href":"https:\/\/nbg.eu\/fi\/wp-json\/wp\/v2\/product_cat?post=683443"},{"taxonomy":"product_tag","embeddable":true,"href":"https:\/\/nbg.eu\/fi\/wp-json\/wp\/v2\/product_tag?post=683443"}],"curies":[{"name":"wp","href":"https:\/\/api.w.org\/{rel}","templated":true}]}}