{"id":683633,"date":"2026-01-08T18:14:29","date_gmt":"2026-01-08T15:14:29","guid":{"rendered":"https:\/\/nbg.eu\/product\/terminen-kamera-nocpix-vista-h50-50mm-12um-640x512-15mk-netd\/"},"modified":"2026-04-14T15:53:36","modified_gmt":"2026-04-14T12:53:36","slug":"terminen-kamera-nocpix-vista-h50-50mm-12um-640x512-15mk-netd","status":"publish","type":"product","link":"https:\/\/nbg.eu\/fi\/tuote\/terminen-kamera-nocpix-vista-h50-50mm-12um-640x512-15mk-netd\/","title":{"rendered":"Nocpix L\u00e4mp\u00f6kamera VISTA H50"},"content":{"rendered":"<h2>Nocpix VISTA H50 &#8211; Edistyksellinen l\u00e4mp\u00f6kamera p\u00e4iv\u00e4- ja y\u00f6k\u00e4ytt\u00f6\u00f6n<\/h2>\n<p>Nocpix VISTA H50 on edistyksellinen l\u00e4mp\u00f6kamera, joka on suunniteltu p\u00e4iv\u00e4- ja y\u00f6k\u00e4ytt\u00f6\u00f6n. Se tarjoaa erinomaisen kuvanlaadun jopa haastavissa s\u00e4\u00e4olosuhteissa, kuten sumussa, savussa ja sateessa, ja voi havaita kohteita esteiden, kuten oksien, korkean kasvillisuuden ja tihe\u00e4n lehtimets\u00e4n l\u00e4pi, jotka normaalisti rajoittavat n\u00e4kyvyytt\u00e4.<\/p>\n<p>VISTA H50 on eritt\u00e4in monipuolinen ja sopii moniin k\u00e4ytt\u00f6tarkoituksiin, kuten mets\u00e4stykseen, turvallisuuteen, valvontaan, maastossa liikkumiseen sek\u00e4 etsint\u00e4- ja pelastustoimintaan. Sen edistynyt l\u00e4mp\u00f6teknologia takaa luotettavan suorituskyvyn ja selke\u00e4t kuvat sek\u00e4 tarkat mittaukset haastavissa olosuhteissa.<\/p>\n<h2>T\u00e4rkeimm\u00e4t tekniset tiedot:<\/h2>\n<p>Resoluutio: 640 x 512<br \/>\nPikselikoko: 12<br \/>\nNETD, mK: \u226415<br \/>\nKuvataajuus: 50<br \/>\nObjektiivi: 50mm F0.9<br \/>\nKuvakulma: 8.8 x 7.0<br \/>\nKuvakulma (lineaarinen): 15 x 12<br \/>\nSuurennus: 4~40<br \/>\nHavaitsemiset\u00e4isyys: 2600<br \/>\nEt\u00e4isyys silmist\u00e4: 25<br \/>\nPupillin halkaisija: 8<br \/>\nDiopteria: -4 ~ +6<br \/>\nN\u00e4ytt\u00f6tyyppi: AMOLED<br \/>\nN\u00e4yt\u00f6n resoluutio: 2560 x 2560<br \/>\nAkku: Vaihdettava litiumioniakku IBP-7 \/ 4400mAh<br \/>\nMaksimi k\u00e4ytt\u00f6aika: 5.5<br \/>\nWi-Fi\/Sovellus: KYLL\u00c4<br \/>\nMikrofoni: KYLL\u00c4<br \/>\nMuistikapasiteetti: 64GB<br \/>\nIP-luokitus: IP67<br \/>\nMaksimi k\u00e4ytt\u00f6l\u00e4mp\u00f6tila: -20 ~ +50<br \/>\nPaino (unssia): 22.93<br \/>\nPaino (g): 650<br \/>\nMitat (tuumaa): 7.64 x 2.76 x 3.23<br \/>\nMitat (mm): 194 x 70 x 82<\/p>\n","protected":false},"excerpt":{"rendered":"<p>Nocpix VISTA H50 on 640&#215;512 12um l\u00e4mp\u00f6kamera, jossa on \u226415mK NETD, 50mm F0.9 linssi ja 2560&#215;2560 AMOLED-n\u00e4ytt\u00f6.<\/p>\n<p>Jos tuotetta ei ole saatavilla, ota yhteytt\u00e4: shop@nbg.eu tai +359896147790<\/p>\n<p>\n","protected":false},"featured_media":683661,"template":"","meta":{"_acf_changed":false},"product_brand":[14454],"product_cat":[13196,16072],"product_tag":[],"class_list":{"0":"post-683633","1":"product","2":"type-product","3":"status-publish","4":"has-post-thumbnail","6":"product_brand-nocpix","7":"product_cat-laempoekamera","8":"product_cat-thermal-cameras-fi","10":"first","11":"instock","12":"taxable","13":"shipping-taxable","14":"purchasable","15":"product-type-simple"},"acf":[],"_links":{"self":[{"href":"https:\/\/nbg.eu\/fi\/wp-json\/wp\/v2\/product\/683633","targetHints":{"allow":["GET"]}}],"collection":[{"href":"https:\/\/nbg.eu\/fi\/wp-json\/wp\/v2\/product"}],"about":[{"href":"https:\/\/nbg.eu\/fi\/wp-json\/wp\/v2\/types\/product"}],"wp:featuredmedia":[{"embeddable":true,"href":"https:\/\/nbg.eu\/fi\/wp-json\/wp\/v2\/media\/683661"}],"wp:attachment":[{"href":"https:\/\/nbg.eu\/fi\/wp-json\/wp\/v2\/media?parent=683633"}],"wp:term":[{"taxonomy":"product_brand","embeddable":true,"href":"https:\/\/nbg.eu\/fi\/wp-json\/wp\/v2\/product_brand?post=683633"},{"taxonomy":"product_cat","embeddable":true,"href":"https:\/\/nbg.eu\/fi\/wp-json\/wp\/v2\/product_cat?post=683633"},{"taxonomy":"product_tag","embeddable":true,"href":"https:\/\/nbg.eu\/fi\/wp-json\/wp\/v2\/product_tag?post=683633"}],"curies":[{"name":"wp","href":"https:\/\/api.w.org\/{rel}","templated":true}]}}