{"id":683740,"date":"2026-01-08T18:13:33","date_gmt":"2026-01-08T15:13:33","guid":{"rendered":"https:\/\/nbg.eu\/product\/lampokamera-nocpix-vista-h35-ilman-kaukomittaria-35mm-12um-640x512-15mk-netto\/"},"modified":"2026-04-14T15:53:54","modified_gmt":"2026-04-14T12:53:54","slug":"lampokamera-nocpix-vista-h35-ilman-kaukomittaria-35mm-12um-640x512-15mk-netto","status":"publish","type":"product","link":"https:\/\/nbg.eu\/fi\/tuote\/lampokamera-nocpix-vista-h35-ilman-kaukomittaria-35mm-12um-640x512-15mk-netto\/","title":{"rendered":"Nocpix L\u00e4mp\u00f6kamera VISTA H35"},"content":{"rendered":"<h2>Nocpix VISTA H35 -l\u00e4mp\u00f6monokulaarilaitteen &#8211; 35mm 12um 640&#215;512 \u226415mK NET<\/h2>\n<p>Nocpix VISTA H35 on monitarkoituksinen l\u00e4mp\u00f6monokulaarilaitteisto, joka on suunniteltu luotettavaan k\u00e4ytt\u00f6\u00f6n niin p\u00e4iv\u00e4ll\u00e4 kuin y\u00f6ll\u00e4kin. T\u00e4m\u00e4 kehittynyt laite tarjoaa erinomaisen l\u00e4mp\u00f6kuvantamistehon ja tuottaa selkeit\u00e4 ja yksityiskohtaisia kuvia jopa haastavissa s\u00e4\u00e4olosuhteissa, kuten sumussa, savussa ja sateessa. Se pystyy havaitsemaan kohteita esteiden, kuten oksien, korkean kasvillisuuden ja tihe\u00e4n lehdist\u00f6n, l\u00e4pi, mik\u00e4 mahdollistaa tehokkaan toiminnan ymp\u00e4rist\u00f6iss\u00e4, joissa perinteiset optiset laitteet ovat riitt\u00e4m\u00e4tt\u00f6mi\u00e4.<\/p>\n<p>VISTA H35 soveltuu erinomaisesti erilaisiin k\u00e4ytt\u00f6tarkoituksiin, kuten mets\u00e4stykseen, valvontaan, turvallisuuteen, maastossa navigointiin sek\u00e4 etsint\u00e4- ja pelastusteht\u00e4viin. Edistyksellisen teknologiansa ja kest\u00e4v\u00e4n rakenteensa ansiosta VISTA H35 varmistaa tarkan havainnoin ja mittauksen kaikkein vaikeimmiissakin olosuhteissa.<\/p>\n<h2>Ominaisuudet<\/h2>\n<p>-640\u00d7512 12\u03bcm -ilmaisin<br \/>\nNETD\u226415mK<br \/>\n-60Hz:n korkea kuvanopeus<br \/>\n-F0.9 -linssi<br \/>\n-AMOLED 2560\u00d72560 py\u00f6re\u00e4 n\u00e4ytt\u00f6<br \/>\n-IBP-7 -pikalataava ladattava akku<br \/>\n-Tasainen digitaalinen zoomaus: 1\u00d7~8\u00d7<br \/>\n-Ultra clean -tila<br \/>\n-Silmiensuojaus alhaisella kirkkaustasolla, v\u00e4ripalettilla ja l\u00e4mpim\u00e4ll\u00e4 s\u00e4vyll\u00e4<br \/>\n-Elektroninen kuvan vakautus<\/p>\n","protected":false},"excerpt":{"rendered":"<p>L\u00e4mp\u00f6kamera Nocpix VISTA H35 ilman et\u00e4isyysmittaria &#8211; 35mm 12um 640&#215;512 &lt;15mk NET<\/p>\n<p>Jos tuote ei ole saatavilla, ota meihin yhteytt\u00e4: shop@nbg.eu tai +359896147790<\/p>\n<p>\n","protected":false},"featured_media":683803,"template":"","meta":{"_acf_changed":false},"product_brand":[14454],"product_cat":[13196,16072],"product_tag":[],"class_list":{"0":"post-683740","1":"product","2":"type-product","3":"status-publish","4":"has-post-thumbnail","6":"product_brand-nocpix","7":"product_cat-laempoekamera","8":"product_cat-thermal-cameras-fi","10":"first","11":"instock","12":"taxable","13":"shipping-taxable","14":"purchasable","15":"product-type-simple"},"acf":[],"_links":{"self":[{"href":"https:\/\/nbg.eu\/fi\/wp-json\/wp\/v2\/product\/683740","targetHints":{"allow":["GET"]}}],"collection":[{"href":"https:\/\/nbg.eu\/fi\/wp-json\/wp\/v2\/product"}],"about":[{"href":"https:\/\/nbg.eu\/fi\/wp-json\/wp\/v2\/types\/product"}],"wp:featuredmedia":[{"embeddable":true,"href":"https:\/\/nbg.eu\/fi\/wp-json\/wp\/v2\/media\/683803"}],"wp:attachment":[{"href":"https:\/\/nbg.eu\/fi\/wp-json\/wp\/v2\/media?parent=683740"}],"wp:term":[{"taxonomy":"product_brand","embeddable":true,"href":"https:\/\/nbg.eu\/fi\/wp-json\/wp\/v2\/product_brand?post=683740"},{"taxonomy":"product_cat","embeddable":true,"href":"https:\/\/nbg.eu\/fi\/wp-json\/wp\/v2\/product_cat?post=683740"},{"taxonomy":"product_tag","embeddable":true,"href":"https:\/\/nbg.eu\/fi\/wp-json\/wp\/v2\/product_tag?post=683740"}],"curies":[{"name":"wp","href":"https:\/\/api.w.org\/{rel}","templated":true}]}}