{"id":683915,"date":"2026-01-08T18:14:25","date_gmt":"2026-01-08T15:14:25","guid":{"rendered":"https:\/\/nbg.eu\/product\/lampokamera-nocpix-rico-2-h50r\/"},"modified":"2026-04-14T15:53:40","modified_gmt":"2026-04-14T12:53:40","slug":"lampokamera-nocpix-rico-2-h50r","status":"publish","type":"product","link":"https:\/\/nbg.eu\/fi\/tuote\/lampokamera-nocpix-rico-2-h50r\/","title":{"rendered":"Nocpix L\u00e4mp\u00f6kamera Rico 2 H50R"},"content":{"rendered":"<h2>Nocpix Rico 2 H50R: Pitk\u00e4n kantaman ampumisen asiantuntija<\/h2>\n<p>Nocpix RICO 2 H50R -sarja l\u00e4mp\u00f6kuvalatikoreista on suunniteltu mets\u00e4st\u00e4jille, jotka vaativat parasta selkeytt\u00e4, kantamaa ja mukavuutta. Teollisuuden johtavalla l\u00e4mp\u00f6tunnistimella ja korkealla kuvataajuudella suunniteltu, se tuottaa eritt\u00e4in laadukasta kuvaa, joka helpottaa kohteiden tunnistamista ja seurantaa. Sen pitk\u00e4 polttov\u00e4li ja sis\u00e4\u00e4nrakennettu et\u00e4isyysmittari varmistavat, ett\u00e4 voit mitata et\u00e4\u00e4ll\u00e4 olevia kohteita tarkasti, samalla kun kehittynyt optiikkasuunnittelu tarjoaa h\u00e4iri\u00f6t\u00f6nt\u00e4 katselukokemusta. Portaattomalla zoomaustoiminnolla ja erinomaisella silm\u00e4kohdistuksella Nocpix RICO 2 H50R -sarja mahdollistaa mets\u00e4st\u00e4jille helpon suurennoksen s\u00e4\u00e4t\u00e4misen ja miellytt\u00e4v\u00e4n tuntuman pitkiss\u00e4kin mets\u00e4stysjaksoissa. Innovatiivisilla teknologioillaan ja k\u00e4ytt\u00e4j\u00e4keskeisell\u00e4 suunnittelullaan Nocpix RICO 2 H50R -sarja todella mahdollistaa mets\u00e4styksen rajojen ulkopuolella.<\/p>\n<h2>Avainominaisuudet:<\/h2>\n<p>Hy\u00f6dynn\u00e4 premium-laatuista toisen sukupolven 12\u03bcm@60Hz-tunnistinta, NETD \u226420mK:lla, joka tuottaa ter\u00e4v\u00e4\u00e4, korkean kontrastin kuvaa ja parantaa kohteiden tunnistamista.<\/p>\n<p>Nocpix RICO 2 H50R on varustettu suuremmilla objektiiviobjektiiveilla (50 mm\/F1.0, 42 mm\/F1.0), jotka tarjoavat parantuneen valon ker\u00e4\u00e4miskyvyn erinomaisen kuvan selkeyden ja laajennetun havaitsemiskantaman saavuttamiseksi.<\/p>\n<p>RICO 2 -sarja mahdollistaa suurennoksen helpon hienos\u00e4\u00e4d\u00f6n portaattomalla LPVO-tyylisell\u00e4 zoomaustoiminnolla, tarjoten nopeat ja vaivattoman s\u00e4\u00e4d\u00f6t, jotta voit varmasti osua kohteisiin mill\u00e4 et\u00e4isyydell\u00e4 tahansa.<\/p>\n<p>RICO 2 -sarja tarjoaa jopa 2600 m:n havaintokantaman, antaen sinulle merkitt\u00e4v\u00e4n edun pitk\u00e4n kantaman mets\u00e4styksess\u00e4 ja tarkassa t\u00e4ht\u00e4\u00e4misess\u00e4.<\/p>\n<p>Nocpix RICO 2 H50R on varustettu integroidulla et\u00e4isyysmittarilla, joka tarjoaa lasertunnistuksen kantamalla jopa 1200 m optisen akselin tarkan kohdistuksen ansiosta, varmistaen tarkat et\u00e4isyyden mittaukset tyylikk\u00e4\u00e4n ja elegantin suunnittelun s\u00e4ilytt\u00e4en.<\/p>\n<p>Yksinkertaista osumaa sijoittamista automaattisten ballististen laskelmien avulla, k\u00e4ytt\u00e4m\u00e4ll\u00e4 integroitua et\u00e4isyysmittaria helposti osuaksesi pitkille et\u00e4isyyksille.<\/p>\n<p>1.03&#8243; 2560&#215;2560 OLED-n\u00e4ytt\u00f6 (H50R), h\u00e4iri\u00f6t\u00f6n okulaari, 70 mm:n silm\u00e4kohta ja 23 mm:n ulostuloper\u00e4 tarjoavat ter\u00e4v\u00e4n, miellytt\u00e4v\u00e4n katselukokemuksen pitki\u00e4kin jaksoja varten.<\/p>\n<p>H50R-malli on varustettu ennenn\u00e4kem\u00e4tt\u00f6m\u00e4ll\u00e4 70 mm:n et\u00e4isyydell\u00e4, joka tarjoaa maksimaalista mukavuutta pitk\u00e4aikaiseen k\u00e4ytt\u00f6\u00f6n ilman silmien rasitusta ja varmistaa silmien turvallisuuden.<\/p>\n","protected":false},"excerpt":{"rendered":"<p>L\u00e4mp\u00f6kamera Nocpix Rico 2 H50R. Pitk\u00e4n matkan kuvaamisen asiantuntija. 640&#215;512 sensori, 60Hz, integroitu et\u00e4isyysmittari, jatkuva zoom.<\/p>\n","protected":false},"featured_media":684204,"template":"","meta":{"_acf_changed":false},"product_brand":[14454],"product_cat":[13196,16072],"product_tag":[],"class_list":{"0":"post-683915","1":"product","2":"type-product","3":"status-publish","4":"has-post-thumbnail","6":"product_brand-nocpix","7":"product_cat-laempoekamera","8":"product_cat-thermal-cameras-fi","10":"first","11":"instock","12":"taxable","13":"shipping-taxable","14":"purchasable","15":"product-type-simple"},"acf":[],"_links":{"self":[{"href":"https:\/\/nbg.eu\/fi\/wp-json\/wp\/v2\/product\/683915","targetHints":{"allow":["GET"]}}],"collection":[{"href":"https:\/\/nbg.eu\/fi\/wp-json\/wp\/v2\/product"}],"about":[{"href":"https:\/\/nbg.eu\/fi\/wp-json\/wp\/v2\/types\/product"}],"wp:featuredmedia":[{"embeddable":true,"href":"https:\/\/nbg.eu\/fi\/wp-json\/wp\/v2\/media\/684204"}],"wp:attachment":[{"href":"https:\/\/nbg.eu\/fi\/wp-json\/wp\/v2\/media?parent=683915"}],"wp:term":[{"taxonomy":"product_brand","embeddable":true,"href":"https:\/\/nbg.eu\/fi\/wp-json\/wp\/v2\/product_brand?post=683915"},{"taxonomy":"product_cat","embeddable":true,"href":"https:\/\/nbg.eu\/fi\/wp-json\/wp\/v2\/product_cat?post=683915"},{"taxonomy":"product_tag","embeddable":true,"href":"https:\/\/nbg.eu\/fi\/wp-json\/wp\/v2\/product_tag?post=683915"}],"curies":[{"name":"wp","href":"https:\/\/api.w.org\/{rel}","templated":true}]}}