{"id":684909,"date":"2026-01-08T18:13:14","date_gmt":"2026-01-08T15:13:14","guid":{"rendered":"https:\/\/nbg.eu\/product\/lampokamera-nocpix-ace-h50-12um-640x512-15mk-netd\/"},"modified":"2026-04-14T15:54:09","modified_gmt":"2026-04-14T12:54:09","slug":"lampokamera-nocpix-ace-h50-12um-640x512-15mk-netd","status":"publish","type":"product","link":"https:\/\/nbg.eu\/fi\/tuote\/lampokamera-nocpix-ace-h50-12um-640x512-15mk-netd\/","title":{"rendered":"Nocpix L\u00e4mp\u00f6kamera ACE H50"},"content":{"rendered":"<h2>Nocpix ACE H50 -l\u00e4mp\u00f6sihdint\u00e4: Vertaansa vailla oleva mets\u00e4styssuorituskyky<\/h2>\n<p>Nocpix ACE H50 -l\u00e4mp\u00f6sihdint\u00e4 yhdist\u00e4\u00e4 kehittyneen teknologian ja kest\u00e4v\u00e4n kest\u00e4vyyden ennenn\u00e4kem\u00e4tt\u00f6m\u00e4\u00e4n mets\u00e4styskokemukseen. Siin\u00e4 on 640&#215;512 resoluution l\u00e4mp\u00f6sensori, jonka NETD on \u226412mK, mik\u00e4 takaa poikkeuksellisen kuvanlaadun, sek\u00e4 3100 metrin havaitsemiset\u00e4isyys. Innovatiivinen Vision+ -j\u00e4rjestelm\u00e4 tarjoaa katsekulmaa l\u00e4hent\u00e4v\u00e4n optisen suurennuksen, samalla kun kaksoisakkuj\u00e4rjestelm\u00e4 varmistaa pitk\u00e4kestoisen k\u00e4yt\u00f6n. T\u00e4m\u00e4 sihdint\u00e4 on valmistettu kest\u00e4v\u00e4st\u00e4 alumiiniseoksesta ja on luokiteltu IP67-luokkaan, mik\u00e4 tekee siit\u00e4 suorituskykyisen miss\u00e4 tahansa ulkoisessa ymp\u00e4rist\u00f6ss\u00e4.<\/p>\n<p>NocPix ACE H50 -l\u00e4mp\u00f6sihdint\u00e4 on huipputeknologinen ty\u00f6kalu, joka on suunniteltu uudelleenm\u00e4\u00e4ritt\u00e4m\u00e4\u00e4n mets\u00e4styskokemusta, olipa kyse y\u00f6n pimeydess\u00e4 navigoimisesta tai saaliin j\u00e4ljitt\u00e4misest\u00e4 vaativassa maastossa. Osana NocPix:n lippulaivasarjaa ACE, t\u00e4m\u00e4 l\u00e4mp\u00f6optiikkavisiiri erottuu erinomaisella kuvanlaadullaan ja tarkkuudellaan, kiitos sis\u00e4isesti kehitetyn korkearesoluutioisen l\u00e4mp\u00f6sensorin ja edistyneiden Reality+- ja Vision+-j\u00e4rjestelmien.<\/p>\n<p>Nocpix ACE H50:n ytimess\u00e4 on sen toisen sukupolven HD-l\u00e4mp\u00f6sensori, jossa on 640&#215;512 resoluutio ja 60 Hz:n kuvataajuus, tarjoten uskomattoman vakaan suorituskyvyn. NETD-arvolla \u226412mK t\u00e4m\u00e4 sihdint\u00e4 tunnistaa jopa pienimm\u00e4tkin l\u00e4mp\u00f6tilamuutokset, tarjoten yksityiskohtaisia ja tasaisia l\u00e4mp\u00f6kuvia, jotka sopivat erinomaisesti nopeasti liikkuvien kohteiden reaaliaikaiseen seurantaan. Kehittynyt Reality+ -kuvank\u00e4sittelyalgoritmi parantaa t\u00e4t\u00e4 entisest\u00e4\u00e4n poistamalla ymp\u00e4rist\u00f6melun, tarjoten paremman kontrastin ja selkeyden jopa haastavissa mets\u00e4stysolosuhteissa.<\/p>\n<p>ACE H50:ss\u00e4 on 50 mm:n\/F0,9:n linssi, joka mahdollistaa 20 % enemm\u00e4n valon p\u00e4\u00e4syn sensoriin, luoden kirkkaampaa ja selke\u00e4mp\u00e4\u00e4 kuvaa. T\u00e4m\u00e4 on ratkaiseva ominaisuus mets\u00e4st\u00e4jille, jotka tavoittelevat tarkkuutta, sill\u00e4 parantunut valonl\u00e4p\u00e4isy tarjoaa paremman n\u00e4kyvyyden heikossa valaistuksessa. Lis\u00e4ksi 3100 metrin havaitsemiset\u00e4isyys erottaa ACE:n muista, tehden kaukaisten kohteiden tunnistamisesta ja seurannasta helpompaa ja tehokkaampaa kuin koskaan.<\/p>\n<p>Integroitu Vision+-j\u00e4rjestelm\u00e4 parantaa visuaalista kokemusta 1,03 tuuman py\u00f6re\u00e4ll\u00e4 AMOLED-n\u00e4yt\u00f6ll\u00e4, jonka resoluutio on 2560&#215;2560. Optiinen zoomij\u00e4rjestelm\u00e4, joka on suunniteltu v\u00e4ltt\u00e4m\u00e4\u00e4n perinteisille elektronisille zoomauksille tyypillisi\u00e4 sumenemisia ja v\u00e4\u00e4ristymi\u00e4, varmistaa, ett\u00e4 mets\u00e4st\u00e4j\u00e4t nauttivat selkeist\u00e4, tarkoista l\u00e4hikuvista ilman, ett\u00e4 yksityiskohdat h\u00e4vi\u00e4v\u00e4t. T\u00e4m\u00e4 tarjoaa upottavan ja mukavan katselukokemuksen, olipa kyse saaliista kauempaa t\u00e4hy\u00e4misest\u00e4 tai tarkkarajaiseen maalittamiseen.<\/p>\n<p>Pitk\u00e4kestoista k\u00e4ytt\u00f6\u00e4 varten maastossa ACE-malli on varustettu kaksoisakkuj\u00e4rjestelm\u00e4ll\u00e4, jossa on sis\u00e4\u00e4nrakennettu 4000 mAh:n akku ja lis\u00e4ksi irrotettava 18650-akku, mik\u00e4 mahdollistaa keskeytyksett\u00f6m\u00e4n toiminnan pitkien mets\u00e4styssessioiden aikana. Kest\u00e4v\u00e4 rakenne, joka on valmistettu kest\u00e4v\u00e4st\u00e4 alumiiniseoksesta, varmistaa, ett\u00e4 ACE kest\u00e4\u00e4 karkeita ulkok\u00e4ytt\u00f6ymp\u00e4rist\u00f6j\u00e4 ja kovaa kulutusta, kun se on l\u00e4p\u00e4issyt perusteelliset iskunkest\u00e4vyystestit. IP67-luokituksen ansiosta sihdint\u00e4 pysyy luotettavana ep\u00e4suotuisissa s\u00e4\u00e4olosuhteissa, tarjoten mets\u00e4st\u00e4jille rauhan mielt\u00e4 olosuhteista riippumatta.<\/p>\n<p>Mets\u00e4st\u00e4jien tarpeita silm\u00e4ll\u00e4 pit\u00e4en NocPix ACE H50 -sihdint\u00e4 sis\u00e4lt\u00e4\u00e4 olennaisia ominaisuuksia, kuten t\u00e4r\u00e4hdyksell\u00e4 aktivoituvan videonkuvauksen ja sulkimettoman suunnittelun vaivattomaan k\u00e4ytt\u00f6\u00f6n maastossa. K\u00e4ytt\u00e4j\u00e4yst\u00e4v\u00e4llisten lis\u00e4ominaisuuksien, kuten tarkennuss\u00e4\u00e4timen, lataussuojuksen ja suoraan Galleria-toiminnolla toistettavien videoiden ansiosta, t\u00e4m\u00e4 sihdint\u00e4 yhdist\u00e4\u00e4 korkean suorituskyvyn k\u00e4ytt\u00f6mukavuuteen optimaalisen mets\u00e4styskokemuksen saavuttamiseksi.<\/p>\n","protected":false},"excerpt":{"rendered":"<p>L\u00e4mp\u00f6kiikari NocPix ACE H50 tarjoaa 640&#215;512 resoluution, \u226415mK NETD:n, 3100 m:n havaitsemiset\u00e4isyyden ja kaksoisakkulaitteen erinomaisen mets\u00e4styskokemuksen takaamiseksi.<\/p>\n<p>Jos tuotetta ei ole saatavilla, ota yhteytt\u00e4 meihin: shop@nbg.eu tai +359896147790<\/p>\n<p>\n","protected":false},"featured_media":684966,"template":"","meta":{"_acf_changed":false},"product_brand":[14454],"product_cat":[13196,16072],"product_tag":[],"class_list":{"0":"post-684909","1":"product","2":"type-product","3":"status-publish","4":"has-post-thumbnail","6":"product_brand-nocpix","7":"product_cat-laempoekamera","8":"product_cat-thermal-cameras-fi","10":"first","11":"instock","12":"taxable","13":"shipping-taxable","14":"purchasable","15":"product-type-simple"},"acf":[],"_links":{"self":[{"href":"https:\/\/nbg.eu\/fi\/wp-json\/wp\/v2\/product\/684909","targetHints":{"allow":["GET"]}}],"collection":[{"href":"https:\/\/nbg.eu\/fi\/wp-json\/wp\/v2\/product"}],"about":[{"href":"https:\/\/nbg.eu\/fi\/wp-json\/wp\/v2\/types\/product"}],"wp:featuredmedia":[{"embeddable":true,"href":"https:\/\/nbg.eu\/fi\/wp-json\/wp\/v2\/media\/684966"}],"wp:attachment":[{"href":"https:\/\/nbg.eu\/fi\/wp-json\/wp\/v2\/media?parent=684909"}],"wp:term":[{"taxonomy":"product_brand","embeddable":true,"href":"https:\/\/nbg.eu\/fi\/wp-json\/wp\/v2\/product_brand?post=684909"},{"taxonomy":"product_cat","embeddable":true,"href":"https:\/\/nbg.eu\/fi\/wp-json\/wp\/v2\/product_cat?post=684909"},{"taxonomy":"product_tag","embeddable":true,"href":"https:\/\/nbg.eu\/fi\/wp-json\/wp\/v2\/product_tag?post=684909"}],"curies":[{"name":"wp","href":"https:\/\/api.w.org\/{rel}","templated":true}]}}