{"id":685087,"date":"2026-01-08T18:13:21","date_gmt":"2026-01-08T15:13:21","guid":{"rendered":"https:\/\/nbg.eu\/product\/thermal-monocular-nocpix-lumi-p13\/"},"modified":"2026-04-14T15:54:01","modified_gmt":"2026-04-14T12:54:01","slug":"thermal-monocular-nocpix-lumi-p13","status":"publish","type":"product","link":"https:\/\/nbg.eu\/fi\/tuote\/thermal-monocular-nocpix-lumi-p13\/","title":{"rendered":"Nocpix L\u00e4mp\u00f6monokulaari LUMI P13"},"content":{"rendered":"<h2>Maksimaalinen suorituskyky minimaalisella painolla &#8211; Nocpix LUMI P13: Pid\u00e4 aina silm\u00e4ll\u00e4 ymp\u00e4rist\u00f6\u00e4si<\/h2>\n<p>LUMI-l\u00e4mp\u00f6kamerasarja on suunniteltu sek\u00e4 p\u00e4iv\u00e4- ett\u00e4 y\u00f6k\u00e4ytt\u00f6\u00f6n, ja se tarjoaa sinulle erinomaisen kuvanlaadun jopa vaikeissa s\u00e4\u00e4olosuhteissa, kuten sumussa, savussa tai sateessa. Vaikka esteet, kuten oksat, korkea ruoho tai tihe\u00e4 kasvusto, vaikeuttaisivatkin n\u00e4k\u00f6yhteytt\u00e4, t\u00e4m\u00e4n teknologian ansiosta voit aina n\u00e4hd\u00e4 selke\u00e4sti edess\u00e4si olevan. Ne ovat my\u00f6s niin kompakteja ja kevyit\u00e4, ett\u00e4 voit helposti kuljettaa niit\u00e4 mukana kaikkialle.<\/p>\n<p>LUMI-l\u00e4mp\u00f6kamerat sopivat erinomaisesti moniin k\u00e4ytt\u00f6tarkoituksiin, kuten mets\u00e4stykseen, valvontaan, turvallisuuteen, maastotuntumaan tai pelastustoimintaan.<\/p>\n<h2>Vertaansa vailla oleva kuvaussuorituskyky ter\u00e4v\u00e4piirtokuville<\/h2>\n<p>LUMI-sarja asettaa uudet standardit kuvanlaadun suhteen. Varustettuina uusimmilla kuvank\u00e4sittelyalgoritmeilla ja tehokkaalla l\u00e4mp\u00f6anturilla, jossa NETD &lt; 20 mK, kamera tuottaa ter\u00e4v\u00e4t ja realistiset kuvat. AMOLED-n\u00e4ytt\u00f6, jonka resoluutio on 1440 x 1080 pikseli\u00e4, takaa erinomaisen kuvan laadun, ja Ultra Clear -tila optimoi kuvien selkeytt\u00e4 erityisesti vaikeissa s\u00e4\u00e4olosuhteissa.<\/p>\n<h2>Personoitu katselukokemus &#8211; Viimeistele laitteesi t\u00e4ydellisesti<\/h2>\n<p>256 x 192 pikseli\u00e4 k\u00e4sitt\u00e4v\u00e4n anturin ja monipuolisten s\u00e4\u00e4t\u00f6mahdollisuuksien ansiosta voit mukauttaa laitteen t\u00e4sm\u00e4lleen omiin tarpeisiisi. Valitse viidest\u00e4 v\u00e4ritilasta ja optimoi n\u00e4kym\u00e4\u00e4 10 eri kirkkaus-, ter\u00e4vyys- ja kontrastiasetuksella &#8211; jotta mik\u00e4\u00e4n yksityiskohta ei j\u00e4isi huomaamatta.<\/p>\n<h2>Kokemusten jakaminen on helppoa LUMI:n kanssa<\/h2>\n<p>Erityisten hetkien taltioiminen on olennaista nykyaikaiselle mets\u00e4st\u00e4j\u00e4lle. Nocpix LUMI P13 -kameralla voit paitsi helposti jakaa tallenteitasi sovelluksen kautta, my\u00f6s toistaa niit\u00e4 suoraan laitteella &#8211; t\u00e4ydellinen tapa jakaa kokemuksiasi muiden kanssa v\u00e4litt\u00f6m\u00e4sti.<\/p>\n<h2>Voidaan k\u00e4ytt\u00e4\u00e4 joustavasti irrotettavan akkuj\u00e4rjestelm\u00e4n ansiosta<\/h2>\n<p>LUMI-sarja on varustettu vakio-18650-akuilla, mik\u00e4 tarjoaa sinulle maksimaalista joustavuutta. Minne ikin\u00e4 menetkin, mukana tulevan akkulaturin avulla olet j\u00e4lleen k\u00e4ytt\u00f6valmiina nopeasti &#8211; ja voit jatkaa teht\u00e4v\u00e4\u00e4si.<\/p>\n","protected":false},"excerpt":{"rendered":"<p>Huipputeho minimipainolla &#8211; Nocpix LUMI P13: Pid\u00e4 aina silm\u00e4ll\u00e4 kohdettasi.<\/p>\n<p>Jos tuote ei ole saatavilla, ota yhteytt\u00e4: shop@nbg.eu tai +359896147790<\/p>\n<p>\n","protected":false},"featured_media":685199,"template":"","meta":{"_acf_changed":false},"product_brand":[14454],"product_cat":[13196,16071],"product_tag":[],"class_list":{"0":"post-685087","1":"product","2":"type-product","3":"status-publish","4":"has-post-thumbnail","6":"product_brand-nocpix","7":"product_cat-laempoekamera","8":"product_cat-monoculars-fi","10":"first","11":"instock","12":"taxable","13":"shipping-taxable","14":"purchasable","15":"product-type-simple"},"acf":[],"_links":{"self":[{"href":"https:\/\/nbg.eu\/fi\/wp-json\/wp\/v2\/product\/685087","targetHints":{"allow":["GET"]}}],"collection":[{"href":"https:\/\/nbg.eu\/fi\/wp-json\/wp\/v2\/product"}],"about":[{"href":"https:\/\/nbg.eu\/fi\/wp-json\/wp\/v2\/types\/product"}],"wp:featuredmedia":[{"embeddable":true,"href":"https:\/\/nbg.eu\/fi\/wp-json\/wp\/v2\/media\/685199"}],"wp:attachment":[{"href":"https:\/\/nbg.eu\/fi\/wp-json\/wp\/v2\/media?parent=685087"}],"wp:term":[{"taxonomy":"product_brand","embeddable":true,"href":"https:\/\/nbg.eu\/fi\/wp-json\/wp\/v2\/product_brand?post=685087"},{"taxonomy":"product_cat","embeddable":true,"href":"https:\/\/nbg.eu\/fi\/wp-json\/wp\/v2\/product_cat?post=685087"},{"taxonomy":"product_tag","embeddable":true,"href":"https:\/\/nbg.eu\/fi\/wp-json\/wp\/v2\/product_tag?post=685087"}],"curies":[{"name":"wp","href":"https:\/\/api.w.org\/{rel}","templated":true}]}}