{"id":685235,"date":"2026-01-08T18:13:20","date_gmt":"2026-01-08T15:13:20","guid":{"rendered":"https:\/\/nbg.eu\/product\/lampokamera-nocpix-lumi-l35r-laserkaukomittarilla\/"},"modified":"2026-04-14T15:54:05","modified_gmt":"2026-04-14T12:54:05","slug":"lampokamera-nocpix-lumi-l35r-laserkaukomittarilla","status":"publish","type":"product","link":"https:\/\/nbg.eu\/fi\/tuote\/lampokamera-nocpix-lumi-l35r-laserkaukomittarilla\/","title":{"rendered":"Nocpix L\u00e4mp\u00f6monokulaari LUMI L35R LRF"},"content":{"rendered":"<h2>Thermal Monocular Nocpix LUMI L35R with Laser Rangefinder<\/h2>\n<p>Nocpix LUMI L35R on tehokas ja kompakti l\u00e4mp\u00f6kaukoputki, jossa on integroitu laserkaukomittari. Siin\u00e4 on edistyksellisin luokkansa anturi, jonka NETD on \u226418mK, ja se tarjoaa korkearesoluutioista kuvaa jopa \u00e4\u00e4rimm\u00e4isiss\u00e4 s\u00e4\u00e4olosuhteissa. Kevyt ja ergonominen muotoilu tekee siit\u00e4 helppok\u00e4ytt\u00f6isen, ja irrotettava akkuj\u00e4rjestelm\u00e4, joka k\u00e4ytt\u00e4\u00e4 tavanomaisia 18650-akkuja, tarjoaa pidemm\u00e4n k\u00e4ytt\u00f6ajan.<\/p>\n<p>Integroitu laserkaukomittari mahdollistaa tarkan maalin et\u00e4isyyden m\u00e4\u00e4ritt\u00e4misen, ja edistykselliset R+ AI-kuvank\u00e4sittelyalgoritminit parantavat kuvan yksityiskohtia ja hy\u00f6dynt\u00e4v\u00e4t t\u00e4ysin anturin suorituskyky\u00e4. Kaukoputki on vedenpit\u00e4v\u00e4, p\u00f6lytiivis ja suunniteltu mukavaan ulkok\u00e4ytt\u00f6\u00f6n, ja siin\u00e4 on ominaisuuksia, kuten elektroninen kuvavakautus, silm\u00e4ns\u00e4 v\u00e4ripalettia ja eritt\u00e4in hiljaisia painikkeita.<\/p>\n<p>Jopa 1800 metrin anturialueellaan Nocpix LUMI L35R on monipuolinen l\u00e4mp\u00f6kuvaratkaisu mets\u00e4stykseen, turvallisuuteen ja ulkotoimintoihin. Sit\u00e4 tukee valmistajan 3 vuoden t\u00e4ysi takuu, ja se tarjoaa erinomaisen suorituskyvyn ja luotettavuuden.<\/p>\n","protected":false},"excerpt":{"rendered":"<p>L\u00e4mp\u00f6kiikarikamera Nocpix LUMI L35R laseret\u00e4isyysmittarilla: korkearesoluutioinen anturi \u226418 mK NETD, kompakti ja kevyt, irrotettava akku.<\/p>\n","protected":false},"featured_media":685272,"template":"","meta":{"_acf_changed":false},"product_brand":[14454],"product_cat":[13196,16071],"product_tag":[],"class_list":{"0":"post-685235","1":"product","2":"type-product","3":"status-publish","4":"has-post-thumbnail","6":"product_brand-nocpix","7":"product_cat-laempoekamera","8":"product_cat-monoculars-fi","10":"first","11":"instock","12":"taxable","13":"shipping-taxable","14":"purchasable","15":"product-type-simple"},"acf":[],"_links":{"self":[{"href":"https:\/\/nbg.eu\/fi\/wp-json\/wp\/v2\/product\/685235","targetHints":{"allow":["GET"]}}],"collection":[{"href":"https:\/\/nbg.eu\/fi\/wp-json\/wp\/v2\/product"}],"about":[{"href":"https:\/\/nbg.eu\/fi\/wp-json\/wp\/v2\/types\/product"}],"wp:featuredmedia":[{"embeddable":true,"href":"https:\/\/nbg.eu\/fi\/wp-json\/wp\/v2\/media\/685272"}],"wp:attachment":[{"href":"https:\/\/nbg.eu\/fi\/wp-json\/wp\/v2\/media?parent=685235"}],"wp:term":[{"taxonomy":"product_brand","embeddable":true,"href":"https:\/\/nbg.eu\/fi\/wp-json\/wp\/v2\/product_brand?post=685235"},{"taxonomy":"product_cat","embeddable":true,"href":"https:\/\/nbg.eu\/fi\/wp-json\/wp\/v2\/product_cat?post=685235"},{"taxonomy":"product_tag","embeddable":true,"href":"https:\/\/nbg.eu\/fi\/wp-json\/wp\/v2\/product_tag?post=685235"}],"curies":[{"name":"wp","href":"https:\/\/api.w.org\/{rel}","templated":true}]}}