{"id":685314,"date":"2025-12-17T17:50:25","date_gmt":"2025-12-17T14:50:25","guid":{"rendered":"https:\/\/nbg.eu\/product\/lampokamerakiikaritietokonenako-lumi-l19\/"},"modified":"2026-01-21T11:59:28","modified_gmt":"2026-01-21T08:59:28","slug":"lampokamerakiikaritietokonenako-lumi-l19","status":"publish","type":"product","link":"https:\/\/nbg.eu\/fi\/tuote\/lampokamerakiikaritietokonenako-lumi-l19\/","title":{"rendered":"L\u00e4mp\u00f6kamerakiikaritietokonen\u00e4k\u00f6 LUMI L19"},"content":{"rendered":"<h2>Maksimaalinen suorituskyky v\u00e4himm\u00e4ll\u00e4 painolla \u2013 Nocpix LUMI L19: Havainnoijasi metsiin ja niityille<\/h2>\n<p>LUMI-l\u00e4mp\u00f6kamerasarjat on suunniteltu sek\u00e4 p\u00e4iv\u00e4- ett\u00e4 y\u00f6k\u00e4ytt\u00f6\u00f6n ja tarjoavat sinulle erinomaisen kuvanlaadun jopa vaikeissa s\u00e4\u00e4oloissa, kuten sumussa, savussa tai sateessa. Vaikka esteet, kuten oksat, korkea ruoho tai tihe\u00e4 kasvillisuus vaikeuttaisivat n\u00e4kemist\u00e4, t\u00e4m\u00e4n teknologian ansiosta voit aina selke\u00e4sti n\u00e4hd\u00e4 edess\u00e4si olevan. Ne ovat my\u00f6s niin kompakteja ja kevyit\u00e4, ett\u00e4 voit helposti kantaa niit\u00e4 mukanasi.<\/p>\n<p>LUMI-l\u00e4mp\u00f6kamerat soveltuvat erinomaisesti moniin k\u00e4ytt\u00f6tarkoituksiin, kuten mets\u00e4stykseen, valvontaan, turvallisuuteen, maastonsuuntautumiseen tai pelastus- ja etsint\u00e4operaatioihin.<\/p>\n<h2>Vertaansa vailla oleva kuvanlaatu ter\u00e4v\u00e4kuvaisia kuvia varten<\/h2>\n<p>LUMI-sarja asettaa uudet standardit kuvanlaadun suhteen. Varustettuina edistyneimmill\u00e4 kuvank\u00e4sittelyalgoritmeilla ja tehokkaalla l\u00e4mp\u00f6anturilla, jonka NETD on &lt; 18 mK, kamera tuottaa ter\u00e4vi\u00e4 ja realistisia kuvia. 1024 x 768 pikselin AMOLED-n\u00e4ytt\u00f6 takaa erinomaisen kuvanlaadun, ja Ultra Clear -tila optimoi kuvan selkeytt\u00e4 entisest\u00e4\u00e4n erityisesti vaikeissa s\u00e4\u00e4oloissa.<\/p>\n<h2>Yksil\u00f6llinen katselukokemus \u2013 R\u00e4\u00e4t\u00e4l\u00f6i laitteesi t\u00e4ydellisesti<\/h2>\n<p>384 x 288 pikseli\u00e4 mittaavan keskikokoisen anturin ja erilaisten asetusvaihtoehtojen ansiosta voit mukauttaa laitteen t\u00e4sm\u00e4lleen omiin tarpeisiisi. Valitse viidest\u00e4 v\u00e4rimoodista ja optimoi n\u00e4kym\u00e4si 10 eri kirkkaus-, ter\u00e4vyys- ja kontrastiasetuksella \u2013 jotta et j\u00e4t\u00e4 mit\u00e4\u00e4n huomaamatta.<\/p>\n<h2>Helppo kokemusten jakaminen<\/h2>\n<p>Erityisten hetkien taltioiminen on t\u00e4rke\u00e4 osa nykyaikaista mets\u00e4st\u00e4j\u00e4\u00e4. Nocpix LUMI -laitteen avulla voit paitsi helposti jakaa tallenteitasi sovelluksen kautta, my\u00f6s toistaa niit\u00e4 suoraan laitteessa \u2013 t\u00e4ydellinen tapa jakaa kokemuksiasi v\u00e4litt\u00f6m\u00e4sti muiden kanssa.<\/p>\n<h2>Joustavaa k\u00e4ytt\u00f6\u00e4 irrotettavan akkuj\u00e4rjestelm\u00e4n ansiosta<\/h2>\n<p>LUMI-sarja on varustettu vakio-18650-akuilla, mik\u00e4 tarjoaa sinulle maksimaalisen joustavuuden. Minne tahansa menet, sis\u00e4ltyv\u00e4n akkulaturin ansiosta olet taas valmis jatkamaan teht\u00e4v\u00e4\u00e4si lyhyess\u00e4 ajassa \u2013 keskeytym\u00e4tt\u00e4.<\/p>\n","protected":false},"excerpt":{"rendered":"<p>Maksimaalista suorituskyky\u00e4 v\u00e4himm\u00e4ll\u00e4 painolla \u2013 Nocpix LUMI L19: Havaintolaitteesi metsiin ja niityille.<\/p>\n<p>Jos tuotetta ei ole saatavilla, ota meihin yhteytt\u00e4: shop@nbg.eu tai +359896147790<\/p>\n<p>\n","protected":false},"featured_media":685550,"template":"","meta":{"_acf_changed":false},"product_brand":[14454],"product_cat":[13196],"product_tag":[],"class_list":{"0":"post-685314","1":"product","2":"type-product","3":"status-publish","4":"has-post-thumbnail","6":"product_brand-nocpix","7":"product_cat-laempoekamera","9":"first","10":"outofstock","11":"taxable","12":"shipping-taxable","13":"purchasable","14":"product-type-simple"},"acf":[],"_links":{"self":[{"href":"https:\/\/nbg.eu\/fi\/wp-json\/wp\/v2\/product\/685314","targetHints":{"allow":["GET"]}}],"collection":[{"href":"https:\/\/nbg.eu\/fi\/wp-json\/wp\/v2\/product"}],"about":[{"href":"https:\/\/nbg.eu\/fi\/wp-json\/wp\/v2\/types\/product"}],"wp:featuredmedia":[{"embeddable":true,"href":"https:\/\/nbg.eu\/fi\/wp-json\/wp\/v2\/media\/685550"}],"wp:attachment":[{"href":"https:\/\/nbg.eu\/fi\/wp-json\/wp\/v2\/media?parent=685314"}],"wp:term":[{"taxonomy":"product_brand","embeddable":true,"href":"https:\/\/nbg.eu\/fi\/wp-json\/wp\/v2\/product_brand?post=685314"},{"taxonomy":"product_cat","embeddable":true,"href":"https:\/\/nbg.eu\/fi\/wp-json\/wp\/v2\/product_cat?post=685314"},{"taxonomy":"product_tag","embeddable":true,"href":"https:\/\/nbg.eu\/fi\/wp-json\/wp\/v2\/product_tag?post=685314"}],"curies":[{"name":"wp","href":"https:\/\/api.w.org\/{rel}","templated":true}]}}