{"id":685635,"date":"2025-12-17T17:47:09","date_gmt":"2025-12-17T14:47:09","guid":{"rendered":"https:\/\/nbg.eu\/product\/lampomonokulari-lumi-h35r-laserkaukotyokalulla\/"},"modified":"2026-01-21T11:58:52","modified_gmt":"2026-01-21T08:58:52","slug":"lampomonokulari-lumi-h35r-laserkaukotyokalulla","status":"publish","type":"product","link":"https:\/\/nbg.eu\/fi\/tuote\/lampomonokulari-lumi-h35r-laserkaukotyokalulla\/","title":{"rendered":"L\u00e4mp\u00f6monokulari LUMI H35R laserkaukoty\u00f6kalulla"},"content":{"rendered":"<h2>L\u00e4mp\u00f6kaukoputki, jossa tunnistusalue jopa 1800 m, eritt\u00e4in kompakti ja kevyt!<\/h2>\n<p>Integroitu laserkaukomittari.<\/p>\n<p>Korkearesoluutioinen anturi ja erityisen tehokas: \u2264 18 mK NETD.<\/p>\n<p>Irrotettava akkuj\u00e4rjestelm\u00e4 18650-paristoilla<\/p>\n<p>Videotallentaminen, vedenkest\u00e4v\u00e4 ja erityisen hiljainen toiminta.<\/p>\n<p>3 vuoden t\u00e4ysi valmistajan takuu!<\/p>\n<h2>Lis\u00e4ominaisuudet:<\/h2>\n<p>-Integroitu laserkaukomittari kohteiden tarkan et\u00e4isyyden m\u00e4\u00e4ritt\u00e4miseen<\/p>\n<p>-Korkea kuvanlaatu: Jopa \u00e4\u00e4rimm\u00e4isiss\u00e4 s\u00e4\u00e4olosuhteissa kuvanlaatu pysyy vakaana.<\/p>\n<p>-Anturi suunniteltu erityisesti mets\u00e4stysk\u00e4ytt\u00f6\u00f6n: Tarjoaa vakaan toiminnan NETD:ll\u00e4 \u2264 18mK erinomaista kuvanlaatua varten.<\/p>\n<p>-F0.9-linssi: 20 % parempi valon l\u00e4p\u00e4isy verrattuna F1.0-linssiin kirkkaampia ja selke\u00e4mpi\u00e4 kuvia varten.<\/p>\n<p>-Reality+ -kuvanparannus: Kehittyneet algoritmit parantavat kuvanlaatua ja eliminoivat kohinaa.<\/p>\n<p>-Elektroninen kuvan vakautus: Tasaiset ja vakaat videot.<\/p>\n<p>-Silm\u00e4kevennyspaletin v\u00e4rit: Erityiset punainen ja vihre\u00e4 palette v\u00e4hent\u00e4v\u00e4t silmien rasitusta pitk\u00e4kestoisessa k\u00e4yt\u00f6ss\u00e4.<\/p>\n<p>-Irrotettava 18650-akku: Napaisuus vaihdettavissa, ihanteellinen y\u00f6ll\u00e4.<\/p>\n<p>-Hiljaiset painikkeet: Hiljainen toiminta, joka ei h\u00e4iritse luontoa.<\/p>\n<p>-Kompakti muotoilu: Laite on pienempi kuin matkapuhelin ja helppo kantaa mukana.<\/p>\n<p>-IP67-suojaluokka: P\u00f6lysuojattu ja vedenkest\u00e4v\u00e4 k\u00e4ytt\u00f6\u00f6n \u00e4\u00e4rimm\u00e4isiss\u00e4 olosuhteissa.<\/p>\n<p>-Ergonominen muotoilu: Kehitetty erityisesti ulkok\u00e4ytt\u00f6\u00f6n, mukava ja helppok\u00e4ytt\u00f6inen.<\/p>\n<p>-Kevyt: Laite painaa alle 345 g.<\/p>\n<p>-10 mm:n silm\u00e4v\u00e4litys: Tarjoaa optimaalisen n\u00e4kyvyyden ja mukavan katselukulman.<\/p>\n<p>-Luotettava y\u00f6ll\u00e4: Hiljaisen ja helpon k\u00e4yt\u00f6n ansiosta sit\u00e4 voidaan k\u00e4ytt\u00e4\u00e4 optimaalisesti my\u00f6s pimeiss\u00e4 olosuhteissa.<\/p>\n<p>-Irrotettava akku: Mahdollistaa pidemm\u00e4n k\u00e4ytt\u00f6ajan vaihtamalla paristot.<\/p>\n<p>-Suuri aukko: Lis\u00e4\u00e4 valon tallennusta ja kuvan kirkkautta haastavissa valaistus-olosuhteissa.<\/p>\n<p>-Sis\u00e4\u00e4nrakennettu mikrofoni: Mahdollistaa \u00e4\u00e4nen tallentamisen.<\/p>\n<p>-32 Gt muisti: Valokuvia, videoita ja \u00e4\u00e4nitallennuksia varten.<\/p>\n<p>-Helppok\u00e4ytt\u00f6inen: Ihanteellinen k\u00e4ytt\u00e4jille, jotka suosivat kompaktia ja kevytt\u00e4 laitetta.<\/p>\n<p>-R+ AI -kuvanohjelmistoalgoritmit: Parantavat yksityiskohtia ja hy\u00f6dynt\u00e4v\u00e4t anturin t\u00e4ytt\u00e4 potentiaalia.<\/p>\n","protected":false},"excerpt":{"rendered":"<p>Edistynein anturiluokassaan (&lt;18mK NETD). Integroitu laseret\u00e4isyysmittari. Erityisen helppo k\u00e4ytt\u00e4\u00e4: kevyt ja kompakti kotelo. Vaihdettava paristoj\u00e4rjestelm\u00e4, jossa k\u00e4ytet\u00e4\u00e4n tavanomaisia 18650-paristoja.<\/p>\n<p>Jos tuotetta ei ole saatavilla, ota meihin yhteytt\u00e4: shop@nbg.eu tai +359896147790<\/p>\n","protected":false},"featured_media":685679,"template":"","meta":{"_acf_changed":false},"product_brand":[14454],"product_cat":[13196],"product_tag":[],"class_list":{"0":"post-685635","1":"product","2":"type-product","3":"status-publish","4":"has-post-thumbnail","6":"product_brand-nocpix","7":"product_cat-laempoekamera","9":"first","10":"instock","11":"taxable","12":"shipping-taxable","13":"purchasable","14":"product-type-simple"},"acf":[],"_links":{"self":[{"href":"https:\/\/nbg.eu\/fi\/wp-json\/wp\/v2\/product\/685635","targetHints":{"allow":["GET"]}}],"collection":[{"href":"https:\/\/nbg.eu\/fi\/wp-json\/wp\/v2\/product"}],"about":[{"href":"https:\/\/nbg.eu\/fi\/wp-json\/wp\/v2\/types\/product"}],"wp:featuredmedia":[{"embeddable":true,"href":"https:\/\/nbg.eu\/fi\/wp-json\/wp\/v2\/media\/685679"}],"wp:attachment":[{"href":"https:\/\/nbg.eu\/fi\/wp-json\/wp\/v2\/media?parent=685635"}],"wp:term":[{"taxonomy":"product_brand","embeddable":true,"href":"https:\/\/nbg.eu\/fi\/wp-json\/wp\/v2\/product_brand?post=685635"},{"taxonomy":"product_cat","embeddable":true,"href":"https:\/\/nbg.eu\/fi\/wp-json\/wp\/v2\/product_cat?post=685635"},{"taxonomy":"product_tag","embeddable":true,"href":"https:\/\/nbg.eu\/fi\/wp-json\/wp\/v2\/product_tag?post=685635"}],"curies":[{"name":"wp","href":"https:\/\/api.w.org\/{rel}","templated":true}]}}