{"id":685799,"date":"2025-12-18T16:23:59","date_gmt":"2025-12-18T13:23:59","guid":{"rendered":"https:\/\/nbg.eu\/product\/termiset-kiikarit-nocpix-quest-h35r-lrf-640x512-netd-15mk\/"},"modified":"2026-01-21T12:22:39","modified_gmt":"2026-01-21T09:22:39","slug":"termiset-kiikarit-nocpix-quest-h35r-lrf-640x512-netd-15mk","status":"publish","type":"product","link":"https:\/\/nbg.eu\/fi\/tuote\/termiset-kiikarit-nocpix-quest-h35r-lrf-640x512-netd-15mk\/","title":{"rendered":"Termiset kiikarit Nocpix Quest H35R LRF 640&#215;512 NETD &lt;15mK"},"content":{"rendered":"<h2>Nocpix QUEST H35R LRF 640&#215;512 termisen kiikarikaukoputki<\/h2>\n<p>QUEST on kevyt ja kannettava ja sen havaitsemiset\u00e4isyys on jopa 2600 m sek\u00e4 siihen on integroitu k\u00e4tketty LRF, jonka et\u00e4isyys on 1000 m, mik\u00e4 takaa erinomaisen tarkkuuden ja n\u00e4kyvyyden. Sen perinteinen kiikarikauko-optinen suunnittelu sis\u00e4lt\u00e4\u00e4 t\u00e4yden kumip\u00e4\u00e4llyksen ja IP67-luokituksen kest\u00e4vyytt\u00e4 ja mukavuutta varten hankalissa olosuhteissa. Se on varustettu suorituskykyisell\u00e4 640&#215;512 -anturilla (NETD \u226415mK, 60Hz), joten QUEST tarjoaa erinomaisen kuvan selkeyden, ylivoimaisen l\u00e4mp\u00f6herkkyyden ja ongelmattoman toiminnan haastavissa ymp\u00e4rist\u00f6iss\u00e4.<\/p>\n<h2>Erinomainen visuaalinen kokemus<\/h2>\n<p>Nocpix QUEST sis\u00e4lt\u00e4\u00e4 R+ -kuvanparannuksen erinomaista selkeytt\u00e4 ja tarkkuutta varten yhdess\u00e4 1920&#215;1200 AMOLED-n\u00e4yt\u00f6n kanssa silmille miellytt\u00e4v\u00e4\u00e4 katselukokemusta varten.<\/p>\n<h2>Laadukas anturi varmistaa erinomaisen laadun<\/h2>\n<p>Nocpix QUEST on varustettu suorituskykyisell\u00e4 anturilla (640&#215;512@12\u00b5m ), joka tarjoaa erinomaisen kuvan selkeyden. NETD \u226415mK ja 60Hz:n kuvanp\u00e4ivitysnopeus takaavat ylivoimaisen l\u00e4mp\u00f6herkkyyden, tuottaen selkeit\u00e4 ja visuaalisia kuvia jopa haastavimmissa ymp\u00e4rist\u00f6iss\u00e4.<\/p>\n<h2>Tehokkaat havaitsemisominaisuudet<\/h2>\n<p>Nocpix QUEST tarjoaa enint\u00e4\u00e4n 2600 m:n havaitsemiset\u00e4isyyden ja siihen on integroitu piilotettu LRF, jonka et\u00e4isyys on enint\u00e4\u00e4n 1000 m, mik\u00e4 mahdollistaa n\u00e4kemisen kauemmas ja tarkemmin kuin koskaan aiemmin. Se tukee my\u00f6s ballistisia laskelmia, tarjoten tietotukea yhteistoiminnalliseen mets\u00e4stykseen.<\/p>\n<h2>Yksik\u00e4tinen k\u00e4ytt\u00f6<\/h2>\n<p>Nocpix QUEST tarjoaa ergonomisen, luistamattoman k\u00e4sittelyn yksinkertaistetulla 4-painikkeen asettelulla ja keskitetyill\u00e4 rullilla helppoon yksik\u00e4tiseen k\u00e4ytt\u00f6\u00f6n ja turvalliseen otteeseen kaikissa olosuhteissa.<\/p>\n<h2>Kevyt ja kannettava<\/h2>\n<p>QUEST painaa vain 700 g ja siihen kuuluu mukautettu kantolaukku, mik\u00e4 mahdollistaa helpon kuljetuksen ja mukavuuden ulkotoimintoihin, kuten mets\u00e4stykseen ja tutkimiseen.<\/p>\n<h2>Huoli akusta poissa<\/h2>\n<p>QUEST-sarja on varustettu kaksoisakkuj\u00e4rjestelm\u00e4ll\u00e4, jossa on integroitu ja vaihdettava 18650-akku, mik\u00e4 takaa vaivattoman vaihdon ja jatkuvan k\u00e4yt\u00f6n seikkailuillasi.<\/p>\n<h2>Paras kiikarikokemus<\/h2>\n<p>QUEST tarjoaa perinteisen kiikarikaukoputki-suunnittelun hienovaraisella kumipinnoitteella ja IP67-luokituksella veden ja p\u00f6lyn kest\u00e4vyytt\u00e4 varten, varmistaen sek\u00e4 kest\u00e4vyyden ett\u00e4 yleisen mukavuuden.<\/p>\n","protected":false},"excerpt":{"rendered":"<p>Kevyet, kannettavat l\u00e4mp\u00f6kiikarit, joiden havaitsemisalue on 2600 m, laseret\u00e4isyysmittari 1000 m ja erinomaiset kuvanlaatu.<\/p>\n","protected":false},"featured_media":686410,"template":"","meta":{"_acf_changed":false},"product_brand":[14454],"product_cat":[14681,13196],"product_tag":[],"class_list":{"0":"post-685799","1":"product","2":"type-product","3":"status-publish","4":"has-post-thumbnail","6":"product_brand-nocpix","7":"product_cat-kiikarit","8":"product_cat-laempoekamera","10":"first","11":"instock","12":"taxable","13":"shipping-taxable","14":"purchasable","15":"product-type-simple"},"acf":[],"_links":{"self":[{"href":"https:\/\/nbg.eu\/fi\/wp-json\/wp\/v2\/product\/685799","targetHints":{"allow":["GET"]}}],"collection":[{"href":"https:\/\/nbg.eu\/fi\/wp-json\/wp\/v2\/product"}],"about":[{"href":"https:\/\/nbg.eu\/fi\/wp-json\/wp\/v2\/types\/product"}],"wp:featuredmedia":[{"embeddable":true,"href":"https:\/\/nbg.eu\/fi\/wp-json\/wp\/v2\/media\/686410"}],"wp:attachment":[{"href":"https:\/\/nbg.eu\/fi\/wp-json\/wp\/v2\/media?parent=685799"}],"wp:term":[{"taxonomy":"product_brand","embeddable":true,"href":"https:\/\/nbg.eu\/fi\/wp-json\/wp\/v2\/product_brand?post=685799"},{"taxonomy":"product_cat","embeddable":true,"href":"https:\/\/nbg.eu\/fi\/wp-json\/wp\/v2\/product_cat?post=685799"},{"taxonomy":"product_tag","embeddable":true,"href":"https:\/\/nbg.eu\/fi\/wp-json\/wp\/v2\/product_tag?post=685799"}],"curies":[{"name":"wp","href":"https:\/\/api.w.org\/{rel}","templated":true}]}}