{"id":686437,"date":"2026-01-08T18:14:39","date_gmt":"2026-01-08T15:14:39","guid":{"rendered":"https:\/\/nbg.eu\/product\/lampomonttuuki-nocpix-mate-ultra-s60r\/"},"modified":"2026-04-14T15:53:32","modified_gmt":"2026-04-14T12:53:32","slug":"lampomonttuuki-nocpix-mate-ultra-s60r","status":"publish","type":"product","link":"https:\/\/nbg.eu\/fi\/tuote\/lampomonttuuki-nocpix-mate-ultra-s60r\/","title":{"rendered":"Nocpix L\u00e4mp\u00f6adapteri Mate Ultra S60R"},"content":{"rendered":"<h2>Muunna p\u00e4iv\u00e4n\u00e4k\u00f6alasi moderniin l\u00e4mp\u00f6kuvat\u00e4ht\u00e4imeen ainoalla 1280&#215;1024 Nocpix MATE Ultra S60R -l\u00e4mp\u00f6kuvat\u00e4ht\u00e4inasennuksella &#8211; parhaalla etumontteisella l\u00e4mp\u00f6kuvat\u00e4ht\u00e4inasennuksella, joka on suunniteltu ammattimets\u00e4st\u00e4jille, el\u00e4inten tarkkailijoille ja tarkkuutta vaativille ampujille.<\/h2>\n<p>Seuraavan sukupolven kuvantekniikalla varustettu Nocpix MATE Ultra S60R tarjoaa ennenn\u00e4kem\u00e4t\u00f6nt\u00e4 tarkkuutta, pitk\u00e4n kantaman havainnointia ja huipputason toiminnallisuuksia suorituskyky\u00e4 vaativiin olosuhteisiin.<\/p>\n<h2>Erinomainen kuvanlaatu ja havainnointimatka<\/h2>\n<p>Nocpix MATE Ultra S60R:n ytimess\u00e4 on Gen-2 HD 1280\u00d71024 -l\u00e4mp\u00f6anturi, jossa on eritt\u00e4in hieno pikselitiheys 12 \u03bcm ja herkkyys NETD \u226415mK, mik\u00e4 takaa, ett\u00e4 jopa heikoimpienkin l\u00e4mp\u00f6erojen havaitseminen onnistuu. Suuri 60 mm:n F1.0 -linssi ker\u00e4\u00e4 enemm\u00e4n l\u00e4mp\u00f6energiaa kristallinkirkkaisiin kuviin ja pidennettyyn kantamaan, jopa 3100 m:n havaitsemiset\u00e4isyyksille. Oletpa v\u00e4ijym\u00e4ss\u00e4 hirviel\u00e4imi\u00e4 aamunkoitteessa tai t\u00e4hyst\u00e4m\u00e4ss\u00e4 laajoja kentti\u00e4 y\u00f6ll\u00e4, S60R varmistaa, ettei mik\u00e4\u00e4n yksityiskohta j\u00e4\u00e4 huomaamatta.<\/p>\n<h2>Edistynyt kuvank\u00e4sittely Reality+ -teko\u00e4lyn avulla<\/h2>\n<p>Varustettu kahdella kuvanmuokkausohjelmalla &#8211; tehokkaalla kuvaprosessorilla ja \u00e4lykk\u00e4\u00e4ll\u00e4 Reality+ -tekniikalla &#8211; MATE Ultra S60R mukauttaa itsens\u00e4 t\u00e4ht\u00e4imesi suurennokseen automaattisesti. T\u00e4m\u00e4 varmistaa ter\u00e4v\u00e4kuvaiset, tarkasti zoomautuvat ja vakaat kuvat, jopa sumuisissa, tihuttavissa tai haastavissa heikosti valaistuissa olosuhteissa.<\/p>\n<p>Magic Zoom (ilman LITE) &#8211; Automaattinen kuvan ja k\u00e4ytt\u00f6liittym\u00e4n s\u00e4\u00e4t\u00f6 reaaliajassa saumattoman zoomauksen takaamiseksi.<\/p>\n<p>7 eri v\u00e4ripalettia &#8211; Valitse paras l\u00e4mp\u00f6kuvan\u00e4kym\u00e4 mihin tahansa tilanteeseen.<\/p>\n<p>1920\u00d71080 AMOLED-n\u00e4ytt\u00f6 &#8211; Eritt\u00e4in ter\u00e4v\u00e4t kuvat el\u00e4vill\u00e4 kontrastieroilla.<\/p>\n<h2>Suunniteltu tarkkuuteen ja eettiseen mets\u00e4stykseen<\/h2>\n<p>Integroidulla laserkaukoputkella (enint\u00e4\u00e4n 1200 m) ja ballistisen laskurin avulla S60R auttaa tekem\u00e4\u00e4n tietoon perustuvia ja eettisi\u00e4 ampumap\u00e4\u00e4t\u00f6ksi\u00e4. Kuva-kuvassa (PIP) -tila parantaa t\u00e4ht\u00e4ystarkkuutta, ja t\u00e4r\u00e4hdysaktivoidun videon (RAV) avulla jokainen kriittinen hetki tallennetaan.<\/p>\n<p>Valokuvien, videoiden ja \u00e4\u00e4nitteiden tallennus 64 Gt:n muistilla<\/p>\n<p>Wi-Fi ja et\u00e4hallinta N-Linkin avulla<\/p>\n<p>Sulkeutumatonllisuus hiljaista ja luotettavaa toimintaa varten<\/p>\n<h2>Kest\u00e4v\u00e4, k\u00e4yt\u00e4nn\u00f6llinen ja luotettava<\/h2>\n<p>Maastoon suunniteltuna MATE Ultra S60R on sek\u00e4 kest\u00e4v\u00e4 ett\u00e4 helppok\u00e4ytt\u00f6inen. Siin\u00e4 on suuri 60 mm:n okulaari, jossa on &lt;1% v\u00e4\u00e4ristym\u00e4, mik\u00e4 pit\u00e4\u00e4 kohdistuksen vakaana ja yhdenmukaisen jopa 16-kertaiseen suurennokseen asti. Korvattavien 18650-akkujen (4 kpl sis\u00e4ltyy ULTRA-malliin) ansiosta se tarjoaa pitk\u00e4aikaista luotettavuutta pitkille ulkoilmak\u00e4ytt\u00f6jaksoille.<\/p>\n<h2>Keskeiset ominaisuudet<\/h2>\n<p>-Gen-2 alle 15 mk 1280\u00d71024 60Hz -anturi (Ultra)<\/p>\n<p>-F1.0-linssi &#8211; erinomainen valonker\u00e4ys<\/p>\n<p>-Havaitsemiset\u00e4isyys jopa 3100 m<\/p>\n<p>-1200 m integroitu laserkaukoputki (ilman LITE)<\/p>\n<p>-Reality+ -kuvank\u00e4sittely teko\u00e4lyn avulla<\/p>\n<p>-Ballistinen laskenta tuki<\/p>\n<p>-Kuva\/video\/\u00e4\u00e4nitallenteet, 64 Gt:n muisti<\/p>\n<p>-T\u00e4r\u00e4hdysaktivoidut videot (RAV)<\/p>\n<p>-AMOLED-n\u00e4ytt\u00f6 1920\u00d71080 -tarkkuudella<\/p>\n<p>-7 v\u00e4ripalettia<\/p>\n<p>-Wi-Fi\/N-Link -et\u00e4hallinta-yhteensopivuus<\/p>\n<p>-Vaihdettavat 18650-akut<\/p>\n<h2>Miksi valita Nocpix MATE Ultra S60R?<\/h2>\n<p>Jos etsit t\u00e4ydellisint\u00e4 l\u00e4mp\u00f6kuvat\u00e4ht\u00e4inasennusta kiv\u00e4\u00e4rit\u00e4ht\u00e4imellesi, MATE Ultra S60R tarjoaa ihanteellisen yhdistelm\u00e4n pitk\u00e4n kantaman havainnointia, huipputason AI-kuvantekniikkaa ja maastok\u00e4ytt\u00f6\u00f6n sopivaa luotettavuutta. Sit\u00e4 voidaan k\u00e4ytt\u00e4\u00e4 niin mets\u00e4stykseen, el\u00e4inten tarkkailuun kuin taktisiin tarkoituksiinkin, ja se m\u00e4\u00e4rittelee uudelleen sen, mit\u00e4 l\u00e4mp\u00f6kuvat\u00e4ht\u00e4inasennukselta voi odottaa.<\/p>\n","protected":false},"excerpt":{"rendered":"<p>Muuta p\u00e4iv\u00e4kaukoputkesi moderniin l\u00e4mp\u00f6kuvausritil\u00e4\u00e4n ainoalla 1280&#215;1024 Nocpix MATE Ultra S60R -l\u00e4mp\u00f6kameralaitteella &#8211; parhaalla etuasennettavalla l\u00e4mp\u00f6kameratelineell\u00e4, joka on suunniteltu ammattimets\u00e4st\u00e4jille, luonnontarkkailijoille ja tarkkuutta vaativille ampujille.<\/p>\n<p>Jos tuote ei ole saatavilla, ota meihin yhteytt\u00e4: shop@nbg.eu tai +359896147790<\/p>\n","protected":false},"featured_media":686538,"template":"","meta":{"_acf_changed":false},"product_brand":[14454],"product_cat":[13196,16072],"product_tag":[],"class_list":{"0":"post-686437","1":"product","2":"type-product","3":"status-publish","4":"has-post-thumbnail","6":"product_brand-nocpix","7":"product_cat-laempoekamera","8":"product_cat-thermal-cameras-fi","10":"first","11":"instock","12":"taxable","13":"shipping-taxable","14":"purchasable","15":"product-type-simple"},"acf":[],"_links":{"self":[{"href":"https:\/\/nbg.eu\/fi\/wp-json\/wp\/v2\/product\/686437","targetHints":{"allow":["GET"]}}],"collection":[{"href":"https:\/\/nbg.eu\/fi\/wp-json\/wp\/v2\/product"}],"about":[{"href":"https:\/\/nbg.eu\/fi\/wp-json\/wp\/v2\/types\/product"}],"wp:featuredmedia":[{"embeddable":true,"href":"https:\/\/nbg.eu\/fi\/wp-json\/wp\/v2\/media\/686538"}],"wp:attachment":[{"href":"https:\/\/nbg.eu\/fi\/wp-json\/wp\/v2\/media?parent=686437"}],"wp:term":[{"taxonomy":"product_brand","embeddable":true,"href":"https:\/\/nbg.eu\/fi\/wp-json\/wp\/v2\/product_brand?post=686437"},{"taxonomy":"product_cat","embeddable":true,"href":"https:\/\/nbg.eu\/fi\/wp-json\/wp\/v2\/product_cat?post=686437"},{"taxonomy":"product_tag","embeddable":true,"href":"https:\/\/nbg.eu\/fi\/wp-json\/wp\/v2\/product_tag?post=686437"}],"curies":[{"name":"wp","href":"https:\/\/api.w.org\/{rel}","templated":true}]}}