{"id":686560,"date":"2026-01-08T18:15:06","date_gmt":"2026-01-08T15:15:06","guid":{"rendered":"https:\/\/nbg.eu\/product\/termiikkinen-tahtain-nocpix-mate-h50r\/"},"modified":"2026-04-14T15:53:29","modified_gmt":"2026-04-14T12:53:29","slug":"termiikkinen-tahtain-nocpix-mate-h50r","status":"publish","type":"product","link":"https:\/\/nbg.eu\/fi\/tuote\/termiikkinen-tahtain-nocpix-mate-h50r\/","title":{"rendered":"Nocpix L\u00e4mp\u00f6t\u00e4ht\u00e4in Mate H50R"},"content":{"rendered":"<h2>Muuta p\u00e4iv\u00e4m\u00e4\u00e4r\u00e4-laajennuskomponenssi moderniin l\u00e4mp\u00f6puoluskooppiin Nocpix MATE H50R:n avulla<\/h2>\n<p>Muuta p\u00e4iv\u00e4m\u00e4\u00e4r\u00e4-laajennuskomponenssi moderniin l\u00e4mp\u00f6puoluskooppiin ainoalla 640X512 Nocpix MATE H50R -l\u00e4mp\u00f6skoopin avulla &#8211; parhaalla etumontoidulla l\u00e4mp\u00f6skoopilla, joka on suunniteltu ammattimaisille mets\u00e4st\u00e4jille, luonnonharrastajille ja ampujille, jotka vaativat tarkkuutta.<\/p>\n<p>Varustettu seuraavan sukupolven kuvank\u00e4sittelytekniikalla, Nocpix MATE H50R tarjoaa vertaansa vailla olevan selkeyden, pitk\u00e4n kantaman havainnoinnin ja huippuluokan ominaisuudet paremmalle suorituskyvylle miss\u00e4 tahansa ymp\u00e4rist\u00f6ss\u00e4.<\/p>\n<h2>Erinomainen kuvanlaatu ja havaitsemiset\u00e4isyys<\/h2>\n<p>Nocpix MATE Ultra H50R:n ytimess\u00e4 on toisen sukupolven HD 640X512 -l\u00e4mp\u00f6tunnistin, jossa on ultra-hieno pikselitiheys 12 \u03bcm ja herkkyys NETD \u226415mK, mik\u00e4 takaa, ett\u00e4 jopa heikoimpienkin l\u00e4mp\u00f6erojen havaitseminen onnistuu. Suuri 50 mm:n F1.0 -linssi ker\u00e4\u00e4 enemm\u00e4n l\u00e4mp\u00f6energiaa kristallinkirkkaille kuville ja pidemm\u00e4lle kantamalle, tarjoten jopa 2600 m:n havaitsemiset\u00e4isyyden. Olipa kyse hirvien vaanimisesta aamunkoitteessa tai laajojen kenttien tarkkailusta y\u00f6ll\u00e4, H50R varmistaa, ettei mik\u00e4\u00e4n yksityiskohta j\u00e4\u00e4 huomaamatta.<\/p>\n<h2>Edistynyt kuvank\u00e4sittely Reality+ AI:n avulla<\/h2>\n<p>Varustettu kahdella kuvank\u00e4sittelytekniikalla &#8211; tehokkaalla kuvank\u00e4sittelij\u00e4ll\u00e4 ja \u00e4lykk\u00e4\u00e4ll\u00e4 Reality+ -teknologialla &#8211; MATE Ultra H50R sovittaa kuvat automaattisesti kiikarit\u00e4ht\u00e4imesi suurennukseen. T\u00e4m\u00e4 takaa ter\u00e4v\u00e4t kuvat, tarkan zoomauksen ja tasaisen kuvan vakaudun jopa sumussa, tihuttavassa tihuttamisessa tai haastavissa heikkojen valaistuksen olosuhteissa.<\/p>\n<h2>Suunniteltu tarkkuutta ja eettist\u00e4 mets\u00e4styst\u00e4 varten<\/h2>\n<p>Sis\u00e4\u00e4nrakennetun laserkaukokiikaritunnistimen (jopa 1200 m) ja integroidun ballistisen laskimen avulla H50R auttaa sinua tekem\u00e4\u00e4n tietoon perustuvia ja eettisi\u00e4 ampumisp\u00e4\u00e4t\u00f6ksi\u00e4. Picture-in-picture (PIP) -tila parantaa t\u00e4ht\u00e4\u00e4misen tarkkuutta, ja t\u00e4r\u00e4hdyksell\u00e4 aktivoitu video (RAV) varmistaa, ett\u00e4 kaikki kriittiset hetket tallennetaan.<\/p>\n<h2>Kest\u00e4v\u00e4, k\u00e4yt\u00e4nn\u00f6llinen ja luotettava<\/h2>\n<p>Maastolle suunniteltu MATE Ultra H50R on sek\u00e4 vahvarakenteinen ett\u00e4 helppo k\u00e4ytt\u00e4\u00e4. Siin\u00e4 on suuri 60 mm:n okulaari, jossa on &lt;1 %:n v\u00e4\u00e4ristym\u00e4, mik\u00e4 yll\u00e4pit\u00e4\u00e4 vakaan t\u00e4ht\u00e4yskohdan ja johdonmukaisen linjauksen jopa 16-kertaiseen suurennokseen asti. Vaihdettaville 18650-akuille (4x sis\u00e4ltyy ULTRA-malliin) perustuva virtal\u00e4hde takaa pitk\u00e4aikaisen luotettavuuden pitkill\u00e4 ulkoiluretkill\u00e4.<\/p>\n","protected":false},"excerpt":{"rendered":"<p>Muuta p\u00e4iv\u00e4skooppi moderniseksi l\u00e4mp\u00f6kuvauskiv\u00e4\u00e4riskoopaukseksi ainoalla 640X512 Nocpix MATE H50R -l\u00e4mp\u00f6montilla &#8211; parhaalla etumontoidulla l\u00e4mp\u00f6montilla, joka on suunniteltu ammattimets\u00e4st\u00e4jille, luontoharrastajille ja tarkuutta vaativille ampujille.<\/p>\n<p>Jos tuote ei ole saatavilla, ota meihin yhteytt\u00e4: shop@nbg.eu tai +359896147790<\/p>\n","protected":false},"featured_media":686598,"template":"","meta":{"_acf_changed":false},"product_brand":[14454],"product_cat":[13196],"product_tag":[],"class_list":{"0":"post-686560","1":"product","2":"type-product","3":"status-publish","4":"has-post-thumbnail","6":"product_brand-nocpix","7":"product_cat-laempoekamera","9":"first","10":"instock","11":"taxable","12":"shipping-taxable","13":"purchasable","14":"product-type-simple"},"acf":[],"_links":{"self":[{"href":"https:\/\/nbg.eu\/fi\/wp-json\/wp\/v2\/product\/686560","targetHints":{"allow":["GET"]}}],"collection":[{"href":"https:\/\/nbg.eu\/fi\/wp-json\/wp\/v2\/product"}],"about":[{"href":"https:\/\/nbg.eu\/fi\/wp-json\/wp\/v2\/types\/product"}],"wp:featuredmedia":[{"embeddable":true,"href":"https:\/\/nbg.eu\/fi\/wp-json\/wp\/v2\/media\/686598"}],"wp:attachment":[{"href":"https:\/\/nbg.eu\/fi\/wp-json\/wp\/v2\/media?parent=686560"}],"wp:term":[{"taxonomy":"product_brand","embeddable":true,"href":"https:\/\/nbg.eu\/fi\/wp-json\/wp\/v2\/product_brand?post=686560"},{"taxonomy":"product_cat","embeddable":true,"href":"https:\/\/nbg.eu\/fi\/wp-json\/wp\/v2\/product_cat?post=686560"},{"taxonomy":"product_tag","embeddable":true,"href":"https:\/\/nbg.eu\/fi\/wp-json\/wp\/v2\/product_tag?post=686560"}],"curies":[{"name":"wp","href":"https:\/\/api.w.org\/{rel}","templated":true}]}}