{"id":686694,"date":"2026-01-08T18:14:07","date_gmt":"2026-01-08T15:14:07","guid":{"rendered":"https:\/\/nbg.eu\/product\/lampokamera-nocpix-ace-l35-anturi-384x288-35-mm-linssi\/"},"modified":"2026-04-14T15:53:47","modified_gmt":"2026-04-14T12:53:47","slug":"lampokamera-nocpix-ace-l35-anturi-384x288-35-mm-linssi","status":"publish","type":"product","link":"https:\/\/nbg.eu\/fi\/tuote\/lampokamera-nocpix-ace-l35-anturi-384x288-35-mm-linssi\/","title":{"rendered":"Nocpix L\u00e4mp\u00f6kamera ACE L35"},"content":{"rendered":"<h2>Nocpix ACE L35 L\u00e4mp\u00f6kamera<\/h2>\n<p>Nocpix ACE L35 on rakennettu ajatuksella yhdist\u00e4\u00e4 k\u00e4ytt\u00e4jien vaatimat huipputekniset ominaisuudet yksinkertaistettuun optiikkaan, joka tasapainottaa edistyneit\u00e4 ominaisuuksia helppok\u00e4ytt\u00f6isyyteen k\u00e4yt\u00f6ss\u00e4. Suunniteltu tuntumaan perinteiselt\u00e4 p\u00e4iv\u00e4optiselta, ACE on yhteensopiva kiinte\u00e4runkoisten tai puoliautomaattisten kiv\u00e4\u00e4rien kanssa, jotka k\u00e4ytt\u00e4v\u00e4t vakiokokoisia 30 mm:n kiinnityksi\u00e4 ja renkaita. Sis\u00e4isen USB-C-latautuvan akun ja irrotettavan 18650-ladattavan akun yhdistelm\u00e4 mahdollistaa akkujen vaihtamisen k\u00e4yt\u00f6n aikana rajattoman k\u00e4ytt\u00f6ajan saavuttamiseksi. 1x:n ja 3x:n silm\u00e4kulmaluuppi tarjoaa optisen suurennuksen 2560\u00d72560 py\u00f6re\u00e4\u00e4n AMOLED-n\u00e4ytt\u00f6\u00f6n katsomokappaleessa. Vision+ -j\u00e4rjestelm\u00e4 yhdist\u00e4\u00e4 t\u00e4m\u00e4n korkearesoluutioisen n\u00e4yt\u00f6n 18 mK NETD -anturiin eritt\u00e4in tarkalle ja yksityiskohtaiselle kuvaukselle.<\/p>\n<p>Nocpix ACE L35 tarjoaa edullisemman vaihtoehdon ACE-sarjassa pedoille ja riistalle mets\u00e4st\u00e4ville, jotka eiv\u00e4t tarvitse laserkaukomittaria tai korkeampaa resoluutioanturit. Eritt\u00e4in arvokkaalla hinnalla ACE L35 s\u00e4ilytt\u00e4\u00e4 kaikki muut ACE-sarjan l\u00e4mp\u00f6optiikan ominaisuudet.<\/p>\n<p>Optiikallinen silm\u00e4kulmaluuppi, jossa on 1-3x:n suurennus, tarjoaa lis\u00e4tarkkuutta n\u00e4yt\u00f6n suurennukseen ilman asteikon tai digitaalisen zoomauksen muuttamista. Korkean kontrastin py\u00f6re\u00e4 AMOLED-n\u00e4ytt\u00f6, jonka resoluutio on 2560\u00d72560, tarjoaa lis\u00e4\u00e4 selkeytt\u00e4 ja yksityiskohtia. Yksinkertaistetut s\u00e4\u00e4timet parantavat ergonomiaa ja k\u00e4ytt\u00f6kokemusta maastossa. Se k\u00e4ytt\u00e4\u00e4 tavallisia 18650-ladattavia akkuja. Ballistinen laskinominaisuus n\u00e4ytt\u00e4\u00e4 luodin pudotusarvot k\u00e4ytt\u00e4j\u00e4n m\u00e4\u00e4ritt\u00e4m\u00e4n patruunakuvauksen ja laserkaukomittaroinnin perusteella. Lataa laitetta ainutlaatuisella lukittuvalla USB-C-portilla.<\/p>\n","protected":false},"excerpt":{"rendered":"<p>Nocpix ACE L35 -l\u00e4mp\u00f6kamera sis\u00e4lt\u00e4\u00e4 384&#215;288-anturin, 35 mm:n objektiivin, 4x:n digitaalisen zoomin ja 60 Hz:n kuvataajuuden, jolloin havaitsemiset\u00e4isyys on 1 800 metri\u00e4.<\/p>\n<p>Jos tuote ei ole saatavilla, ota meihin yhteytt\u00e4: shop@nbg.eu tai +359896147790<\/p>\n","protected":false},"featured_media":686748,"template":"","meta":{"_acf_changed":false},"product_brand":[14454],"product_cat":[16072],"product_tag":[],"class_list":{"0":"post-686694","1":"product","2":"type-product","3":"status-publish","4":"has-post-thumbnail","6":"product_brand-nocpix","7":"product_cat-thermal-cameras-fi","9":"first","10":"instock","11":"taxable","12":"shipping-taxable","13":"purchasable","14":"product-type-simple"},"acf":[],"_links":{"self":[{"href":"https:\/\/nbg.eu\/fi\/wp-json\/wp\/v2\/product\/686694","targetHints":{"allow":["GET"]}}],"collection":[{"href":"https:\/\/nbg.eu\/fi\/wp-json\/wp\/v2\/product"}],"about":[{"href":"https:\/\/nbg.eu\/fi\/wp-json\/wp\/v2\/types\/product"}],"wp:featuredmedia":[{"embeddable":true,"href":"https:\/\/nbg.eu\/fi\/wp-json\/wp\/v2\/media\/686748"}],"wp:attachment":[{"href":"https:\/\/nbg.eu\/fi\/wp-json\/wp\/v2\/media?parent=686694"}],"wp:term":[{"taxonomy":"product_brand","embeddable":true,"href":"https:\/\/nbg.eu\/fi\/wp-json\/wp\/v2\/product_brand?post=686694"},{"taxonomy":"product_cat","embeddable":true,"href":"https:\/\/nbg.eu\/fi\/wp-json\/wp\/v2\/product_cat?post=686694"},{"taxonomy":"product_tag","embeddable":true,"href":"https:\/\/nbg.eu\/fi\/wp-json\/wp\/v2\/product_tag?post=686694"}],"curies":[{"name":"wp","href":"https:\/\/api.w.org\/{rel}","templated":true}]}}