{"id":686834,"date":"2026-01-08T18:13:27","date_gmt":"2026-01-08T15:13:27","guid":{"rendered":"https:\/\/nbg.eu\/product\/lampokamera-nocpix-ace-h50r-12um-640x512-zeiss-rail\/"},"modified":"2026-04-14T17:19:05","modified_gmt":"2026-04-14T14:19:05","slug":"lampokamera-nocpix-ace-h50r-12um-640x512-zeiss-rail","status":"publish","type":"product","link":"https:\/\/nbg.eu\/fi\/tuote\/lampokamera-nocpix-ace-h50r-12um-640x512-zeiss-rail\/","title":{"rendered":"Nocpix L\u00e4mp\u00f6kamera ACE H50R ZEISS RAIL"},"content":{"rendered":"<h2>Nocpix ACE H50R Terminen Kiikari: Vertaansa vailla oleva mets\u00e4stystarkkuus ja selkeys<\/h2>\n<p>Nocpix ACE H50R terminen kiikarit\u00e4ht\u00e4in yhdist\u00e4\u00e4 edistynytt\u00e4 teknologiaa ja kest\u00e4v\u00e4\u00e4 kest\u00e4vyytt\u00e4 vertaansa vailla olevaa mets\u00e4styskokemusta varten. Se sis\u00e4lt\u00e4\u00e4 640&#215;512 resoluution termisen anturin, jonka NETD on enint\u00e4\u00e4n 12mK, tarjoten erinomaisen kuvanlaadun, 3100 metrin tunnistusalueen ja integroidun et\u00e4isyysmittarin jopa 1200 metrin tarkkuudelle. Innovatiivinen Vision+ -j\u00e4rjestelm\u00e4 tarjoaa kulmakerroin-suurennosta tarkkaa l\u00e4hikuvaa varten, ja kaksoisakku-j\u00e4rjestelm\u00e4 varmistaa pitk\u00e4kestoisen k\u00e4yt\u00f6n. Valmistettu vahvasta alumiiniseoksesta ja luokiteltu IP67-luokkaan, t\u00e4m\u00e4 kiikari on suunniteltu menestym\u00e4\u00e4n kaikissa ulko-olosuhteissa ja sopeutumaan mihin tahansa tilanteeseen.<\/p>\n<p>Nocpix ACE H50 terminen kiikari on huipputason ty\u00f6kalu, joka on suunniteltu uudelleenm\u00e4\u00e4ritt\u00e4m\u00e4\u00e4n mets\u00e4styskokemuksen, olipa kyseess\u00e4 pime\u00e4n y\u00f6n navigointi tai saaliinajo haastavassa maastossa. Nocpix:n lippulaiva-ACE-sarjan osana t\u00e4m\u00e4 terminen optiikkakiikarit\u00e4ht\u00e4in erottuu ylivoimaisella kuvanlaadullaan ja tarkkuudella, kiitos oman kehityksens\u00e4 korkearesoluutioisen termisen anturin ja kehittyneiden Reality+- ja Vision+ -j\u00e4rjestelmien.<\/p>\n<p>Nocpix ACE H50R:n syd\u00e4mess\u00e4 on sen Gen-2 HD -terminen anturi, jossa on 640&#215;512 resoluutio ja 60 Hz:n ruudunp\u00e4ivitys, tarjoten uskomattoman vakaan suorituskyvyn. NETD:n ollessa enint\u00e4\u00e4n 12mK, t\u00e4m\u00e4 kiikari havaitsee jopa pienimm\u00e4tkin l\u00e4mp\u00f6tilaerot, tarjoten yksityiskohtaisia ja tasaisia l\u00e4mp\u00f6kuvia, jotka ovat ihanteellisia nopeasti liikkuvien kohteiden reaaliaikaiseen seurantaan. Edistynyt Reality+-kuvank\u00e4sittelymenetelm\u00e4 parantaa t\u00e4t\u00e4 edelleen poistamalla ymp\u00e4rist\u00f6n l\u00e4mp\u00f6melun, tarjoten erinomaiset kontrastin ja selkeyden my\u00f6s haastavissa mets\u00e4stysolosuhteissa.<\/p>\n<p>ACE H50R on varustettu 50 mm:n\/F0.9 linssill\u00e4, joka mahdollistaa 20 % enemm\u00e4n valoa sensorille, luoden kirkkaampia ja selke\u00e4mpi\u00e4 kuvia. T\u00e4m\u00e4 on olennaista mets\u00e4st\u00e4jille, jotka pyrkiv\u00e4t tarkkuuteen, sill\u00e4 parantunut valonsiirto tarjoaa paremman n\u00e4kyvyyden heikossa valaistuksessa. Lis\u00e4ksi 3100 metrin tunnistusalue erottaa ACE:n, tehden kaukaisten kohteiden tunnistamisen ja seurannan helpommaksi ja tehokkaammaksi kuin koskaan.<\/p>\n<p>Integroitu Vision+ -j\u00e4rjestelm\u00e4 parantaa visuaalista kokemusta 1,03 tuuman py\u00f6re\u00e4ll\u00e4 AMOLED-n\u00e4yt\u00f6ll\u00e4, jonka resoluutio on 2560&#215;2560. Sen optinen zoomausj\u00e4rjestelm\u00e4, joka on suunniteltu v\u00e4ltt\u00e4m\u00e4\u00e4n tyypillisesti elektronisiin zoomeihin liittyv\u00e4\u00e4 sumenemista ja v\u00e4\u00e4ristymi\u00e4, varmistaa, ett\u00e4 mets\u00e4st\u00e4j\u00e4t voivat nauttia selkeist\u00e4, korkearesoluutioisista l\u00e4hikuvista menett\u00e4m\u00e4tt\u00e4 yksityiskohtia. T\u00e4m\u00e4 tarjoaa immersiivisen ja mukavan katselukokemuksen, olipa kyse saaliiden tarkkailusta et\u00e4\u00e4lt\u00e4 tai tarkkuusmaalittamisesta l\u00e4hemp\u00e4\u00e4.<\/p>\n<p>Kentt\u00e4k\u00e4ytt\u00f6\u00f6n suunniteltu, ACE sis\u00e4lt\u00e4\u00e4 kaksoisakku-j\u00e4rjestelm\u00e4n, jossa on sis\u00e4\u00e4nrakennettu 4000 mAh:n akku ja lis\u00e4ksi irrotettava 18650-akku, mahdollistaen keskeytym\u00e4tt\u00f6m\u00e4n toiminnan pitkien mets\u00e4stysretkien aikana. Kest\u00e4v\u00e4 rakenne, joka on valmistettu vahvasta alumiiniseoksesta, takaa, ett\u00e4 ACE kest\u00e4\u00e4 kovia ulko-olosuhteita ja raskasta k\u00e4ytt\u00f6\u00e4, sill\u00e4 se on l\u00e4p\u00e4issyt vaativat iskunkest\u00e4vyystestit. IP67-luokituksen ansiosta kiikari pysyy luotettavana ep\u00e4suotuisissa s\u00e4\u00e4olosuhteissa, tarjoten mets\u00e4st\u00e4jille rauhaa mieless\u00e4 ymp\u00e4rist\u00f6st\u00e4 riippumatta.<\/p>\n<p>Mets\u00e4st\u00e4ji\u00e4 silm\u00e4ll\u00e4 pit\u00e4en suunniteltuna, Nocpix ACE H50R sis\u00e4lt\u00e4\u00e4 olennaisia ominaisuuksia, kuten t\u00e4rin\u00e4\u00e4n reagoivan videotallennuksen ja sulkimettoman suunnittelun vaivattomaan k\u00e4ytt\u00f6\u00f6n kent\u00e4ll\u00e4. K\u00e4ytt\u00e4j\u00e4yst\u00e4v\u00e4llisten lis\u00e4ominaisuuksien, kuten tarkennus-s\u00e4\u00e4timen, lataussuojuksen ja suoraan Galleria-ominaisuudessa toistettavien videoiden ansiosta, t\u00e4m\u00e4 kiikari yhdist\u00e4\u00e4 korkean suorituskyvyn mukavuuteen optimaalista mets\u00e4styskokemusta varten.<\/p>\n","protected":false},"excerpt":{"rendered":"<p>Nocpix ACE H50R termiikkikiikari yhdist\u00e4\u00e4 edistyneen 640&#215;512 12um anturin, 3100 m havaitsemisen ja integroidun et\u00e4isyysmittarin ennenn\u00e4kem\u00e4tt\u00f6m\u00e4\u00e4n mets\u00e4stykseen.<\/p>\n","protected":false},"featured_media":686969,"template":"","meta":{"_acf_changed":false},"product_brand":[14454],"product_cat":[16072],"product_tag":[],"class_list":{"0":"post-686834","1":"product","2":"type-product","3":"status-publish","4":"has-post-thumbnail","6":"product_brand-nocpix","7":"product_cat-thermal-cameras-fi","9":"first","10":"instock","11":"taxable","12":"shipping-taxable","13":"purchasable","14":"product-type-simple"},"acf":[],"_links":{"self":[{"href":"https:\/\/nbg.eu\/fi\/wp-json\/wp\/v2\/product\/686834","targetHints":{"allow":["GET"]}}],"collection":[{"href":"https:\/\/nbg.eu\/fi\/wp-json\/wp\/v2\/product"}],"about":[{"href":"https:\/\/nbg.eu\/fi\/wp-json\/wp\/v2\/types\/product"}],"wp:featuredmedia":[{"embeddable":true,"href":"https:\/\/nbg.eu\/fi\/wp-json\/wp\/v2\/media\/686969"}],"wp:attachment":[{"href":"https:\/\/nbg.eu\/fi\/wp-json\/wp\/v2\/media?parent=686834"}],"wp:term":[{"taxonomy":"product_brand","embeddable":true,"href":"https:\/\/nbg.eu\/fi\/wp-json\/wp\/v2\/product_brand?post=686834"},{"taxonomy":"product_cat","embeddable":true,"href":"https:\/\/nbg.eu\/fi\/wp-json\/wp\/v2\/product_cat?post=686834"},{"taxonomy":"product_tag","embeddable":true,"href":"https:\/\/nbg.eu\/fi\/wp-json\/wp\/v2\/product_tag?post=686834"}],"curies":[{"name":"wp","href":"https:\/\/api.w.org\/{rel}","templated":true}]}}