{"id":686991,"date":"2025-12-18T18:25:22","date_gmt":"2025-12-18T15:25:22","guid":{"rendered":"https:\/\/nbg.eu\/product\/lampokamera-nocpix-bolt-l35r\/"},"modified":"2026-02-27T15:50:53","modified_gmt":"2026-02-27T12:50:53","slug":"lampokamera-nocpix-bolt-l35r","status":"publish","type":"product","link":"https:\/\/nbg.eu\/fi\/tuote\/lampokamera-nocpix-bolt-l35r\/","title":{"rendered":"L\u00e4mp\u00f6kamera Nocpix Bolt L35R"},"content":{"rendered":"<h2>T\u00e4ydellinen alku y\u00f6h\u00e4vityksellesi: Nocpix Bolt L35R -l\u00e4mp\u00f6kamera<\/h2>\n<p>Suunniteltu aloitteleville k\u00e4ytt\u00e4jille, jotka kaipaavat selkeytt\u00e4, kaikkeen k\u00e4yv\u00e4\u00e4 k\u00e4yt\u00e4nn\u00f6llisyytt\u00e4 ja luottamusta alusta alkaen, Nocpix BOLT yhdist\u00e4\u00e4 ter\u00e4v\u00e4n l\u00e4mp\u00f6kuvauksen, sis\u00e4\u00e4nrakennetun kaukomitta-anturin ja \u00e4lykk\u00e4it\u00e4 ballistisia ty\u00f6kaluja kompaktissa ja helppok\u00e4ytt\u00f6isess\u00e4 muotoilussa &#8211; antaen uusille mets\u00e4st\u00e4jille juuri sen, mit\u00e4 he tarvitsevat \u00e4lykk\u00e4\u00e4seen mets\u00e4stykseen ja varmaan ammuntaan.<\/p>\n<h2>N\u00e4e selke\u00e4sti, tunnista tarkasti<\/h2>\n<p>Ep\u00e4selv\u00e4t kuvat ja vaikeasti havaittavat kohteet ovat yleinen ongelma uusille l\u00e4mp\u00f6kiikarik\u00e4ytt\u00e4jille, varsinkin pime\u00e4ss\u00e4. Sen vuoksi BOLT on varustettu omavalmisteisella l\u00e4mp\u00f6sensorilla, jonka NETD on \u226420 mK ja kuvataajuus on 50 Hz, mik\u00e4 antaa sinulle tasaisia, korkearesoluutioisia kuvia, jopa vaikeissa olosuhteissa. Todellisuuden+ kuvank\u00e4sittelyalgoritmiimme tukeutuen BOLT puhkoo sumun, pensaat ja pimeyden tarjoten ter\u00e4v\u00e4\u00e4 n\u00e4kyvyytt\u00e4 ja luotettavaa maalin tunnistusta.<\/p>\n<h2>Pysy kevyen\u00e4, pysy keskittyneen\u00e4<\/h2>\n<p>Uutena mets\u00e4st\u00e4j\u00e4n\u00e4, varsinkin kun olet viel\u00e4 totuttelemassa liikkumaan hiljaa ja pysym\u00e4\u00e4n keskittyneen\u00e4. Siksi Nocpix BOLT pit\u00e4\u00e4 asiat yksinkertaisina. Sen painaessa vain 880 grammaa ja kompaktin, virtaviivaisen suunnittelunsa ansiosta se on helppo kantaa, kiinnitt\u00e4\u00e4 ja k\u00e4ytt\u00e4\u00e4, jopa pitkill\u00e4 mets\u00e4stysretkill\u00e4.<\/p>\n<h2>Tunne matka, mets\u00e4st\u00e4 luottavaisesti<\/h2>\n<p>Uusille mets\u00e4st\u00e4jille et\u00e4isyyden arvioiminen voi olla vaikeaa, ja ep\u00e4onnistuneet laukaukset voivat horjuttaa heid\u00e4n luottamustaan. BOLT poistaa ampumisen tuoman stressin sis\u00e4\u00e4nrakennetulla 1 200 metrin laserkaukomittarilla ja \u00e4lykk\u00e4\u00e4ll\u00e4 ballistisella laskurilla. Saat tarkat et\u00e4isyyslukemia ja v\u00e4lit\u00f6nt\u00e4 t\u00e4ht\u00e4ystukea, joka auttaa sinua osumaan joka laukaukseen oikeaan paikkaan. Alkaen ensimm\u00e4isest\u00e4 mets\u00e4styksest\u00e4si, BOLT antaa aloittelijoille tarvittavan edun ampua \u00e4lykk\u00e4\u00e4mmin ja johdonmukaisemmin.<\/p>\n<h2>Mets\u00e4st\u00e4 koko p\u00e4iv\u00e4 ilman huolta virrankulutuksesta<\/h2>\n<p>Akun loppuminen mets\u00e4styksen aikana on painajainen kaikille uusille mets\u00e4st\u00e4jille. Siksi BOLT on suunniteltu kaksoisakkuj\u00e4rjestelm\u00e4ll\u00e4 &#8211; pitk\u00e4kestoinen 5000 mAh:n sis\u00e4\u00e4nrakennettu akku sek\u00e4 irrotettava 18650-varmuusakku. Kokonaiskapasiteettina 9000 mAh, saat jopa 12 tuntia yht\u00e4jaksoista k\u00e4ytt\u00f6\u00e4. Ei stressi\u00e4, ei keskeytyksi\u00e4 &#8211; vain virta, joka on mukanasi auringonnoususta aina auringonlaskuun.<\/p>\n<h2>\u00c4lyk\u00e4s varustus, sitoutunut mets\u00e4stys<\/h2>\n<p>Aloittelijoille uuteen varustukseen tottuminen voi olla hankalaa. BOLT tekee prosessista helpon mukautuvilla ristikkoviivoilla, s\u00e4\u00e4dett\u00e4vill\u00e4 ammunta-asetuksilla ja seitsem\u00e4ll\u00e4 v\u00e4ripaletilla, jotka sopivat erilaisiin ymp\u00e4rist\u00f6ihin. Lis\u00e4ksi saumaton sovellustoimivuus mahdollistaa sinulle r\u00e4\u00e4t\u00e4l\u00f6idyn asetuksen ja seikkailujen jakamisen, tehden jokaisesta mets\u00e4styksest\u00e4 \u00e4lyk\u00e4st\u00e4, mutta my\u00f6s hauskempaa ja palkitsevampaa.<\/p>\n<h2>Kest\u00e4v\u00e4 rakenne, luotettava suorituskyky<\/h2>\n<p>Kun olet vasta aloittelija, viimeinen asia, josta haluat huolehtia, on varustuksesi rikkoutuminen maastossa. BOLT on rakennettu kest\u00e4v\u00e4ksi j\u00e4yk\u00e4ll\u00e4 yksiosaisen alumiinirungon ja IP67-p\u00f6ly- ja vesisuojauksen ansiosta. Se on testattu kest\u00e4m\u00e4\u00e4n putoamisia ja kovaa takapotkua, joten se pysyy luotettavana ja tarkkanaan, olipa olosuhteet millaisia tahansa.<\/p>\n","protected":false},"excerpt":{"rendered":"<p>L\u00e4mp\u00f6kamera Nocpix Bolt L35R tarjoaa tarkan l\u00e4mp\u00f6kuvan, sis\u00e4\u00e4nrakennetun et\u00e4isyysmittarin ja \u00e4lykk\u00e4\u00e4t ballistiset ty\u00f6kalut kompaktissa ja helppok\u00e4ytt\u00f6isess\u00e4 muotoilussa uusille y\u00f6pyydyst\u00e4jille.<\/p>\n<p>Jos tuote ei ole saatavilla, ota meihin yhteytt\u00e4: shop@nbg.eu tai +359896147790<\/p>\n","protected":false},"featured_media":687363,"template":"","meta":{"_acf_changed":false},"product_brand":[14454],"product_cat":[2876],"product_tag":[],"class_list":{"0":"post-686991","1":"product","2":"type-product","3":"status-publish","4":"has-post-thumbnail","6":"product_brand-nocpix","7":"product_cat-rahohvatki","9":"first","10":"instock","11":"taxable","12":"shipping-taxable","13":"purchasable","14":"product-type-simple"},"acf":[],"_links":{"self":[{"href":"https:\/\/nbg.eu\/fi\/wp-json\/wp\/v2\/product\/686991","targetHints":{"allow":["GET"]}}],"collection":[{"href":"https:\/\/nbg.eu\/fi\/wp-json\/wp\/v2\/product"}],"about":[{"href":"https:\/\/nbg.eu\/fi\/wp-json\/wp\/v2\/types\/product"}],"wp:featuredmedia":[{"embeddable":true,"href":"https:\/\/nbg.eu\/fi\/wp-json\/wp\/v2\/media\/687363"}],"wp:attachment":[{"href":"https:\/\/nbg.eu\/fi\/wp-json\/wp\/v2\/media?parent=686991"}],"wp:term":[{"taxonomy":"product_brand","embeddable":true,"href":"https:\/\/nbg.eu\/fi\/wp-json\/wp\/v2\/product_brand?post=686991"},{"taxonomy":"product_cat","embeddable":true,"href":"https:\/\/nbg.eu\/fi\/wp-json\/wp\/v2\/product_cat?post=686991"},{"taxonomy":"product_tag","embeddable":true,"href":"https:\/\/nbg.eu\/fi\/wp-json\/wp\/v2\/product_tag?post=686991"}],"curies":[{"name":"wp","href":"https:\/\/api.w.org\/{rel}","templated":true}]}}