{"id":687715,"date":"2026-01-08T18:14:10","date_gmt":"2026-01-08T15:14:10","guid":{"rendered":"https:\/\/nbg.eu\/product\/lumi-h35-lampokamera\/"},"modified":"2026-04-14T15:53:44","modified_gmt":"2026-04-14T12:53:44","slug":"lumi-h35-lampokamera","status":"publish","type":"product","link":"https:\/\/nbg.eu\/fi\/tuote\/lumi-h35-lampokamera\/","title":{"rendered":"Nocpix L\u00e4mp\u00f6monokulaari LUMI H35"},"content":{"rendered":"<h2>Nocpix LUMI H35: Korvaamaton kumppani kaikkiin k\u00e4ytt\u00f6kohteisiin<\/h2>\n<p>LUMI-l\u00e4mp\u00f6kamerasarja on suunniteltu sek\u00e4 p\u00e4iv\u00e4- ett\u00e4 y\u00f6k\u00e4ytt\u00f6\u00f6n ja tarjoaa sinulle erinomaisen kuvanlaadun jopa vaikeissa s\u00e4\u00e4olosuhteissa, kuten sumussa, savussa tai sateessa. Jopa jos esteet, kuten oksat, korkea ruoho tai tihe\u00e4 kasvillisuus, vaikeuttavat n\u00e4kemist\u00e4, t\u00e4m\u00e4 teknologia mahdollistaa sen, ett\u00e4 n\u00e4et aina selke\u00e4sti edess\u00e4si olevan. Ne ovat my\u00f6s niin kompakteja ja kevyit\u00e4, ett\u00e4 voit helposti kuljettaa niit\u00e4 mukanasi kaikkialle.<\/p>\n<p>LUMI-l\u00e4mp\u00f6kamerat sopivat erinomaisesti erilaisiin k\u00e4ytt\u00f6tarkoituksiin, kuten mets\u00e4stykseen, valvontaan, turvallisuuteen, maastosuunnistukseen tai etsint\u00e4- ja pelastustoimintaan.<\/p>\n<h2>Vertaansa vailla oleva kuvanlaatu ter\u00e4viin kuviin<\/h2>\n<p>LUMI-sarja asettaa uudet standardit kuulalaatuun. Varustettuina edistyneimmill\u00e4 kuvank\u00e4sittelymenetelmill\u00e4 ja tehokkaalla l\u00e4mp\u00f6anturilla, jossa NETD &lt; 18 mK, kamera tuottaa ter\u00e4vi\u00e4 ja realistisia kuvia. AMOLED-n\u00e4ytt\u00f6 1024 x 768 pikselin tarkkuudella takaa erinomaisen kuvanlaadun, ja Ultra Clear -tila optimoi kuvanselkeytt\u00e4 entisest\u00e4\u00e4n erityisesti vaikeissa s\u00e4\u00e4olosuhteissa.<\/p>\n<h2>Personoitu katselukokemus &#8211; mukauta laitteesi t\u00e4ydellisesti<\/h2>\n<p>Suuren 640 x 512 px -anturin ja monenlaisten s\u00e4\u00e4t\u00f6mahdollisuuksien ansiosta voit s\u00e4\u00e4t\u00e4\u00e4 laitteen t\u00e4ysin omien tarpeidesi mukaiseksi. Valitse 5 v\u00e4ritilaa ja optimoi n\u00e4kym\u00e4si 10 kirkkauden, ter\u00e4vyyden ja kontrastin tason avulla &#8211; jotta mik\u00e4\u00e4n yksityiskohta ei j\u00e4\u00e4 huomaamatta.<\/p>\n<h2>Kokemusten jakaminen on helppoa LUMI-laitteella<\/h2>\n<p>Nykyaikaiselle mets\u00e4st\u00e4j\u00e4lle t\u00e4rkeit\u00e4 ovat erityisten hetkien tallennus. Nocpix LUMI H35 -laitteella voit paitsi k\u00e4tev\u00f6sti jakaa tallenteitasi sovelluksen kautta, my\u00f6s toistaa niit\u00e4 suoraan laitteella &#8211; t\u00e4ydellinen tapa jakaa kokemuksiasi v\u00e4litt\u00f6m\u00e4sti muiden kanssa.<\/p>\n<h2>Joustava k\u00e4ytt\u00f6 vaihdettavan akun ansiosta<\/h2>\n<p>LUMI-sarja on varustettu vakio-18650-akuilla, mik\u00e4 tarjoaa sinulle enimm\u00e4isjoustavuuden. Miss\u00e4 tahansa oletkin, mukana tulevan akkulaturin avulla olet toimintavalmiina hetkess\u00e4 &#8211; ja voit jatkaa teht\u00e4v\u00e4\u00e4si.<\/p>\n","protected":false},"excerpt":{"rendered":"<p>Nocpix LUMI H35: V\u00e4ltt\u00e4m\u00e4t\u00f6n kumppanisi kaikkiin k\u00e4ytt\u00f6tarkoituksiin. 640 sensorilla ja 18 mK:n tarkkuudella, 1024 \u00d7 768 pikselin AMOLED-n\u00e4ytt\u00f6, irrotettava 18650-akku, noin 1800 metrin tunnistusalue, kompakti muotoilu.<\/p>\n<p>Jos tuote ei ole saatavilla, ota meihin yhteytt\u00e4: shop@nbg.eu tai +359896147790<\/p>\n<p>\n","protected":false},"featured_media":687795,"template":"","meta":{"_acf_changed":false},"product_brand":[14454],"product_cat":[13196,16071],"product_tag":[],"class_list":{"0":"post-687715","1":"product","2":"type-product","3":"status-publish","4":"has-post-thumbnail","6":"product_brand-nocpix","7":"product_cat-laempoekamera","8":"product_cat-monoculars-fi","10":"first","11":"instock","12":"taxable","13":"shipping-taxable","14":"purchasable","15":"product-type-simple"},"acf":[],"_links":{"self":[{"href":"https:\/\/nbg.eu\/fi\/wp-json\/wp\/v2\/product\/687715","targetHints":{"allow":["GET"]}}],"collection":[{"href":"https:\/\/nbg.eu\/fi\/wp-json\/wp\/v2\/product"}],"about":[{"href":"https:\/\/nbg.eu\/fi\/wp-json\/wp\/v2\/types\/product"}],"wp:featuredmedia":[{"embeddable":true,"href":"https:\/\/nbg.eu\/fi\/wp-json\/wp\/v2\/media\/687795"}],"wp:attachment":[{"href":"https:\/\/nbg.eu\/fi\/wp-json\/wp\/v2\/media?parent=687715"}],"wp:term":[{"taxonomy":"product_brand","embeddable":true,"href":"https:\/\/nbg.eu\/fi\/wp-json\/wp\/v2\/product_brand?post=687715"},{"taxonomy":"product_cat","embeddable":true,"href":"https:\/\/nbg.eu\/fi\/wp-json\/wp\/v2\/product_cat?post=687715"},{"taxonomy":"product_tag","embeddable":true,"href":"https:\/\/nbg.eu\/fi\/wp-json\/wp\/v2\/product_tag?post=687715"}],"curies":[{"name":"wp","href":"https:\/\/api.w.org\/{rel}","templated":true}]}}