{"id":687824,"date":"2026-01-08T18:13:58","date_gmt":"2026-01-08T15:13:58","guid":{"rendered":"https:\/\/nbg.eu\/product\/lampokamera-ace-s60r\/"},"modified":"2026-04-14T15:53:50","modified_gmt":"2026-04-14T12:53:50","slug":"lampokamera-ace-s60r","status":"publish","type":"product","link":"https:\/\/nbg.eu\/fi\/tuote\/lampokamera-ace-s60r\/","title":{"rendered":"Nocpix L\u00e4mp\u00f6kamera ACE S60R"},"content":{"rendered":"<h2>Tuotekuvaus<\/h2>\n<p>Nocpix ACE S60R -l\u00e4mp\u00f6kaukoputki on uusi, huipputeknologinen ty\u00f6kalu, joka on suunniteltu huippumets\u00e4st\u00e4jille, jotka vaativat parasta suorituskyky\u00e4 haastavimmissakin olosuhteissa. Uusimman teknologian ja kest\u00e4v\u00e4n rakenteen ansiosta t\u00e4m\u00e4 johtava l\u00e4mp\u00f6kaukoputki on suunniteltu auttamaan sinua hallitsemaan y\u00f6t\u00e4 ja kesytt\u00e4m\u00e4\u00e4n el\u00e4imet. Olipa kyse pitk\u00e4n matkan saaliin tarkkailusta tai nopeasti liikkuvien kohteiden seurannasta, ACE S60R tarjoaa vertaansa vailla olevaa tarkkuutta, tarkkuutta ja luotettavuutta.<\/p>\n<p>T\u00e4m\u00e4n poikkeuksellisen kaukoputken syd\u00e4men\u00e4 on toisen sukupolven HD-l\u00e4mp\u00f6sensori, jossa on 1280\u00d71024 resoluutio ja eritt\u00e4in herkk\u00e4 NETD \u226415mK. T\u00e4m\u00e4n uuden sukupolven anturi mahdollistaa sen, ett\u00e4 ACE S60R voi havaita jopa pienimm\u00e4tkin l\u00e4mp\u00f6tilamuutokset ja tuottaa reaaliaikaisia, tarkkoja l\u00e4mp\u00f6kuvia. 50 Hz:n kuvantuottotaajuuden ansiosta kaukoputki tarjoaa sujuvia kuvia, jotka pysyv\u00e4t kohteen nopeuden tasalla, mik\u00e4 mahdollistaa tarkan lukittumisen.<\/p>\n<p>Nocpix ACE S60R on my\u00f6s varustettu 60 mm:n\/F1,0-objektiivilla, joka ker\u00e4\u00e4 20 % enemm\u00e4n valoa kuin tavalliset kaukoputket, mik\u00e4 takaa kirkkaammat ja selke\u00e4mm\u00e4t kuvat jopa kaikkein pimeimmiss\u00e4 olosuhteissa. Sen erinomainen pitk\u00e4n kantaman havaitsemiskyky jopa 3100 metriin mahdollistaa kaukaisten kohteiden helpon tunnistamisen ja seurannan, mik\u00e4 on kriittinen etu pitk\u00e4n matkan mets\u00e4stys- ja ammuntaskenaarioissa. Yhdistettyn\u00e4 Nocpixin yksinoikeudelliseen Reality+ -kuvanprosessointialgoritmiin ACE S60R v\u00e4hent\u00e4\u00e4 huomattavasti ymp\u00e4rist\u00f6n h\u00e4iri\u00f6it\u00e4, tarjoten joka kerta tarkkoja, korkean kontrastin kuvia.<\/p>\n<p>Niille, jotka haluavat viel\u00e4 enemm\u00e4n visuaalista selkeytt\u00e4, ACE S60R on varustettu innovatiivisella Vision+ -j\u00e4rjestelm\u00e4ll\u00e4. Py\u00f6re\u00e4 1,03-tuumainen 2560\u00d72560 AMOLED-n\u00e4ytt\u00f6 yhdess\u00e4 alan johtavan okulaarimagnifoinnin kanssa tarjoaa vertaansa vailla olevan optisen suurennuksen ilman tyyppillisesti s\u00e4hk\u00f6iseen zoomaukseen liittyv\u00e4\u00e4 sumennusta tai v\u00e4\u00e4ristym\u00e4\u00e4. T\u00e4m\u00e4 l\u00e4pimurtoteknologia varmistaa, ett\u00e4 saat kristallinkirkkaan n\u00e4kym\u00e4n ja laajan katselukulman riippumatta siit\u00e4, l\u00e4hestyt\u00e4tk\u00f6 kohdettasi vai tarkkailetko ymp\u00e4rist\u00f6\u00e4si.<\/p>\n<p>Tarkkuus on avainasemassa mets\u00e4styksess\u00e4, eik\u00e4 ACE S60R pety. Sen sis\u00e4\u00e4nrakennettu laserkaukomittari (LRF) tarjoaa tarkat mittaukset jopa 1200 metrin et\u00e4isyyksille. LRF on sulautettu saumattomasti tyylikk\u00e4\u00e4seen suunnitteluun, s\u00e4ilytt\u00e4en optisen akselin kohdistuksen samalla, kun mahdollistaa tarkkoja et\u00e4isyyslaskelmia h\u00e4iritsem\u00e4tt\u00e4 tarkennusta. Sis\u00e4\u00e4nrakennetun ballistiikkalaskennan ansiosta ACE S60R varmistaa, ett\u00e4 laukaisusi ovat tarkkoja, ottaen huomioon jokaisen tekij\u00e4n t\u00e4ydellisen tarkkuuden takaamiseksi.<\/p>\n<p>Mets\u00e4st\u00e4jien tarpeisiin suunniteltu Nocpix ACE S60R on varustettu kaksoisakkuj\u00e4rjestelm\u00e4ll\u00e4, jossa on sis\u00e4\u00e4nrakennettu 4000 mAh akku ja irrotettava 18650-akku, mahdollistaen pitk\u00e4n k\u00e4ytt\u00f6ajan maastossa. Ei en\u00e4\u00e4 huolta tehon loppumisesta kesken mets\u00e4styksen &#8211; t\u00e4m\u00e4 j\u00e4rjestelm\u00e4 on suunniteltu kest\u00e4m\u00e4\u00e4n niin kauan kuin seikkailusi. Lis\u00e4ominaisuudet, kuten automaattinen n\u00e4yt\u00f6n sammutus, t\u00e4rin\u00e4n laukaisema videointi ja suojukseton suunnittelu, tekev\u00e4t t\u00e4st\u00e4 l\u00e4mp\u00f6kaukoputkesta todellisen pelin muuttajan maastossa.<\/p>\n<p>Suunniteltu kest\u00e4m\u00e4\u00e4n \u00e4\u00e4rimm\u00e4isimm\u00e4t ulko-olosuhteet, ACE S60R on valmistettu korkealujuuksisesta alumiiniseoksesta, jota on testattu perusteellisesti siet\u00e4m\u00e4\u00e4n \u00e4\u00e4rimm\u00e4isi\u00e4 iskuja ja kovia k\u00e4sittely\u00e4. IP67-luokituksen ansiosta se toimii moitteettomasti sateessa, p\u00f6lyss\u00e4 ja haastavissa ymp\u00e4rist\u00f6iss\u00e4, varmistaen, ett\u00e4 kaukoputkesi on yht\u00e4 kest\u00e4v\u00e4 kuin mets\u00e4st\u00e4j\u00e4vaistonsa.<\/p>\n<p>Nocpix ACE S60R on paljon enemm\u00e4n kuin pelkk\u00e4 l\u00e4mp\u00f6kaukoputki &#8211; se on mets\u00e4styksen lopullinen kumppani. Huipputeknologian, poikkeuksellisen kest\u00e4vyyden ja edistyneiden ominaisuuksien ansiosta, jotka on suunniteltu parantamaan mets\u00e4styskokemustasi, t\u00e4m\u00e4 kaukoputki tulee m\u00e4\u00e4rittelem\u00e4\u00e4n uudelleen, mit\u00e4 odotat varusteeltasi. Valmistaudu hallitsemaan y\u00f6t\u00e4.<\/p>\n","protected":false},"excerpt":{"rendered":"<p>Nocpix ACE S60R L\u00e4mp\u00f6kiikarit ovat huipputason ty\u00f6kalu ammattimets\u00e4st\u00e4jille, tarjoten erinomaisen selkeyden, tarkkuuden ja luotettavuuden haastavimmissa ymp\u00e4rist\u00f6iss\u00e4. Sen Gen-2 HD l\u00e4mp\u00f6sensori, 60 mm\/F1.0 linssi ja kehittynyt Vision+ -j\u00e4rjestelm\u00e4 tarjoavat erinomaisen kuvanlaadun, samalla kun integroitu laser-et\u00e4isyysmittari, ballistinen laskenta ja kaksoisakkuj\u00e4rjestelm\u00e4 tarjoavat tarkkuutta ja pidempikestoista k\u00e4ytt\u00f6\u00e4. Kest\u00e4v\u00e4st\u00e4 alumiiniseoksesta valmistettu ja IP67-luokiteltu ACE S60R on suunniteltu kest\u00e4m\u00e4\u00e4n vaativimmatkin olosuhteet.<\/p>\n<p>Jos tuote ei ole saatavilla, ota meihin yhteytt\u00e4: shop@nbg.eu tai +359896147790<\/p>\n","protected":false},"featured_media":687936,"template":"","meta":{"_acf_changed":false},"product_brand":[14454],"product_cat":[16072],"product_tag":[],"class_list":{"0":"post-687824","1":"product","2":"type-product","3":"status-publish","4":"has-post-thumbnail","6":"product_brand-nocpix","7":"product_cat-thermal-cameras-fi","9":"first","10":"instock","11":"taxable","12":"shipping-taxable","13":"purchasable","14":"product-type-simple"},"acf":[],"_links":{"self":[{"href":"https:\/\/nbg.eu\/fi\/wp-json\/wp\/v2\/product\/687824","targetHints":{"allow":["GET"]}}],"collection":[{"href":"https:\/\/nbg.eu\/fi\/wp-json\/wp\/v2\/product"}],"about":[{"href":"https:\/\/nbg.eu\/fi\/wp-json\/wp\/v2\/types\/product"}],"wp:featuredmedia":[{"embeddable":true,"href":"https:\/\/nbg.eu\/fi\/wp-json\/wp\/v2\/media\/687936"}],"wp:attachment":[{"href":"https:\/\/nbg.eu\/fi\/wp-json\/wp\/v2\/media?parent=687824"}],"wp:term":[{"taxonomy":"product_brand","embeddable":true,"href":"https:\/\/nbg.eu\/fi\/wp-json\/wp\/v2\/product_brand?post=687824"},{"taxonomy":"product_cat","embeddable":true,"href":"https:\/\/nbg.eu\/fi\/wp-json\/wp\/v2\/product_cat?post=687824"},{"taxonomy":"product_tag","embeddable":true,"href":"https:\/\/nbg.eu\/fi\/wp-json\/wp\/v2\/product_tag?post=687824"}],"curies":[{"name":"wp","href":"https:\/\/api.w.org\/{rel}","templated":true}]}}